{"id":1058,"date":"2018-02-14T09:30:36","date_gmt":"2018-02-14T09:30:36","guid":{"rendered":"http:\/\/associationepireuil.fr\/?page_id=1058"},"modified":"2021-03-19T14:29:59","modified_gmt":"2021-03-19T14:29:59","slug":"action-confiboc-partageure","status":"publish","type":"page","link":"https:\/\/associationepireuil.fr\/?page_id=1058","title":{"rendered":"Confiboc Partag&rsquo;Eure"},"content":{"rendered":"\t\t<div data-elementor-type=\"wp-page\" data-elementor-id=\"1058\" class=\"elementor elementor-1058\">\n\t\t\t\t\t\t<section class=\"elementor-section elementor-top-section elementor-element elementor-element-87e642d elementor-section-boxed elementor-section-height-default elementor-section-height-default\" data-id=\"87e642d\" data-element_type=\"section\">\n\t\t\t\t\t\t<div class=\"elementor-container elementor-column-gap-default\">\n\t\t\t\t\t<div class=\"elementor-column elementor-col-100 elementor-top-column elementor-element elementor-element-1b65e09\" data-id=\"1b65e09\" data-element_type=\"column\">\n\t\t\t<div class=\"elementor-widget-wrap elementor-element-populated\">\n\t\t\t\t\t\t<div class=\"elementor-element elementor-element-3080cd5 elementor-widget elementor-widget-text-editor\" data-id=\"3080cd5\" data-element_type=\"widget\" data-widget_type=\"text-editor.default\">\n\t\t\t\t<div class=\"elementor-widget-container\">\n\t\t\t\t\t\t\t<p><a href=\"http:\/\/associationepireuil.fr\/wp-content\/uploads\/2018\/03\/banderole-confiboc-v2.jpg\"><img fetchpriority=\"high\" decoding=\"async\" class=\"aligncenter wp-image-1151 size-full\" src=\"https:\/\/associationepireuil.fr\/wp-content\/uploads\/2018\/03\/banderole-confiboc-v2.jpg\" alt=\"\" width=\"755\" height=\"226\" srcset=\"https:\/\/associationepireuil.fr\/wp-content\/uploads\/2018\/03\/banderole-confiboc-v2.jpg 755w, https:\/\/associationepireuil.fr\/wp-content\/uploads\/2018\/03\/banderole-confiboc-v2-300x90.jpg 300w\" sizes=\"(max-width: 755px) 100vw, 755px\" \/><\/a><\/p>\t\t\t\t\t\t<\/div>\n\t\t\t\t<\/div>\n\t\t\t\t\t<\/div>\n\t\t<\/div>\n\t\t\t\t\t<\/div>\n\t\t<\/section>\n\t\t\t\t<section class=\"elementor-section elementor-top-section elementor-element elementor-element-44cde95 elementor-section-boxed elementor-section-height-default elementor-section-height-default\" data-id=\"44cde95\" data-element_type=\"section\">\n\t\t\t\t\t\t<div class=\"elementor-container elementor-column-gap-default\">\n\t\t\t\t\t<div class=\"elementor-column elementor-col-100 elementor-top-column elementor-element elementor-element-5a1edbe\" data-id=\"5a1edbe\" data-element_type=\"column\">\n\t\t\t<div class=\"elementor-widget-wrap elementor-element-populated\">\n\t\t\t\t\t\t<div class=\"elementor-element elementor-element-ed4fabe elementor-widget elementor-widget-heading\" data-id=\"ed4fabe\" data-element_type=\"widget\" data-widget_type=\"heading.default\">\n\t\t\t\t<div class=\"elementor-widget-container\">\n\t\t\t<h2 class=\"elementor-heading-title elementor-size-default\">Qu'est-ce que Confiboc Partag'Eure ?<\/h2>\t\t<\/div>\n\t\t\t\t<\/div>\n\t\t\t\t\t<\/div>\n\t\t<\/div>\n\t\t\t\t\t<\/div>\n\t\t<\/section>\n\t\t\t\t<section class=\"elementor-section elementor-top-section elementor-element elementor-element-5af8a96 elementor-section-boxed elementor-section-height-default elementor-section-height-default\" data-id=\"5af8a96\" data-element_type=\"section\">\n\t\t\t\t\t\t<div class=\"elementor-container elementor-column-gap-default\">\n\t\t\t\t\t<div class=\"elementor-column elementor-col-100 elementor-top-column elementor-element elementor-element-d8ef598\" data-id=\"d8ef598\" data-element_type=\"column\">\n\t\t\t<div class=\"elementor-widget-wrap elementor-element-populated\">\n\t\t\t\t\t\t<div class=\"elementor-element elementor-element-4798e58 elementor-widget elementor-widget-text-editor\" data-id=\"4798e58\" data-element_type=\"widget\" data-widget_type=\"text-editor.default\">\n\t\t\t\t<div class=\"elementor-widget-container\">\n\t\t\t\t\t\t\t<p>Le projet Confiboc Partag&rsquo;Eure, n\u00e9 en 2017, est une initiative de l&rsquo;Association Epireuil visant \u00e0 lutter contre le <a href=\"https:\/\/associationepireuil.fr\/?page_id=743\" target=\"_blank\" rel=\"noopener\">gaspillage<\/a> et les pertes alimentaires.<\/p><p>A cet effet, l&rsquo;association :\u00a0<\/p><ul><li>sensibilise les particuliers au don de leurs exc\u00e9dents de fruits et l\u00e9gumes aux associations alimentaires<\/li><li>appelle \u00e0 donner, dans le cadre de cette op\u00e9ration, les pots de confiture vides\u00a0<\/li><li>transforme en confitures solidaires les exc\u00e9dents de fruits m\u00fbrs ou ab\u00eem\u00e9s issus des dons r\u00e9guliers ou ponctuels de partenaires.<\/li><\/ul>\t\t\t\t\t\t<\/div>\n\t\t\t\t<\/div>\n\t\t\t\t\t<\/div>\n\t\t<\/div>\n\t\t\t\t\t<\/div>\n\t\t<\/section>\n\t\t\t\t<section class=\"elementor-section elementor-top-section elementor-element elementor-element-2f1f073 elementor-section-boxed elementor-section-height-default elementor-section-height-default\" data-id=\"2f1f073\" data-element_type=\"section\">\n\t\t\t\t\t\t<div class=\"elementor-container elementor-column-gap-default\">\n\t\t\t\t\t<div class=\"elementor-column elementor-col-100 elementor-top-column elementor-element elementor-element-8c916a9\" data-id=\"8c916a9\" data-element_type=\"column\">\n\t\t\t<div class=\"elementor-widget-wrap elementor-element-populated\">\n\t\t\t\t\t\t<div class=\"elementor-element elementor-element-eb17489 elementor-widget elementor-widget-spacer\" data-id=\"eb17489\" data-element_type=\"widget\" data-widget_type=\"spacer.default\">\n\t\t\t\t<div class=\"elementor-widget-container\">\n\t\t\t\t\t<div class=\"elementor-spacer\">\n\t\t\t<div class=\"elementor-spacer-inner\"><\/div>\n\t\t<\/div>\n\t\t\t\t<\/div>\n\t\t\t\t<\/div>\n\t\t\t\t\t<\/div>\n\t\t<\/div>\n\t\t\t\t\t<\/div>\n\t\t<\/section>\n\t\t\t\t<section class=\"elementor-section elementor-top-section elementor-element elementor-element-6372d60 elementor-section-boxed elementor-section-height-default elementor-section-height-default\" data-id=\"6372d60\" data-element_type=\"section\">\n\t\t\t\t\t\t<div class=\"elementor-container elementor-column-gap-default\">\n\t\t\t\t\t<div class=\"elementor-column elementor-col-100 elementor-top-column elementor-element elementor-element-7e9e1fe\" data-id=\"7e9e1fe\" data-element_type=\"column\">\n\t\t\t<div class=\"elementor-widget-wrap elementor-element-populated\">\n\t\t\t\t\t\t<div class=\"elementor-element elementor-element-8f5a052 elementor-widget elementor-widget-heading\" data-id=\"8f5a052\" data-element_type=\"widget\" data-widget_type=\"heading.default\">\n\t\t\t\t<div class=\"elementor-widget-container\">\n\t\t\t<h2 class=\"elementor-heading-title elementor-size-default\">Un \u00e9v\u00e9nement aux multiples b\u00e9n\u00e9fices<\/h2>\t\t<\/div>\n\t\t\t\t<\/div>\n\t\t\t\t\t<\/div>\n\t\t<\/div>\n\t\t\t\t\t<\/div>\n\t\t<\/section>\n\t\t\t\t<section class=\"elementor-section elementor-top-section elementor-element elementor-element-3348678 elementor-section-boxed elementor-section-height-default elementor-section-height-default\" data-id=\"3348678\" data-element_type=\"section\">\n\t\t\t\t\t\t<div class=\"elementor-container elementor-column-gap-default\">\n\t\t\t\t\t<div class=\"elementor-column elementor-col-100 elementor-top-column elementor-element elementor-element-f3cede9\" data-id=\"f3cede9\" data-element_type=\"column\">\n\t\t\t<div class=\"elementor-widget-wrap elementor-element-populated\">\n\t\t\t\t\t\t<div class=\"elementor-element elementor-element-e709bc4 elementor-widget elementor-widget-text-editor\" data-id=\"e709bc4\" data-element_type=\"widget\" data-widget_type=\"text-editor.default\">\n\t\t\t\t<div class=\"elementor-widget-container\">\n\t\t\t\t\t\t\t<p>L&rsquo;initiative Confiboc Partag&rsquo;Eure, c&rsquo;est :<\/p><ul><li>une v\u00e9ritable d\u00e9marche partenariale avec des associations d&rsquo;aide alimentaire, collectivit\u00e9s, structures d&rsquo;insertion, centres sociaux rassembl\u00e9s dans un m\u00eame objectif de solidarit\u00e9 et de lutte contre le gaspillage alimentaire ;<\/li><li>un moment de convivialit\u00e9 entre les b\u00e9n\u00e9ficiaires et les b\u00e9n\u00e9voles autour d&rsquo;une m\u00eame finalit\u00e9 ;<\/li><li>une nouvelle ressource gr\u00e2ce \u00e0 la vente de confiture aux particuliers dont les b\u00e9n\u00e9fices serviront \u00e0 l&rsquo;achat de fournitures et de marchandises pour l&rsquo;\u00e9picerie sociale.<\/li><\/ul>\t\t\t\t\t\t<\/div>\n\t\t\t\t<\/div>\n\t\t\t\t\t<\/div>\n\t\t<\/div>\n\t\t\t\t\t<\/div>\n\t\t<\/section>\n\t\t\t\t<section class=\"elementor-section elementor-top-section elementor-element elementor-element-effd59a elementor-section-boxed elementor-section-height-default elementor-section-height-default\" data-id=\"effd59a\" data-element_type=\"section\">\n\t\t\t\t\t\t<div class=\"elementor-container elementor-column-gap-default\">\n\t\t\t\t\t<div class=\"elementor-column elementor-col-100 elementor-top-column elementor-element elementor-element-b396331\" data-id=\"b396331\" data-element_type=\"column\">\n\t\t\t<div class=\"elementor-widget-wrap elementor-element-populated\">\n\t\t\t\t\t\t<div class=\"elementor-element elementor-element-cbad5d2 elementor-widget elementor-widget-heading\" data-id=\"cbad5d2\" data-element_type=\"widget\" data-widget_type=\"heading.default\">\n\t\t\t\t<div class=\"elementor-widget-container\">\n\t\t\t<h2 class=\"elementor-heading-title elementor-size-default\">Vous pouvez nous aider<\/h2>\t\t<\/div>\n\t\t\t\t<\/div>\n\t\t\t\t\t<\/div>\n\t\t<\/div>\n\t\t\t\t\t<\/div>\n\t\t<\/section>\n\t\t\t\t<section class=\"elementor-section elementor-top-section elementor-element elementor-element-c441647 elementor-section-boxed elementor-section-height-default elementor-section-height-default\" data-id=\"c441647\" data-element_type=\"section\">\n\t\t\t\t\t\t<div class=\"elementor-container elementor-column-gap-default\">\n\t\t\t\t\t<div class=\"elementor-column elementor-col-100 elementor-top-column elementor-element elementor-element-bdf8800\" data-id=\"bdf8800\" data-element_type=\"column\">\n\t\t\t<div class=\"elementor-widget-wrap elementor-element-populated\">\n\t\t\t\t\t\t<div class=\"elementor-element elementor-element-daca8f4 elementor-widget elementor-widget-heading\" data-id=\"daca8f4\" data-element_type=\"widget\" data-widget_type=\"heading.default\">\n\t\t\t\t<div class=\"elementor-widget-container\">\n\t\t\t<h3 class=\"elementor-heading-title elementor-size-medium\">Dons de fruits<\/h3>\t\t<\/div>\n\t\t\t\t<\/div>\n\t\t\t\t\t<\/div>\n\t\t<\/div>\n\t\t\t\t\t<\/div>\n\t\t<\/section>\n\t\t\t\t<section class=\"elementor-section elementor-top-section elementor-element elementor-element-632158d elementor-section-boxed elementor-section-height-default elementor-section-height-default\" data-id=\"632158d\" data-element_type=\"section\">\n\t\t\t\t\t\t<div class=\"elementor-container elementor-column-gap-default\">\n\t\t\t\t\t<div class=\"elementor-column elementor-col-100 elementor-top-column elementor-element elementor-element-fb542a2\" data-id=\"fb542a2\" data-element_type=\"column\">\n\t\t\t<div class=\"elementor-widget-wrap elementor-element-populated\">\n\t\t\t\t\t\t<div class=\"elementor-element elementor-element-afa6126 elementor-widget elementor-widget-text-editor\" data-id=\"afa6126\" data-element_type=\"widget\" data-widget_type=\"text-editor.default\">\n\t\t\t\t<div class=\"elementor-widget-container\">\n\t\t\t\t\t\t\t<p>Propri\u00e9taires de jardins ou de vergers, n&rsquo;h\u00e9sitez pas \u00e0 nous contacter pour :<\/p><ul><li>r\u00e9cup\u00e9rer vos exc\u00e9dents de fruits<\/li><li>aider \u00e0 leur r\u00e9colte.<\/li><\/ul>\t\t\t\t\t\t<\/div>\n\t\t\t\t<\/div>\n\t\t\t\t\t<\/div>\n\t\t<\/div>\n\t\t\t\t\t<\/div>\n\t\t<\/section>\n\t\t\t\t<section class=\"elementor-section elementor-top-section elementor-element elementor-element-1a050c9 elementor-section-boxed elementor-section-height-default elementor-section-height-default\" data-id=\"1a050c9\" data-element_type=\"section\">\n\t\t\t\t\t\t<div class=\"elementor-container elementor-column-gap-default\">\n\t\t\t\t\t<div class=\"elementor-column elementor-col-100 elementor-top-column elementor-element elementor-element-c8d15ef\" data-id=\"c8d15ef\" data-element_type=\"column\">\n\t\t\t<div class=\"elementor-widget-wrap elementor-element-populated\">\n\t\t\t\t\t\t<div class=\"elementor-element elementor-element-6f3a1b7 elementor-widget elementor-widget-spacer\" data-id=\"6f3a1b7\" data-element_type=\"widget\" data-widget_type=\"spacer.default\">\n\t\t\t\t<div class=\"elementor-widget-container\">\n\t\t\t\t\t<div class=\"elementor-spacer\">\n\t\t\t<div class=\"elementor-spacer-inner\"><\/div>\n\t\t<\/div>\n\t\t\t\t<\/div>\n\t\t\t\t<\/div>\n\t\t\t\t\t<\/div>\n\t\t<\/div>\n\t\t\t\t\t<\/div>\n\t\t<\/section>\n\t\t\t\t<section class=\"elementor-section elementor-top-section elementor-element elementor-element-292ada9 elementor-section-boxed elementor-section-height-default elementor-section-height-default\" data-id=\"292ada9\" data-element_type=\"section\">\n\t\t\t\t\t\t<div class=\"elementor-container elementor-column-gap-default\">\n\t\t\t\t\t<div class=\"elementor-column elementor-col-100 elementor-top-column elementor-element elementor-element-83b38ee\" data-id=\"83b38ee\" data-element_type=\"column\">\n\t\t\t<div class=\"elementor-widget-wrap elementor-element-populated\">\n\t\t\t\t\t\t<div class=\"elementor-element elementor-element-8e4f704 elementor-widget elementor-widget-heading\" data-id=\"8e4f704\" data-element_type=\"widget\" data-widget_type=\"heading.default\">\n\t\t\t\t<div class=\"elementor-widget-container\">\n\t\t\t<h3 class=\"elementor-heading-title elementor-size-medium\">Dons de pots \u00e0 confiture<\/h3>\t\t<\/div>\n\t\t\t\t<\/div>\n\t\t\t\t\t<\/div>\n\t\t<\/div>\n\t\t\t\t\t<\/div>\n\t\t<\/section>\n\t\t\t\t<section class=\"elementor-section elementor-top-section elementor-element elementor-element-a033d5b elementor-section-boxed elementor-section-height-default elementor-section-height-default\" data-id=\"a033d5b\" data-element_type=\"section\">\n\t\t\t\t\t\t<div class=\"elementor-container elementor-column-gap-default\">\n\t\t\t\t\t<div class=\"elementor-column elementor-col-100 elementor-top-column elementor-element elementor-element-820447d\" data-id=\"820447d\" data-element_type=\"column\">\n\t\t\t<div class=\"elementor-widget-wrap elementor-element-populated\">\n\t\t\t\t\t\t<div class=\"elementor-element elementor-element-7eef20b elementor-widget elementor-widget-text-editor\" data-id=\"7eef20b\" data-element_type=\"widget\" data-widget_type=\"text-editor.default\">\n\t\t\t\t<div class=\"elementor-widget-container\">\n\t\t\t\t\t\t\t<p>Par ailleurs, l&rsquo;op\u00e9ration n\u00e9cessite des bocaux \u00e0 confitures vides (taille de couvercle 7,5cm). Nota : nous les acceptons \u00e9galement sans couvercle.<\/p>\t\t\t\t\t\t<\/div>\n\t\t\t\t<\/div>\n\t\t\t\t\t<\/div>\n\t\t<\/div>\n\t\t\t\t\t<\/div>\n\t\t<\/section>\n\t\t\t\t<section class=\"elementor-section elementor-top-section elementor-element elementor-element-85e8f44 elementor-section-boxed elementor-section-height-default elementor-section-height-default\" data-id=\"85e8f44\" data-element_type=\"section\">\n\t\t\t\t\t\t<div class=\"elementor-container elementor-column-gap-default\">\n\t\t\t\t\t<div class=\"elementor-column elementor-col-100 elementor-top-column elementor-element elementor-element-5f361b6\" data-id=\"5f361b6\" data-element_type=\"column\">\n\t\t\t<div class=\"elementor-widget-wrap elementor-element-populated\">\n\t\t\t\t\t\t<div class=\"elementor-element elementor-element-3421b7d elementor-widget elementor-widget-text-editor\" data-id=\"3421b7d\" data-element_type=\"widget\" data-widget_type=\"text-editor.default\">\n\t\t\t\t<div class=\"elementor-widget-container\">\n\t\t\t\t\t\t\t<p>Dans tous les cas, sachez que les dons peuvent faire l&rsquo;objet\u00a0<\/p>\t\t\t\t\t\t<\/div>\n\t\t\t\t<\/div>\n\t\t\t\t\t<\/div>\n\t\t<\/div>\n\t\t\t\t\t<\/div>\n\t\t<\/section>\n\t\t\t\t<section class=\"elementor-section elementor-top-section elementor-element elementor-element-8e70123 elementor-section-boxed elementor-section-height-default elementor-section-height-default\" data-id=\"8e70123\" data-element_type=\"section\">\n\t\t\t\t\t\t<div class=\"elementor-container elementor-column-gap-default\">\n\t\t\t\t\t<div class=\"elementor-column elementor-col-100 elementor-top-column elementor-element elementor-element-7bff0c1\" data-id=\"7bff0c1\" data-element_type=\"column\">\n\t\t\t<div class=\"elementor-widget-wrap elementor-element-populated\">\n\t\t\t\t\t\t<div class=\"elementor-element elementor-element-81f3e4e elementor-widget elementor-widget-spacer\" data-id=\"81f3e4e\" data-element_type=\"widget\" data-widget_type=\"spacer.default\">\n\t\t\t\t<div class=\"elementor-widget-container\">\n\t\t\t\t\t<div class=\"elementor-spacer\">\n\t\t\t<div class=\"elementor-spacer-inner\"><\/div>\n\t\t<\/div>\n\t\t\t\t<\/div>\n\t\t\t\t<\/div>\n\t\t\t\t\t<\/div>\n\t\t<\/div>\n\t\t\t\t\t<\/div>\n\t\t<\/section>\n\t\t\t\t<section class=\"elementor-section elementor-top-section elementor-element elementor-element-3c9de78 elementor-section-boxed elementor-section-height-default elementor-section-height-default\" data-id=\"3c9de78\" data-element_type=\"section\">\n\t\t\t\t\t\t<div class=\"elementor-container elementor-column-gap-default\">\n\t\t\t\t\t<div class=\"elementor-column elementor-col-100 elementor-top-column elementor-element elementor-element-31e8e56\" data-id=\"31e8e56\" data-element_type=\"column\">\n\t\t\t<div class=\"elementor-widget-wrap elementor-element-populated\">\n\t\t\t\t\t\t<div class=\"elementor-element elementor-element-f602189 elementor-widget elementor-widget-heading\" data-id=\"f602189\" data-element_type=\"widget\" data-widget_type=\"heading.default\">\n\t\t\t\t<div class=\"elementor-widget-container\">\n\t\t\t<h2 class=\"elementor-heading-title elementor-size-default\">Quelques chiffres<\/h2>\t\t<\/div>\n\t\t\t\t<\/div>\n\t\t\t\t\t<\/div>\n\t\t<\/div>\n\t\t\t\t\t<\/div>\n\t\t<\/section>\n\t\t\t\t<section class=\"elementor-section elementor-top-section elementor-element elementor-element-171735a elementor-section-boxed elementor-section-height-default elementor-section-height-default\" data-id=\"171735a\" data-element_type=\"section\">\n\t\t\t\t\t\t<div class=\"elementor-container elementor-column-gap-default\">\n\t\t\t\t\t<div class=\"elementor-column elementor-col-100 elementor-top-column elementor-element elementor-element-be7878b\" data-id=\"be7878b\" data-element_type=\"column\">\n\t\t\t<div class=\"elementor-widget-wrap elementor-element-populated\">\n\t\t\t\t\t\t<div class=\"elementor-element elementor-element-4b5139c elementor-widget elementor-widget-text-editor\" data-id=\"4b5139c\" data-element_type=\"widget\" data-widget_type=\"text-editor.default\">\n\t\t\t\t<div class=\"elementor-widget-container\">\n\t\t\t\t\t\t\t<p>En 2018, Confiboc Partag&rsquo;Eure, ce fut :<\/p><ul><li>808kg de fruits<\/li><li>1522 pots de confitures<\/li><li>8 associations partenaires.<\/li><\/ul>\t\t\t\t\t\t<\/div>\n\t\t\t\t<\/div>\n\t\t\t\t\t<\/div>\n\t\t<\/div>\n\t\t\t\t\t<\/div>\n\t\t<\/section>\n\t\t\t\t<\/div>\n\t\t","protected":false},"excerpt":{"rendered":"<p>Qu&rsquo;est-ce que Confiboc Partag&rsquo;Eure ? Le projet Confiboc Partag&rsquo;Eure, n\u00e9 en 2017, est une initiative de l&rsquo;Association Epireuil visant \u00e0 lutter contre le gaspillage et les pertes alimentaires. A cet effet, l&rsquo;association :\u00a0 sensibilise les particuliers au don de leurs<\/p>\n","protected":false},"author":1,"featured_media":0,"parent":0,"menu_order":4,"comment_status":"closed","ping_status":"closed","template":"","meta":{"_eb_attr":"","footnotes":""},"yoast_head":"<!-- This site is optimized with the Yoast SEO plugin v22.2 - https:\/\/yoast.com\/wordpress\/plugins\/seo\/ -->\n<title>Confiboc Partag&#039;Eure -<\/title>\n<meta name=\"robots\" content=\"index, follow, max-snippet:-1, max-image-preview:large, max-video-preview:-1\" \/>\n<link rel=\"canonical\" href=\"https:\/\/associationepireuil.fr\/?page_id=1058\" \/>\n<meta property=\"og:locale\" content=\"fr_FR\" \/>\n<meta property=\"og:type\" content=\"article\" \/>\n<meta property=\"og:title\" content=\"Confiboc Partag&#039;Eure -\" \/>\n<meta property=\"og:description\" content=\"Qu&rsquo;est-ce que Confiboc Partag&rsquo;Eure ? Le projet Confiboc Partag&rsquo;Eure, n\u00e9 en 2017, est une initiative de l&rsquo;Association Epireuil visant \u00e0 lutter contre le gaspillage et les pertes alimentaires. A cet effet, l&rsquo;association :\u00a0 sensibilise les particuliers au don de leurs\" \/>\n<meta property=\"og:url\" content=\"https:\/\/associationepireuil.fr\/?page_id=1058\" \/>\n<meta property=\"article:publisher\" content=\"https:\/\/www.facebook.com\/Epireuil\/\" \/>\n<meta property=\"article:modified_time\" content=\"2021-03-19T14:29:59+00:00\" \/>\n<meta property=\"og:image\" content=\"https:\/\/associationepireuil.fr\/wp-content\/uploads\/2018\/03\/banderole-confiboc-v2.jpg\" \/>\n<meta name=\"twitter:card\" content=\"summary_large_image\" \/>\n<meta name=\"twitter:label1\" content=\"Dur\u00e9e de lecture estim\u00e9e\" \/>\n\t<meta name=\"twitter:data1\" content=\"2 minutes\" \/>\n<script type=\"application\/ld+json\" class=\"yoast-schema-graph\">{\"@context\":\"https:\/\/schema.org\",\"@graph\":[{\"@type\":\"WebPage\",\"@id\":\"https:\/\/associationepireuil.fr\/?page_id=1058\",\"url\":\"https:\/\/associationepireuil.fr\/?page_id=1058\",\"name\":\"Confiboc Partag'Eure -\",\"isPartOf\":{\"@id\":\"https:\/\/associationepireuil.fr\/#website\"},\"primaryImageOfPage\":{\"@id\":\"https:\/\/associationepireuil.fr\/?page_id=1058#primaryimage\"},\"image\":{\"@id\":\"https:\/\/associationepireuil.fr\/?page_id=1058#primaryimage\"},\"thumbnailUrl\":\"https:\/\/associationepireuil.fr\/wp-content\/uploads\/2018\/03\/banderole-confiboc-v2.jpg\",\"datePublished\":\"2018-02-14T09:30:36+00:00\",\"dateModified\":\"2021-03-19T14:29:59+00:00\",\"breadcrumb\":{\"@id\":\"https:\/\/associationepireuil.fr\/?page_id=1058#breadcrumb\"},\"inLanguage\":\"fr-FR\",\"potentialAction\":[{\"@type\":\"ReadAction\",\"target\":[\"https:\/\/associationepireuil.fr\/?page_id=1058\"]}]},{\"@type\":\"ImageObject\",\"inLanguage\":\"fr-FR\",\"@id\":\"https:\/\/associationepireuil.fr\/?page_id=1058#primaryimage\",\"url\":\"https:\/\/associationepireuil.fr\/wp-content\/uploads\/2018\/03\/banderole-confiboc-v2.jpg\",\"contentUrl\":\"https:\/\/associationepireuil.fr\/wp-content\/uploads\/2018\/03\/banderole-confiboc-v2.jpg\",\"width\":755,\"height\":226},{\"@type\":\"BreadcrumbList\",\"@id\":\"https:\/\/associationepireuil.fr\/?page_id=1058#breadcrumb\",\"itemListElement\":[{\"@type\":\"ListItem\",\"position\":1,\"name\":\"Accueil\",\"item\":\"https:\/\/associationepireuil.fr\/\"},{\"@type\":\"ListItem\",\"position\":2,\"name\":\"Confiboc Partag&rsquo;Eure\"}]},{\"@type\":\"WebSite\",\"@id\":\"https:\/\/associationepireuil.fr\/#website\",\"url\":\"https:\/\/associationepireuil.fr\/\",\"name\":\"\",\"description\":\"\",\"potentialAction\":[{\"@type\":\"SearchAction\",\"target\":{\"@type\":\"EntryPoint\",\"urlTemplate\":\"https:\/\/associationepireuil.fr\/?s={search_term_string}\"},\"query-input\":\"required name=search_term_string\"}],\"inLanguage\":\"fr-FR\"}]}<\/script>\n<!-- \/ Yoast SEO plugin. -->","yoast_head_json":{"title":"Confiboc Partag'Eure -","robots":{"index":"index","follow":"follow","max-snippet":"max-snippet:-1","max-image-preview":"max-image-preview:large","max-video-preview":"max-video-preview:-1"},"canonical":"https:\/\/associationepireuil.fr\/?page_id=1058","og_locale":"fr_FR","og_type":"article","og_title":"Confiboc Partag'Eure -","og_description":"Qu&rsquo;est-ce que Confiboc Partag&rsquo;Eure ? Le projet Confiboc Partag&rsquo;Eure, n\u00e9 en 2017, est une initiative de l&rsquo;Association Epireuil visant \u00e0 lutter contre le gaspillage et les pertes alimentaires. A cet effet, l&rsquo;association :\u00a0 sensibilise les particuliers au don de leurs","og_url":"https:\/\/associationepireuil.fr\/?page_id=1058","article_publisher":"https:\/\/www.facebook.com\/Epireuil\/","article_modified_time":"2021-03-19T14:29:59+00:00","og_image":[{"url":"https:\/\/associationepireuil.fr\/wp-content\/uploads\/2018\/03\/banderole-confiboc-v2.jpg"}],"twitter_card":"summary_large_image","twitter_misc":{"Dur\u00e9e de lecture estim\u00e9e":"2 minutes"},"schema":{"@context":"https:\/\/schema.org","@graph":[{"@type":"WebPage","@id":"https:\/\/associationepireuil.fr\/?page_id=1058","url":"https:\/\/associationepireuil.fr\/?page_id=1058","name":"Confiboc Partag'Eure -","isPartOf":{"@id":"https:\/\/associationepireuil.fr\/#website"},"primaryImageOfPage":{"@id":"https:\/\/associationepireuil.fr\/?page_id=1058#primaryimage"},"image":{"@id":"https:\/\/associationepireuil.fr\/?page_id=1058#primaryimage"},"thumbnailUrl":"https:\/\/associationepireuil.fr\/wp-content\/uploads\/2018\/03\/banderole-confiboc-v2.jpg","datePublished":"2018-02-14T09:30:36+00:00","dateModified":"2021-03-19T14:29:59+00:00","breadcrumb":{"@id":"https:\/\/associationepireuil.fr\/?page_id=1058#breadcrumb"},"inLanguage":"fr-FR","potentialAction":[{"@type":"ReadAction","target":["https:\/\/associationepireuil.fr\/?page_id=1058"]}]},{"@type":"ImageObject","inLanguage":"fr-FR","@id":"https:\/\/associationepireuil.fr\/?page_id=1058#primaryimage","url":"https:\/\/associationepireuil.fr\/wp-content\/uploads\/2018\/03\/banderole-confiboc-v2.jpg","contentUrl":"https:\/\/associationepireuil.fr\/wp-content\/uploads\/2018\/03\/banderole-confiboc-v2.jpg","width":755,"height":226},{"@type":"BreadcrumbList","@id":"https:\/\/associationepireuil.fr\/?page_id=1058#breadcrumb","itemListElement":[{"@type":"ListItem","position":1,"name":"Accueil","item":"https:\/\/associationepireuil.fr\/"},{"@type":"ListItem","position":2,"name":"Confiboc Partag&rsquo;Eure"}]},{"@type":"WebSite","@id":"https:\/\/associationepireuil.fr\/#website","url":"https:\/\/associationepireuil.fr\/","name":"","description":"","potentialAction":[{"@type":"SearchAction","target":{"@type":"EntryPoint","urlTemplate":"https:\/\/associationepireuil.fr\/?s={search_term_string}"},"query-input":"required name=search_term_string"}],"inLanguage":"fr-FR"}]}},"_links":{"self":[{"href":"https:\/\/associationepireuil.fr\/index.php?rest_route=\/wp\/v2\/pages\/1058"}],"collection":[{"href":"https:\/\/associationepireuil.fr\/index.php?rest_route=\/wp\/v2\/pages"}],"about":[{"href":"https:\/\/associationepireuil.fr\/index.php?rest_route=\/wp\/v2\/types\/page"}],"author":[{"embeddable":true,"href":"https:\/\/associationepireuil.fr\/index.php?rest_route=\/wp\/v2\/users\/1"}],"replies":[{"embeddable":true,"href":"https:\/\/associationepireuil.fr\/index.php?rest_route=%2Fwp%2Fv2%2Fcomments&post=1058"}],"version-history":[{"count":15,"href":"https:\/\/associationepireuil.fr\/index.php?rest_route=\/wp\/v2\/pages\/1058\/revisions"}],"predecessor-version":[{"id":4632,"href":"https:\/\/associationepireuil.fr\/index.php?rest_route=\/wp\/v2\/pages\/1058\/revisions\/4632"}],"wp:attachment":[{"href":"https:\/\/associationepireuil.fr\/index.php?rest_route=%2Fwp%2Fv2%2Fmedia&parent=1058"}],"curies":[{"name":"wp","href":"https:\/\/api.w.org\/{rel}","templated":true}]}}