{"id":1065,"date":"2018-02-14T09:35:59","date_gmt":"2018-02-14T09:35:59","guid":{"rendered":"http:\/\/associationepireuil.fr\/?page_id=1065"},"modified":"2021-04-28T09:08:22","modified_gmt":"2021-04-28T09:08:22","slug":"distribution-et-vente-de-confitures","status":"publish","type":"page","link":"https:\/\/associationepireuil.fr\/?page_id=1065","title":{"rendered":"Distribution et vente de confitures"},"content":{"rendered":"\t\t<div data-elementor-type=\"wp-page\" data-elementor-id=\"1065\" class=\"elementor elementor-1065\">\n\t\t\t\t\t\t<section class=\"elementor-section elementor-top-section elementor-element elementor-element-6b6c00f elementor-section-boxed elementor-section-height-default elementor-section-height-default\" data-id=\"6b6c00f\" data-element_type=\"section\">\n\t\t\t\t\t\t<div class=\"elementor-container elementor-column-gap-default\">\n\t\t\t\t\t<div class=\"elementor-column elementor-col-100 elementor-top-column elementor-element elementor-element-08e1273\" data-id=\"08e1273\" data-element_type=\"column\">\n\t\t\t<div class=\"elementor-widget-wrap elementor-element-populated\">\n\t\t\t\t\t\t<div class=\"elementor-element elementor-element-cc03075 elementor-widget elementor-widget-spacer\" data-id=\"cc03075\" data-element_type=\"widget\" data-widget_type=\"spacer.default\">\n\t\t\t\t<div class=\"elementor-widget-container\">\n\t\t\t\t\t<div class=\"elementor-spacer\">\n\t\t\t<div class=\"elementor-spacer-inner\"><\/div>\n\t\t<\/div>\n\t\t\t\t<\/div>\n\t\t\t\t<\/div>\n\t\t\t\t\t<\/div>\n\t\t<\/div>\n\t\t\t\t\t<\/div>\n\t\t<\/section>\n\t\t\t\t<section class=\"elementor-section elementor-top-section elementor-element elementor-element-681218f9 elementor-section-boxed elementor-section-height-default elementor-section-height-default\" data-id=\"681218f9\" data-element_type=\"section\">\n\t\t\t\t\t\t<div class=\"elementor-container elementor-column-gap-default\">\n\t\t\t\t\t<div class=\"elementor-column elementor-col-100 elementor-top-column elementor-element elementor-element-1b33776e\" data-id=\"1b33776e\" data-element_type=\"column\">\n\t\t\t<div class=\"elementor-widget-wrap elementor-element-populated\">\n\t\t\t\t\t\t<div class=\"elementor-element elementor-element-5b469a74 elementor-widget elementor-widget-text-editor\" data-id=\"5b469a74\" data-element_type=\"widget\" data-widget_type=\"text-editor.default\">\n\t\t\t\t<div class=\"elementor-widget-container\">\n\t\t\t\t\t\t\t<p style=\"text-align: center; color: #000000; text-transform: none; text-indent: 0px; letter-spacing: normal; font-family: 'Times New Roman'; font-size: 13.33px; font-style: normal; font-weight: 400; word-spacing: 0px; white-space: normal; orphans: 2; widows: 2; -webkit-text-stroke-width: 0px;\"><span style=\"font-family: Roboto;\">L<span style=\"font-size: 12pt;\">es confitures confectionn\u00e9es sont propos\u00e9es pour l&rsquo;aide alimentaire ou \u00e0 la vente directe aux particuliers ( au profit de l&rsquo;association).<\/span><\/span><\/p><p style=\"text-align: center;\"><span style=\"color: #008000; font-family: Roboto;\"><em><strong>Des recettes que nous avons d\u00e9j\u00e0 exp\u00e9riment\u00e9es et appr\u00e9ci\u00e9es :<\/strong><\/em><\/span><\/p><p style=\"text-align: center;\"><span style=\"font-family: Roboto;\"><a href=\"http:\/\/associationepireuil.fr\/wp-content\/uploads\/2012\/07\/Confiture-de-peches-au-romarin-et-noix-torrefiees.doc\">Confiture de p\u00eaches au romarin et noix torr\u00e9fi\u00e9es<\/a><\/span><\/p><p style=\"text-align: center;\"><span style=\"font-family: Roboto;\"><a href=\"http:\/\/associationepireuil.fr\/wp-content\/uploads\/2012\/07\/Confiture-de-fraises-a-la-menthe.doc\">Confiture de fraises\u00a0\u00e0 la menthe<\/a><\/span><\/p>\t\t\t\t\t\t<\/div>\n\t\t\t\t<\/div>\n\t\t\t\t\t<\/div>\n\t\t<\/div>\n\t\t\t\t\t<\/div>\n\t\t<\/section>\n\t\t\t\t<section class=\"elementor-section elementor-top-section elementor-element elementor-element-db0cacc elementor-section-boxed elementor-section-height-default elementor-section-height-default\" data-id=\"db0cacc\" data-element_type=\"section\">\n\t\t\t\t\t\t<div class=\"elementor-container elementor-column-gap-default\">\n\t\t\t\t\t<div class=\"elementor-column elementor-col-100 elementor-top-column elementor-element elementor-element-2f0c29b\" data-id=\"2f0c29b\" data-element_type=\"column\">\n\t\t\t<div class=\"elementor-widget-wrap elementor-element-populated\">\n\t\t\t\t\t\t<div class=\"elementor-element elementor-element-4c687d7 elementor-widget elementor-widget-modula_elementor_gallery\" data-id=\"4c687d7\" data-element_type=\"widget\" data-widget_type=\"modula_elementor_gallery.default\">\n\t\t\t\t<div class=\"elementor-widget-container\">\n\t\t\t<style>#jtg-4618 .modula-item .jtg-social a, .lightbox-socials.jtg-social a{ color: #ffffff }#jtg-4618 .modula-item .jtg-social svg, .lightbox-socials.jtg-social svg { height: 16px; width: 16px }#jtg-4618 .modula-item .jtg-social a:not(:last-child), .lightbox-socials.jtg-social a:not(:last-child) { margin-right: 10px }#jtg-4618 .modula-item .figc {color:#ffffff;}#jtg-4618 .modula-item .modula-item-content { transform: scale(1) }#jtg-4618 .modula-items .figc p.description { font-size:14px; }#jtg-4618 .modula-items .figc p.description { color:#ffffff;}#jtg-4618.modula-gallery .modula-item > a, #jtg-4618.modula-gallery .modula-item, #jtg-4618.modula-gallery .modula-item-content > a:not(.modula-no-follow) { cursor:zoom-in; } #jtg-4618.modula-gallery .modula-item-content .modula-no-follow { cursor: default; } @media screen and (max-width:480px){#jtg-4618 .modula-item .figc .jtg-title {  font-size: 12px; }#jtg-4618 .modula-items .figc p.description { color:#ffffff;font-size:10px; }}<\/style>\n<!-- Gallery Container -->\n<div  id=\"jtg-4618\" class=\"modula modula-gallery modula-custom-grid\" data-config=\"{&quot;height&quot;:800,&quot;tabletHeight&quot;:800,&quot;mobileHeight&quot;:800,&quot;desktopHeight&quot;:800,&quot;enableTwitter&quot;:false,&quot;enableWhatsapp&quot;:false,&quot;enableFacebook&quot;:false,&quot;enablePinterest&quot;:false,&quot;enableLinkedin&quot;:false,&quot;enableEmail&quot;:false,&quot;randomFactor&quot;:0,&quot;type&quot;:&quot;custom-grid&quot;,&quot;columns&quot;:12,&quot;gutter&quot;:10,&quot;mobileGutter&quot;:10,&quot;tabletGutter&quot;:10,&quot;desktopGutter&quot;:10,&quot;enableResponsive&quot;:&quot;0&quot;,&quot;tabletColumns&quot;:&quot;2&quot;,&quot;mobileColumns&quot;:&quot;1&quot;,&quot;lazyLoad&quot;:&quot;1&quot;,&quot;lightboxOpts&quot;:{&quot;loop&quot;:false,&quot;arrows&quot;:true,&quot;toolbar&quot;:true,&quot;keyboard&quot;:true,&quot;wheel&quot;:false,&quot;buttons&quot;:[&quot;close&quot;],&quot;hash&quot;:false,&quot;lang&quot;:&quot;en&quot;,&quot;touch&quot;:false,&quot;protect&quot;:false,&quot;i18n&quot;:{&quot;en&quot;:{&quot;CLOSE&quot;:&quot;Close&quot;,&quot;NEXT&quot;:&quot;Next&quot;,&quot;PREV&quot;:&quot;Previous&quot;,&quot;Error&quot;:&quot;The requested content cannot be loaded. Please try again later.&quot;,&quot;PLAY_START&quot;:&quot;Start slideshow&quot;,&quot;PLAY_STOP&quot;:&quot;Pause slideshow&quot;,&quot;FULL_SCREEN&quot;:&quot;Full screen&quot;,&quot;THUMBS&quot;:&quot;Thumbnails&quot;,&quot;DOWNLOAD&quot;:&quot;Download&quot;,&quot;SHARE&quot;:&quot;Share&quot;,&quot;ZOOM&quot;:&quot;Zoom&quot;}},&quot;clickSlide&quot;:false,&quot;clickOutside&quot;:false,&quot;dblclickContent&quot;:false,&quot;dblclickSlide&quot;:false,&quot;dblclickOutside&quot;:false,&quot;clickContent&quot;:false,&quot;baseTpl&quot;:&quot;&lt;div class=\\&quot;modula-fancybox-container modula-lightbox-jtg-4618\\&quot; role=\\&quot;dialog\\&quot; tabindex=\\&quot;-1\\&quot;&gt;&lt;div class=\\&quot;modula-fancybox-bg\\&quot;&gt;&lt;\\\/div&gt;&lt;div class=\\&quot;modula-fancybox-inner\\&quot;&gt;&lt;div class=\\&quot;modula-fancybox-infobar\\&quot;&gt;&lt;span data-fancybox-index&gt;&lt;\\\/span&gt;&nbsp;\\\/&nbsp;&lt;span data-fancybox-count&gt;&lt;\\\/span&gt;&lt;\\\/div&gt;&lt;div class=\\&quot;modula-fancybox-toolbar\\&quot;&gt;{{buttons}}&lt;\\\/div&gt;&lt;div class=\\&quot;modula-fancybox-navigation\\&quot;&gt;{{arrows}}&lt;\\\/div&gt;&lt;div class=\\&quot;modula-fancybox-stage\\&quot;&gt;&lt;\\\/div&gt;&lt;div class=\\&quot;modula-fancybox-caption\\&quot;&gt;&lt;div class=\\&quot;modula-fancybox-caption__body\\&quot;&gt;&lt;\\\/div&gt;&lt;\\\/div&gt;&lt;\\\/div&gt;&lt;\\\/div&gt;&quot;},&quot;inView&quot;:false,&quot;email_subject&quot;:&quot;Check out this awesome image !!&quot;,&quot;email_message&quot;:&quot;Here is the link to the image : %%image_link%% and this is the link to the gallery : %%gallery_link%%&quot;,&quot;lightbox&quot;:&quot;fancybox&quot;}\">\n\n\t\n\t<!-- Items Container -->\n\t<div  class=\"modula-items\">\n\t\t<div class=\"modula-item effect-pufrobo\" data-width=\"3\" data-height=\"3\" >\n\t<div class=\"modula-item-overlay\"><\/div>\n\n\t<div class=\"modula-item-content\">\n\n\t\t\t\t\n\t\t\t\t\t<a data-image-id=\"4619\" data-elementor-open-lightbox=\"no\" rel=\"jtg-4618\" data-caption=\"\" aria-label=\"Open image in lightbox\" class=\"tile-inner modula-item-link\"><\/a>\n\t\t\n\t\t<img fetchpriority=\"high\" class=\"pic wp-image-4619 lazyload\"  data-valign=\"middle\" data-halign=\"center\" alt=\"\" data-full=\"https:\/\/associationepireuil.fr\/wp-content\/uploads\/2021\/04\/Confiboc_etape1.jpg\" title=\"Confiboc_etape1\" width=\"300\" height=\"265\" data-src=\"https:\/\/associationepireuil.fr\/wp-content\/uploads\/2021\/04\/Confiboc_etape1-300x265.jpg\" data-caption=\"\" data-source=\"modula\" data-srcset=\"https:\/\/associationepireuil.fr\/wp-content\/uploads\/2021\/04\/Confiboc_etape1.jpg 714w, https:\/\/associationepireuil.fr\/wp-content\/uploads\/2021\/04\/Confiboc_etape1-300x265.jpg 300w\" data-sizes=\"(max-width: 300px) 100vw, 300px\" \/>\n\t\t<div class=\"figc no-description\">\n\t\t\t<div class=\"figc-inner\">\n\t\t\t\t\t\t\t\t\t\t\t\t\t\t\t<\/div>\n\t\t<\/div>\n\n\t<\/div>\n\n<\/div><div class=\"modula-item effect-pufrobo\" data-width=\"2\" data-height=\"2\" >\n\t<div class=\"modula-item-overlay\"><\/div>\n\n\t<div class=\"modula-item-content\">\n\n\t\t\t\t\n\t\t\t\t\t<a data-image-id=\"4620\" data-elementor-open-lightbox=\"no\" rel=\"jtg-4618\" data-caption=\"\" aria-label=\"Open image in lightbox\" class=\"tile-inner modula-item-link\"><\/a>\n\t\t\n\t\t<img class=\"pic wp-image-4620 lazyload\"  data-valign=\"middle\" data-halign=\"center\" alt=\"\" data-full=\"https:\/\/associationepireuil.fr\/wp-content\/uploads\/2021\/04\/Confiboc_etape2.jpg\" title=\"Confiboc_etape2\" width=\"300\" height=\"225\" data-src=\"https:\/\/associationepireuil.fr\/wp-content\/uploads\/2021\/04\/Confiboc_etape2-300x225.jpg\" data-caption=\"\" data-source=\"modula\" data-srcset=\"https:\/\/associationepireuil.fr\/wp-content\/uploads\/2021\/04\/Confiboc_etape2.jpg 840w, https:\/\/associationepireuil.fr\/wp-content\/uploads\/2021\/04\/Confiboc_etape2-300x225.jpg 300w, https:\/\/associationepireuil.fr\/wp-content\/uploads\/2021\/04\/Confiboc_etape2-768x576.jpg 768w\" data-sizes=\"(max-width: 300px) 100vw, 300px\" \/>\n\t\t<div class=\"figc no-description\">\n\t\t\t<div class=\"figc-inner\">\n\t\t\t\t\t\t\t\t\t\t\t\t\t\t\t<\/div>\n\t\t<\/div>\n\n\t<\/div>\n\n<\/div><div class=\"modula-item effect-pufrobo\" data-width=\"3\" data-height=\"3\" >\n\t<div class=\"modula-item-overlay\"><\/div>\n\n\t<div class=\"modula-item-content\">\n\n\t\t\t\t\n\t\t\t\t\t<a data-image-id=\"4621\" data-elementor-open-lightbox=\"no\" rel=\"jtg-4618\" data-caption=\"\" aria-label=\"Open image in lightbox\" class=\"tile-inner modula-item-link\"><\/a>\n\t\t\n\t\t<img class=\"pic wp-image-4621 lazyload\"  data-valign=\"middle\" data-halign=\"center\" alt=\"\" data-full=\"https:\/\/associationepireuil.fr\/wp-content\/uploads\/2021\/04\/Confiboc_etape3.jpg\" title=\"Confiboc_etape3\" width=\"300\" height=\"214\" data-src=\"https:\/\/associationepireuil.fr\/wp-content\/uploads\/2021\/04\/Confiboc_etape3-300x214.jpg\" data-caption=\"\" data-source=\"modula\" data-srcset=\"https:\/\/associationepireuil.fr\/wp-content\/uploads\/2021\/04\/Confiboc_etape3.jpg 885w, https:\/\/associationepireuil.fr\/wp-content\/uploads\/2021\/04\/Confiboc_etape3-300x214.jpg 300w, https:\/\/associationepireuil.fr\/wp-content\/uploads\/2021\/04\/Confiboc_etape3-768x547.jpg 768w\" data-sizes=\"(max-width: 300px) 100vw, 300px\" \/>\n\t\t<div class=\"figc no-description\">\n\t\t\t<div class=\"figc-inner\">\n\t\t\t\t\t\t\t\t\t\t\t\t\t\t\t<\/div>\n\t\t<\/div>\n\n\t<\/div>\n\n<\/div><div class=\"modula-item effect-pufrobo\" data-width=\"2\" data-height=\"2\" >\n\t<div class=\"modula-item-overlay\"><\/div>\n\n\t<div class=\"modula-item-content\">\n\n\t\t\t\t\n\t\t\t\t\t<a data-image-id=\"4622\" data-elementor-open-lightbox=\"no\" rel=\"jtg-4618\" data-caption=\"\" aria-label=\"Open image in lightbox\" class=\"tile-inner modula-item-link\"><\/a>\n\t\t\n\t\t<img loading=\"lazy\" class=\"pic wp-image-4622 lazyload\"  data-valign=\"middle\" data-halign=\"center\" alt=\"\" data-full=\"https:\/\/associationepireuil.fr\/wp-content\/uploads\/2021\/04\/Confiboc_etape4.jpg\" title=\"Confiboc_etape4\" width=\"225\" height=\"300\" data-src=\"https:\/\/associationepireuil.fr\/wp-content\/uploads\/2021\/04\/Confiboc_etape4-225x300.jpg\" data-caption=\"\" data-source=\"modula\" data-srcset=\"https:\/\/associationepireuil.fr\/wp-content\/uploads\/2021\/04\/Confiboc_etape4.jpg 472w, https:\/\/associationepireuil.fr\/wp-content\/uploads\/2021\/04\/Confiboc_etape4-225x300.jpg 225w, https:\/\/associationepireuil.fr\/wp-content\/uploads\/2021\/04\/Confiboc_etape4-300x400.jpg 300w\" data-sizes=\"(max-width: 225px) 100vw, 225px\" \/>\n\t\t<div class=\"figc no-description\">\n\t\t\t<div class=\"figc-inner\">\n\t\t\t\t\t\t\t\t\t\t\t\t\t\t\t<\/div>\n\t\t<\/div>\n\n\t<\/div>\n\n<\/div><div class=\"modula-item effect-pufrobo\" data-width=\"2\" data-height=\"3\" >\n\t<div class=\"modula-item-overlay\"><\/div>\n\n\t<div class=\"modula-item-content\">\n\n\t\t\t\t\n\t\t\t\t\t<a data-image-id=\"4623\" data-elementor-open-lightbox=\"no\" rel=\"jtg-4618\" data-caption=\"\" aria-label=\"Open image in lightbox\" class=\"tile-inner modula-item-link\"><\/a>\n\t\t\n\t\t<img loading=\"lazy\" class=\"pic wp-image-4623 lazyload\"  data-valign=\"middle\" data-halign=\"center\" alt=\"\" data-full=\"https:\/\/associationepireuil.fr\/wp-content\/uploads\/2021\/04\/Confiboc_etape5.jpg\" title=\"Confiboc_etape5\" width=\"300\" height=\"261\" data-src=\"https:\/\/associationepireuil.fr\/wp-content\/uploads\/2021\/04\/Confiboc_etape5-300x261.jpg\" data-caption=\"\" data-source=\"modula\" data-srcset=\"https:\/\/associationepireuil.fr\/wp-content\/uploads\/2021\/04\/Confiboc_etape5.jpg 725w, https:\/\/associationepireuil.fr\/wp-content\/uploads\/2021\/04\/Confiboc_etape5-300x261.jpg 300w\" data-sizes=\"(max-width: 300px) 100vw, 300px\" \/>\n\t\t<div class=\"figc no-description\">\n\t\t\t<div class=\"figc-inner\">\n\t\t\t\t\t\t\t\t\t\t\t\t\t\t\t<\/div>\n\t\t<\/div>\n\n\t<\/div>\n\n<\/div><div class=\"modula-item effect-pufrobo\" data-width=\"2\" data-height=\"2\" >\n\t<div class=\"modula-item-overlay\"><\/div>\n\n\t<div class=\"modula-item-content\">\n\n\t\t\t\t\n\t\t\t\t\t<a data-image-id=\"4624\" data-elementor-open-lightbox=\"no\" rel=\"jtg-4618\" data-caption=\"\" aria-label=\"Open image in lightbox\" class=\"tile-inner modula-item-link\"><\/a>\n\t\t\n\t\t<img loading=\"lazy\" class=\"pic wp-image-4624 lazyload\"  data-valign=\"middle\" data-halign=\"center\" alt=\"\" data-full=\"https:\/\/associationepireuil.fr\/wp-content\/uploads\/2021\/04\/Confiboc_etape6.jpg\" title=\"Confiboc_etape6\" width=\"300\" height=\"254\" data-src=\"https:\/\/associationepireuil.fr\/wp-content\/uploads\/2021\/04\/Confiboc_etape6-300x254.jpg\" data-caption=\"\" data-source=\"modula\" data-srcset=\"https:\/\/associationepireuil.fr\/wp-content\/uploads\/2021\/04\/Confiboc_etape6.jpg 480w, https:\/\/associationepireuil.fr\/wp-content\/uploads\/2021\/04\/Confiboc_etape6-300x254.jpg 300w\" data-sizes=\"(max-width: 300px) 100vw, 300px\" \/>\n\t\t<div class=\"figc no-description\">\n\t\t\t<div class=\"figc-inner\">\n\t\t\t\t\t\t\t\t\t\t\t\t\t\t\t<\/div>\n\t\t<\/div>\n\n\t<\/div>\n\n<\/div><div class=\"modula-item effect-pufrobo\" data-width=\"2\" data-height=\"2\" >\n\t<div class=\"modula-item-overlay\"><\/div>\n\n\t<div class=\"modula-item-content\">\n\n\t\t\t\t\n\t\t\t\t\t<a data-image-id=\"4625\" data-elementor-open-lightbox=\"no\" rel=\"jtg-4618\" data-caption=\"\" aria-label=\"Open image in lightbox\" class=\"tile-inner modula-item-link\"><\/a>\n\t\t\n\t\t<img loading=\"lazy\" class=\"pic wp-image-4625 lazyload\"  data-valign=\"middle\" data-halign=\"center\" alt=\"\" data-full=\"https:\/\/associationepireuil.fr\/wp-content\/uploads\/2021\/04\/Confiboc_etape7.jpg\" title=\"Confiboc_etape7\" width=\"300\" height=\"173\" data-src=\"https:\/\/associationepireuil.fr\/wp-content\/uploads\/2021\/04\/Confiboc_etape7-300x173.jpg\" data-caption=\"\" data-source=\"modula\" data-srcset=\"https:\/\/associationepireuil.fr\/wp-content\/uploads\/2021\/04\/Confiboc_etape7.jpg 1095w, https:\/\/associationepireuil.fr\/wp-content\/uploads\/2021\/04\/Confiboc_etape7-300x173.jpg 300w, https:\/\/associationepireuil.fr\/wp-content\/uploads\/2021\/04\/Confiboc_etape7-1024x589.jpg 1024w, https:\/\/associationepireuil.fr\/wp-content\/uploads\/2021\/04\/Confiboc_etape7-768x442.jpg 768w\" data-sizes=\"(max-width: 300px) 100vw, 300px\" \/>\n\t\t<div class=\"figc no-description\">\n\t\t\t<div class=\"figc-inner\">\n\t\t\t\t\t\t\t\t\t\t\t\t\t\t\t<\/div>\n\t\t<\/div>\n\n\t<\/div>\n\n<\/div>\t\t\n\t<\/div>\n\n\t\n\t\n\t<script type=\"application\/ld+json\">\n\t{\n\t\t\"@context\": \"http:\/\/schema.org\",\n\t\t\"@type\"   : \"ImageGallery\",\n\t\t\"id\"      : \"https:\/\/associationepireuil.fr\",\n\t\t\"url\"     : \"https:\/\/associationepireuil.fr\"\n\t}\n\n    <\/script>\n\n\t\n<\/div>\t\t<\/div>\n\t\t\t\t<\/div>\n\t\t\t\t\t<\/div>\n\t\t<\/div>\n\t\t\t\t\t<\/div>\n\t\t<\/section>\n\t\t\t\t<\/div>\n\t\t","protected":false},"excerpt":{"rendered":"<p>Les confitures confectionn\u00e9es sont propos\u00e9es pour l&rsquo;aide alimentaire ou \u00e0 la vente directe aux particuliers ( au profit de l&rsquo;association). Des recettes que nous avons d\u00e9j\u00e0 exp\u00e9riment\u00e9es et appr\u00e9ci\u00e9es : Confiture de p\u00eaches au romarin et noix torr\u00e9fi\u00e9es Confiture de<\/p>\n","protected":false},"author":1,"featured_media":0,"parent":1058,"menu_order":1,"comment_status":"closed","ping_status":"closed","template":"","meta":{"_eb_attr":"","footnotes":""},"yoast_head":"<!-- This site is optimized with the Yoast SEO plugin v22.2 - https:\/\/yoast.com\/wordpress\/plugins\/seo\/ -->\n<title>Distribution et vente de confitures -<\/title>\n<meta name=\"robots\" content=\"index, follow, max-snippet:-1, max-image-preview:large, max-video-preview:-1\" \/>\n<link rel=\"canonical\" href=\"https:\/\/associationepireuil.fr\/?page_id=1065\" \/>\n<meta property=\"og:locale\" content=\"fr_FR\" \/>\n<meta property=\"og:type\" content=\"article\" \/>\n<meta property=\"og:title\" content=\"Distribution et vente de confitures -\" \/>\n<meta property=\"og:description\" content=\"Les confitures confectionn\u00e9es sont propos\u00e9es pour l&rsquo;aide alimentaire ou \u00e0 la vente directe aux particuliers ( au profit de l&rsquo;association). Des recettes que nous avons d\u00e9j\u00e0 exp\u00e9riment\u00e9es et appr\u00e9ci\u00e9es : Confiture de p\u00eaches au romarin et noix torr\u00e9fi\u00e9es Confiture de\" \/>\n<meta property=\"og:url\" content=\"https:\/\/associationepireuil.fr\/?page_id=1065\" \/>\n<meta property=\"article:publisher\" content=\"https:\/\/www.facebook.com\/Epireuil\/\" \/>\n<meta property=\"article:modified_time\" content=\"2021-04-28T09:08:22+00:00\" \/>\n<meta property=\"og:image\" content=\"https:\/\/associationepireuil.fr\/wp-content\/uploads\/2021\/04\/Confiboc_etape1-300x265.jpg\" \/>\n<meta name=\"twitter:card\" content=\"summary_large_image\" \/>\n<meta name=\"twitter:label1\" content=\"Dur\u00e9e de lecture estim\u00e9e\" \/>\n\t<meta name=\"twitter:data1\" content=\"2 minutes\" \/>\n<script type=\"application\/ld+json\" class=\"yoast-schema-graph\">{\"@context\":\"https:\/\/schema.org\",\"@graph\":[{\"@type\":\"WebPage\",\"@id\":\"https:\/\/associationepireuil.fr\/?page_id=1065\",\"url\":\"https:\/\/associationepireuil.fr\/?page_id=1065\",\"name\":\"Distribution et vente de confitures -\",\"isPartOf\":{\"@id\":\"https:\/\/associationepireuil.fr\/#website\"},\"primaryImageOfPage\":{\"@id\":\"https:\/\/associationepireuil.fr\/?page_id=1065#primaryimage\"},\"image\":{\"@id\":\"https:\/\/associationepireuil.fr\/?page_id=1065#primaryimage\"},\"thumbnailUrl\":\"https:\/\/associationepireuil.fr\/wp-content\/uploads\/2021\/04\/Confiboc_etape1-300x265.jpg\",\"datePublished\":\"2018-02-14T09:35:59+00:00\",\"dateModified\":\"2021-04-28T09:08:22+00:00\",\"breadcrumb\":{\"@id\":\"https:\/\/associationepireuil.fr\/?page_id=1065#breadcrumb\"},\"inLanguage\":\"fr-FR\",\"potentialAction\":[{\"@type\":\"ReadAction\",\"target\":[\"https:\/\/associationepireuil.fr\/?page_id=1065\"]}]},{\"@type\":\"ImageObject\",\"inLanguage\":\"fr-FR\",\"@id\":\"https:\/\/associationepireuil.fr\/?page_id=1065#primaryimage\",\"url\":\"https:\/\/associationepireuil.fr\/wp-content\/uploads\/2021\/04\/Confiboc_etape1.jpg\",\"contentUrl\":\"https:\/\/associationepireuil.fr\/wp-content\/uploads\/2021\/04\/Confiboc_etape1.jpg\",\"width\":714,\"height\":630},{\"@type\":\"BreadcrumbList\",\"@id\":\"https:\/\/associationepireuil.fr\/?page_id=1065#breadcrumb\",\"itemListElement\":[{\"@type\":\"ListItem\",\"position\":1,\"name\":\"Accueil\",\"item\":\"https:\/\/associationepireuil.fr\/\"},{\"@type\":\"ListItem\",\"position\":2,\"name\":\"Confiboc Partag&rsquo;Eure\",\"item\":\"https:\/\/associationepireuil.fr\/?page_id=1058\"},{\"@type\":\"ListItem\",\"position\":3,\"name\":\"Distribution et vente de confitures\"}]},{\"@type\":\"WebSite\",\"@id\":\"https:\/\/associationepireuil.fr\/#website\",\"url\":\"https:\/\/associationepireuil.fr\/\",\"name\":\"\",\"description\":\"\",\"potentialAction\":[{\"@type\":\"SearchAction\",\"target\":{\"@type\":\"EntryPoint\",\"urlTemplate\":\"https:\/\/associationepireuil.fr\/?s={search_term_string}\"},\"query-input\":\"required name=search_term_string\"}],\"inLanguage\":\"fr-FR\"}]}<\/script>\n<!-- \/ Yoast SEO plugin. -->","yoast_head_json":{"title":"Distribution et vente de confitures -","robots":{"index":"index","follow":"follow","max-snippet":"max-snippet:-1","max-image-preview":"max-image-preview:large","max-video-preview":"max-video-preview:-1"},"canonical":"https:\/\/associationepireuil.fr\/?page_id=1065","og_locale":"fr_FR","og_type":"article","og_title":"Distribution et vente de confitures -","og_description":"Les confitures confectionn\u00e9es sont propos\u00e9es pour l&rsquo;aide alimentaire ou \u00e0 la vente directe aux particuliers ( au profit de l&rsquo;association). Des recettes que nous avons d\u00e9j\u00e0 exp\u00e9riment\u00e9es et appr\u00e9ci\u00e9es : Confiture de p\u00eaches au romarin et noix torr\u00e9fi\u00e9es Confiture de","og_url":"https:\/\/associationepireuil.fr\/?page_id=1065","article_publisher":"https:\/\/www.facebook.com\/Epireuil\/","article_modified_time":"2021-04-28T09:08:22+00:00","og_image":[{"url":"https:\/\/associationepireuil.fr\/wp-content\/uploads\/2021\/04\/Confiboc_etape1-300x265.jpg"}],"twitter_card":"summary_large_image","twitter_misc":{"Dur\u00e9e de lecture estim\u00e9e":"2 minutes"},"schema":{"@context":"https:\/\/schema.org","@graph":[{"@type":"WebPage","@id":"https:\/\/associationepireuil.fr\/?page_id=1065","url":"https:\/\/associationepireuil.fr\/?page_id=1065","name":"Distribution et vente de confitures -","isPartOf":{"@id":"https:\/\/associationepireuil.fr\/#website"},"primaryImageOfPage":{"@id":"https:\/\/associationepireuil.fr\/?page_id=1065#primaryimage"},"image":{"@id":"https:\/\/associationepireuil.fr\/?page_id=1065#primaryimage"},"thumbnailUrl":"https:\/\/associationepireuil.fr\/wp-content\/uploads\/2021\/04\/Confiboc_etape1-300x265.jpg","datePublished":"2018-02-14T09:35:59+00:00","dateModified":"2021-04-28T09:08:22+00:00","breadcrumb":{"@id":"https:\/\/associationepireuil.fr\/?page_id=1065#breadcrumb"},"inLanguage":"fr-FR","potentialAction":[{"@type":"ReadAction","target":["https:\/\/associationepireuil.fr\/?page_id=1065"]}]},{"@type":"ImageObject","inLanguage":"fr-FR","@id":"https:\/\/associationepireuil.fr\/?page_id=1065#primaryimage","url":"https:\/\/associationepireuil.fr\/wp-content\/uploads\/2021\/04\/Confiboc_etape1.jpg","contentUrl":"https:\/\/associationepireuil.fr\/wp-content\/uploads\/2021\/04\/Confiboc_etape1.jpg","width":714,"height":630},{"@type":"BreadcrumbList","@id":"https:\/\/associationepireuil.fr\/?page_id=1065#breadcrumb","itemListElement":[{"@type":"ListItem","position":1,"name":"Accueil","item":"https:\/\/associationepireuil.fr\/"},{"@type":"ListItem","position":2,"name":"Confiboc Partag&rsquo;Eure","item":"https:\/\/associationepireuil.fr\/?page_id=1058"},{"@type":"ListItem","position":3,"name":"Distribution et vente de confitures"}]},{"@type":"WebSite","@id":"https:\/\/associationepireuil.fr\/#website","url":"https:\/\/associationepireuil.fr\/","name":"","description":"","potentialAction":[{"@type":"SearchAction","target":{"@type":"EntryPoint","urlTemplate":"https:\/\/associationepireuil.fr\/?s={search_term_string}"},"query-input":"required name=search_term_string"}],"inLanguage":"fr-FR"}]}},"_links":{"self":[{"href":"https:\/\/associationepireuil.fr\/index.php?rest_route=\/wp\/v2\/pages\/1065"}],"collection":[{"href":"https:\/\/associationepireuil.fr\/index.php?rest_route=\/wp\/v2\/pages"}],"about":[{"href":"https:\/\/associationepireuil.fr\/index.php?rest_route=\/wp\/v2\/types\/page"}],"author":[{"embeddable":true,"href":"https:\/\/associationepireuil.fr\/index.php?rest_route=\/wp\/v2\/users\/1"}],"replies":[{"embeddable":true,"href":"https:\/\/associationepireuil.fr\/index.php?rest_route=%2Fwp%2Fv2%2Fcomments&post=1065"}],"version-history":[{"count":18,"href":"https:\/\/associationepireuil.fr\/index.php?rest_route=\/wp\/v2\/pages\/1065\/revisions"}],"predecessor-version":[{"id":4631,"href":"https:\/\/associationepireuil.fr\/index.php?rest_route=\/wp\/v2\/pages\/1065\/revisions\/4631"}],"up":[{"embeddable":true,"href":"https:\/\/associationepireuil.fr\/index.php?rest_route=\/wp\/v2\/pages\/1058"}],"wp:attachment":[{"href":"https:\/\/associationepireuil.fr\/index.php?rest_route=%2Fwp%2Fv2%2Fmedia&parent=1065"}],"curies":[{"name":"wp","href":"https:\/\/api.w.org\/{rel}","templated":true}]}}