{"id":1263,"date":"2018-09-21T08:38:31","date_gmt":"2018-09-21T08:38:31","guid":{"rendered":"http:\/\/associationepireuil.fr\/?page_id=1263"},"modified":"2021-10-06T07:47:16","modified_gmt":"2021-10-06T07:47:16","slug":"nous-aider","status":"publish","type":"page","link":"https:\/\/associationepireuil.fr\/?page_id=1263","title":{"rendered":"Nous aider"},"content":{"rendered":"\t\t<div data-elementor-type=\"wp-page\" data-elementor-id=\"1263\" class=\"elementor elementor-1263\">\n\t\t\t\t\t\t<section class=\"elementor-section elementor-top-section elementor-element elementor-element-f0e5e16 elementor-section-boxed elementor-section-height-default elementor-section-height-default\" data-id=\"f0e5e16\" data-element_type=\"section\">\n\t\t\t\t\t\t<div class=\"elementor-container elementor-column-gap-default\">\n\t\t\t\t\t<div class=\"elementor-column elementor-col-100 elementor-top-column elementor-element elementor-element-c9f592c\" data-id=\"c9f592c\" data-element_type=\"column\">\n\t\t\t<div class=\"elementor-widget-wrap elementor-element-populated\">\n\t\t\t\t\t\t<div class=\"elementor-element elementor-element-5eb4c0c elementor-widget elementor-widget-heading\" data-id=\"5eb4c0c\" data-element_type=\"widget\" data-widget_type=\"heading.default\">\n\t\t\t\t<div class=\"elementor-widget-container\">\n\t\t\t<h2 class=\"elementor-heading-title elementor-size-default\">Dons financiers, de marchandises et\/ou services<\/h2>\t\t<\/div>\n\t\t\t\t<\/div>\n\t\t\t\t\t<\/div>\n\t\t<\/div>\n\t\t\t\t\t<\/div>\n\t\t<\/section>\n\t\t\t\t<section class=\"elementor-section elementor-top-section elementor-element elementor-element-21e0656 elementor-section-boxed elementor-section-height-default elementor-section-height-default\" data-id=\"21e0656\" data-element_type=\"section\">\n\t\t\t\t\t\t<div class=\"elementor-container elementor-column-gap-default\">\n\t\t\t\t\t<div class=\"elementor-column elementor-col-100 elementor-top-column elementor-element elementor-element-affcc5a\" data-id=\"affcc5a\" data-element_type=\"column\">\n\t\t\t<div class=\"elementor-widget-wrap elementor-element-populated\">\n\t\t\t\t\t\t<div class=\"elementor-element elementor-element-a834e64 elementor-widget elementor-widget-text-editor\" data-id=\"a834e64\" data-element_type=\"widget\" data-widget_type=\"text-editor.default\">\n\t\t\t\t<div class=\"elementor-widget-container\">\n\t\t\t\t\t\t\t<p><span style=\"font-size: 14pt; font-family: Roboto;\">Vous \u00eates une <strong>entreprise<\/strong> <strong>ou<\/strong> un <strong>particulier<\/strong> et <strong>vous souhaitez nous soutenir<\/strong>.<\/span><\/p><p><span style=\"font-size: 14pt; font-family: Roboto;\"><strong>Dans une logique de lutte contre le gaspillage<\/strong>, vous avez aussi, peut \u00eatre, du mat\u00e9riel ou des denr\u00e9es \u00e0 donner.<\/span><\/p><p><span style=\"font-size: 14pt; font-family: Roboto;\">Vous pouvez <strong>nous aider de diff\u00e9rentes mani\u00e8res<\/strong> :<\/span><\/p><ul><li><span style=\"font-family: Roboto;\"><strong><span style=\"font-size: 14pt;\">Dons financiers<\/span><\/strong><\/span><\/li><li><span style=\"font-size: 14pt; font-family: Roboto;\">Dons de <strong>mat\u00e9riels<\/strong> dont vous n\u2019avez plus l\u2019utilit\u00e9. Notre association peut \u00eatre int\u00e9ress\u00e9e par des \u00e9talages d\u2019Epicerie, des mat\u00e9riels frigorifiques ou de transport, du mat\u00e9riel de conditionnement (sac plastique, boite \u00e0 \u0153uf, etc.), etc&#8230; Dans le cadre des ateliers, nous sommes \u00e9galement int\u00e9ress\u00e9s par du mat\u00e9riel de bricolage (papiers, tissus, rubans, d\u00e9co, etc.)<\/span><\/li><li><span style=\"font-size: 14pt; font-family: Roboto;\">Dons de <strong>marchandises<\/strong> <strong>non-\u00e9coul\u00e9es<\/strong>. Nous r\u00e9cup\u00e9rons des produits alimentaires mais \u00e9galement des produits d\u2019hygi\u00e8ne ou d\u2019entretien (DLC courte ou DLUO courte).<\/span><\/li><li><span style=\"font-size: 14pt; font-family: Roboto;\">Dons de <strong>prestations<\/strong> (transports, etc.)<\/span><\/li><\/ul><p><span style=\"font-size: 14pt; font-family: Roboto;\"><strong>Certains<\/strong> de ces dons <strong>peuvent faire l\u2019objet d\u2019une d\u00e9fiscalisation<\/strong>.<\/span><\/p><p><span style=\"font-size: 14pt; font-family: Roboto;\"><strong>Plus d&rsquo;informations<\/strong> sur notre plaquette entreprises <strong><a href=\"http:\/\/associationepireuil.fr\/wp-content\/uploads\/2012\/07\/plaquetteEntreprisesA4Paysage-1.pdf\" target=\"_blank\" rel=\"noopener\">ici<\/a><\/strong>.<\/span><\/p>\t\t\t\t\t\t<\/div>\n\t\t\t\t<\/div>\n\t\t\t\t\t<\/div>\n\t\t<\/div>\n\t\t\t\t\t<\/div>\n\t\t<\/section>\n\t\t\t\t<section class=\"elementor-section elementor-top-section elementor-element elementor-element-60638cd elementor-section-boxed elementor-section-height-default elementor-section-height-default\" data-id=\"60638cd\" data-element_type=\"section\">\n\t\t\t\t\t\t<div class=\"elementor-container elementor-column-gap-default\">\n\t\t\t\t\t<div class=\"elementor-column elementor-col-50 elementor-top-column elementor-element elementor-element-afe1ca1\" data-id=\"afe1ca1\" data-element_type=\"column\">\n\t\t\t<div class=\"elementor-widget-wrap elementor-element-populated\">\n\t\t\t\t\t\t<div class=\"elementor-element elementor-element-50eee4b elementor-widget elementor-widget-image\" data-id=\"50eee4b\" data-element_type=\"widget\" data-widget_type=\"image.default\">\n\t\t\t\t<div class=\"elementor-widget-container\">\n\t\t\t\t\t\t\t\t\t\t\t\t\t\t<a href=\"https:\/\/fondation.edf.com\/\" target=\"_blank\" rel=\"nofollow\">\n\t\t\t\t\t\t\t<img decoding=\"async\" width=\"158\" height=\"57\" src=\"https:\/\/associationepireuil.fr\/wp-content\/uploads\/2021\/10\/Logo_fondation_edf.png\" class=\"attachment-large size-large wp-image-4875\" alt=\"Logo Fondation Groupe EDF\" \/>\t\t\t\t\t\t\t\t<\/a>\n\t\t\t\t\t\t\t\t\t\t\t\t\t<\/div>\n\t\t\t\t<\/div>\n\t\t\t\t\t<\/div>\n\t\t<\/div>\n\t\t\t\t<div class=\"elementor-column elementor-col-50 elementor-top-column elementor-element elementor-element-72a0bc2\" data-id=\"72a0bc2\" data-element_type=\"column\">\n\t\t\t<div class=\"elementor-widget-wrap elementor-element-populated\">\n\t\t\t\t\t\t<div class=\"elementor-element elementor-element-0604f64 elementor-widget elementor-widget-image\" data-id=\"0604f64\" data-element_type=\"widget\" data-widget_type=\"image.default\">\n\t\t\t\t<div class=\"elementor-widget-container\">\n\t\t\t\t\t\t\t\t\t\t\t\t\t<img decoding=\"async\" src=\"https:\/\/associationepireuil.fr\/wp-content\/uploads\/elementor\/thumbs\/west-pharma-logo-pe5nais7euqipnskg3un162lf3q5g2yy8847r3n3mo.png\" title=\"west-pharma-logo\" alt=\"Logo West Pharma\" loading=\"lazy\" \/>\t\t\t\t\t\t\t\t\t\t\t\t\t<\/div>\n\t\t\t\t<\/div>\n\t\t\t\t\t<\/div>\n\t\t<\/div>\n\t\t\t\t\t<\/div>\n\t\t<\/section>\n\t\t\t\t<section class=\"elementor-section elementor-top-section elementor-element elementor-element-a04fdba elementor-section-boxed elementor-section-height-default elementor-section-height-default\" data-id=\"a04fdba\" data-element_type=\"section\">\n\t\t\t\t\t\t<div class=\"elementor-container elementor-column-gap-default\">\n\t\t\t\t\t<div class=\"elementor-column elementor-col-100 elementor-top-column elementor-element elementor-element-4e0cd29\" data-id=\"4e0cd29\" data-element_type=\"column\">\n\t\t\t<div class=\"elementor-widget-wrap\">\n\t\t\t\t\t\t\t<\/div>\n\t\t<\/div>\n\t\t\t\t\t<\/div>\n\t\t<\/section>\n\t\t\t\t<section class=\"elementor-section elementor-top-section elementor-element elementor-element-433dcbe elementor-section-boxed elementor-section-height-default elementor-section-height-default\" data-id=\"433dcbe\" data-element_type=\"section\">\n\t\t\t\t\t\t<div class=\"elementor-container elementor-column-gap-default\">\n\t\t\t\t\t<div class=\"elementor-column elementor-col-100 elementor-top-column elementor-element elementor-element-fba460a\" data-id=\"fba460a\" data-element_type=\"column\">\n\t\t\t<div class=\"elementor-widget-wrap elementor-element-populated\">\n\t\t\t\t\t\t<div class=\"elementor-element elementor-element-758e6f9 elementor-widget elementor-widget-spacer\" data-id=\"758e6f9\" data-element_type=\"widget\" data-widget_type=\"spacer.default\">\n\t\t\t\t<div class=\"elementor-widget-container\">\n\t\t\t\t\t<div class=\"elementor-spacer\">\n\t\t\t<div class=\"elementor-spacer-inner\"><\/div>\n\t\t<\/div>\n\t\t\t\t<\/div>\n\t\t\t\t<\/div>\n\t\t\t\t\t<\/div>\n\t\t<\/div>\n\t\t\t\t\t<\/div>\n\t\t<\/section>\n\t\t\t\t<section class=\"elementor-section elementor-top-section elementor-element elementor-element-5f75be8 elementor-section-boxed elementor-section-height-default elementor-section-height-default\" data-id=\"5f75be8\" data-element_type=\"section\">\n\t\t\t\t\t\t<div class=\"elementor-container elementor-column-gap-default\">\n\t\t\t\t\t<div class=\"elementor-column elementor-col-100 elementor-top-column elementor-element elementor-element-e1929cb\" data-id=\"e1929cb\" data-element_type=\"column\">\n\t\t\t<div class=\"elementor-widget-wrap elementor-element-populated\">\n\t\t\t\t\t\t<div class=\"elementor-element elementor-element-3c6c2b0 elementor-widget elementor-widget-heading\" data-id=\"3c6c2b0\" data-element_type=\"widget\" data-widget_type=\"heading.default\">\n\t\t\t\t<div class=\"elementor-widget-container\">\n\t\t\t<h2 class=\"elementor-heading-title elementor-size-default\">Offre de mission b\u00e9n\u00e9volat<\/h2>\t\t<\/div>\n\t\t\t\t<\/div>\n\t\t\t\t\t<\/div>\n\t\t<\/div>\n\t\t\t\t\t<\/div>\n\t\t<\/section>\n\t\t\t\t<section class=\"elementor-section elementor-top-section elementor-element elementor-element-c1d4c75 elementor-section-boxed elementor-section-height-default elementor-section-height-default\" data-id=\"c1d4c75\" data-element_type=\"section\">\n\t\t\t\t\t\t<div class=\"elementor-container elementor-column-gap-default\">\n\t\t\t\t\t<div class=\"elementor-column elementor-col-100 elementor-top-column elementor-element elementor-element-a6eeab4\" data-id=\"a6eeab4\" data-element_type=\"column\">\n\t\t\t<div class=\"elementor-widget-wrap elementor-element-populated\">\n\t\t\t\t\t\t<div class=\"elementor-element elementor-element-ecefc51 elementor-widget elementor-widget-text-editor\" data-id=\"ecefc51\" data-element_type=\"widget\" data-widget_type=\"text-editor.default\">\n\t\t\t\t<div class=\"elementor-widget-container\">\n\t\t\t\t\t\t\t<p><span style=\"font-size: 14pt; font-family: Roboto;\">Pour mener \u00e0 bien ses objectifs, <strong>l\u2019association est constamment \u00e0 la recherche de \u00ab coup de main \u00bb<\/strong> \u00e0 la fois sur le p\u00f4le Epicerie et sur les ateliers de resocialisation.<\/span><\/p><p><span style=\"font-size: 14pt; font-family: Roboto;\">Retrouvez <strong><a href=\"http:\/\/associationepireuil.fr\/wp-content\/uploads\/2016\/11\/AfficheBenevolesA3_2015.pdf\" target=\"_blank\" rel=\"noopener\">ici<\/a> notre offre de missions<\/strong> b\u00e9n\u00e9voles.<\/span><\/p><p><span style=\"font-size: 14pt; font-family: Roboto;\"><strong>N\u2019h\u00e9sitez pas \u00e0 venir nous rendre visite<\/strong> si vous voulez en savoir davantage !<\/span><\/p>\t\t\t\t\t\t<\/div>\n\t\t\t\t<\/div>\n\t\t\t\t\t<\/div>\n\t\t<\/div>\n\t\t\t\t\t<\/div>\n\t\t<\/section>\n\t\t\t\t<\/div>\n\t\t","protected":false},"excerpt":{"rendered":"<p>Dons financiers, de marchandises et\/ou services Vous \u00eates une entreprise ou un particulier et vous souhaitez nous soutenir. Dans une logique de lutte contre le gaspillage, vous avez aussi, peut \u00eatre, du mat\u00e9riel ou des denr\u00e9es \u00e0 donner. Vous pouvez<\/p>\n","protected":false},"author":1,"featured_media":0,"parent":44,"menu_order":3,"comment_status":"closed","ping_status":"closed","template":"","meta":{"_eb_attr":"","footnotes":""},"yoast_head":"<!-- This site is optimized with the Yoast SEO plugin v22.2 - https:\/\/yoast.com\/wordpress\/plugins\/seo\/ -->\n<title>Nous aider -<\/title>\n<meta name=\"robots\" content=\"index, follow, max-snippet:-1, max-image-preview:large, max-video-preview:-1\" \/>\n<link rel=\"canonical\" href=\"https:\/\/associationepireuil.fr\/?page_id=1263\" \/>\n<meta property=\"og:locale\" content=\"fr_FR\" \/>\n<meta property=\"og:type\" content=\"article\" \/>\n<meta property=\"og:title\" content=\"Nous aider -\" \/>\n<meta property=\"og:description\" content=\"Dons financiers, de marchandises et\/ou services Vous \u00eates une entreprise ou un particulier et vous souhaitez nous soutenir. Dans une logique de lutte contre le gaspillage, vous avez aussi, peut \u00eatre, du mat\u00e9riel ou des denr\u00e9es \u00e0 donner. Vous pouvez\" \/>\n<meta property=\"og:url\" content=\"https:\/\/associationepireuil.fr\/?page_id=1263\" \/>\n<meta property=\"article:publisher\" content=\"https:\/\/www.facebook.com\/Epireuil\/\" \/>\n<meta property=\"article:modified_time\" content=\"2021-10-06T07:47:16+00:00\" \/>\n<meta property=\"og:image\" content=\"https:\/\/associationepireuil.fr\/wp-content\/uploads\/2021\/10\/Logo_fondation_edf.png\" \/>\n<meta name=\"twitter:card\" content=\"summary_large_image\" \/>\n<meta name=\"twitter:label1\" content=\"Dur\u00e9e de lecture estim\u00e9e\" \/>\n\t<meta name=\"twitter:data1\" content=\"2 minutes\" \/>\n<script type=\"application\/ld+json\" class=\"yoast-schema-graph\">{\"@context\":\"https:\/\/schema.org\",\"@graph\":[{\"@type\":\"WebPage\",\"@id\":\"https:\/\/associationepireuil.fr\/?page_id=1263\",\"url\":\"https:\/\/associationepireuil.fr\/?page_id=1263\",\"name\":\"Nous aider -\",\"isPartOf\":{\"@id\":\"https:\/\/associationepireuil.fr\/#website\"},\"primaryImageOfPage\":{\"@id\":\"https:\/\/associationepireuil.fr\/?page_id=1263#primaryimage\"},\"image\":{\"@id\":\"https:\/\/associationepireuil.fr\/?page_id=1263#primaryimage\"},\"thumbnailUrl\":\"https:\/\/associationepireuil.fr\/wp-content\/uploads\/2021\/10\/Logo_fondation_edf.png\",\"datePublished\":\"2018-09-21T08:38:31+00:00\",\"dateModified\":\"2021-10-06T07:47:16+00:00\",\"breadcrumb\":{\"@id\":\"https:\/\/associationepireuil.fr\/?page_id=1263#breadcrumb\"},\"inLanguage\":\"fr-FR\",\"potentialAction\":[{\"@type\":\"ReadAction\",\"target\":[\"https:\/\/associationepireuil.fr\/?page_id=1263\"]}]},{\"@type\":\"ImageObject\",\"inLanguage\":\"fr-FR\",\"@id\":\"https:\/\/associationepireuil.fr\/?page_id=1263#primaryimage\",\"url\":\"https:\/\/associationepireuil.fr\/wp-content\/uploads\/2021\/10\/Logo_fondation_edf.png\",\"contentUrl\":\"https:\/\/associationepireuil.fr\/wp-content\/uploads\/2021\/10\/Logo_fondation_edf.png\",\"width\":158,\"height\":57,\"caption\":\"Logo Fondation Groupe EDF\"},{\"@type\":\"BreadcrumbList\",\"@id\":\"https:\/\/associationepireuil.fr\/?page_id=1263#breadcrumb\",\"itemListElement\":[{\"@type\":\"ListItem\",\"position\":1,\"name\":\"Accueil\",\"item\":\"https:\/\/associationepireuil.fr\/\"},{\"@type\":\"ListItem\",\"position\":2,\"name\":\"En savoir plus\",\"item\":\"https:\/\/associationepireuil.fr\/?page_id=44\"},{\"@type\":\"ListItem\",\"position\":3,\"name\":\"Nous aider\"}]},{\"@type\":\"WebSite\",\"@id\":\"https:\/\/associationepireuil.fr\/#website\",\"url\":\"https:\/\/associationepireuil.fr\/\",\"name\":\"\",\"description\":\"\",\"potentialAction\":[{\"@type\":\"SearchAction\",\"target\":{\"@type\":\"EntryPoint\",\"urlTemplate\":\"https:\/\/associationepireuil.fr\/?s={search_term_string}\"},\"query-input\":\"required name=search_term_string\"}],\"inLanguage\":\"fr-FR\"}]}<\/script>\n<!-- \/ Yoast SEO plugin. -->","yoast_head_json":{"title":"Nous aider -","robots":{"index":"index","follow":"follow","max-snippet":"max-snippet:-1","max-image-preview":"max-image-preview:large","max-video-preview":"max-video-preview:-1"},"canonical":"https:\/\/associationepireuil.fr\/?page_id=1263","og_locale":"fr_FR","og_type":"article","og_title":"Nous aider -","og_description":"Dons financiers, de marchandises et\/ou services Vous \u00eates une entreprise ou un particulier et vous souhaitez nous soutenir. Dans une logique de lutte contre le gaspillage, vous avez aussi, peut \u00eatre, du mat\u00e9riel ou des denr\u00e9es \u00e0 donner. Vous pouvez","og_url":"https:\/\/associationepireuil.fr\/?page_id=1263","article_publisher":"https:\/\/www.facebook.com\/Epireuil\/","article_modified_time":"2021-10-06T07:47:16+00:00","og_image":[{"url":"https:\/\/associationepireuil.fr\/wp-content\/uploads\/2021\/10\/Logo_fondation_edf.png"}],"twitter_card":"summary_large_image","twitter_misc":{"Dur\u00e9e de lecture estim\u00e9e":"2 minutes"},"schema":{"@context":"https:\/\/schema.org","@graph":[{"@type":"WebPage","@id":"https:\/\/associationepireuil.fr\/?page_id=1263","url":"https:\/\/associationepireuil.fr\/?page_id=1263","name":"Nous aider -","isPartOf":{"@id":"https:\/\/associationepireuil.fr\/#website"},"primaryImageOfPage":{"@id":"https:\/\/associationepireuil.fr\/?page_id=1263#primaryimage"},"image":{"@id":"https:\/\/associationepireuil.fr\/?page_id=1263#primaryimage"},"thumbnailUrl":"https:\/\/associationepireuil.fr\/wp-content\/uploads\/2021\/10\/Logo_fondation_edf.png","datePublished":"2018-09-21T08:38:31+00:00","dateModified":"2021-10-06T07:47:16+00:00","breadcrumb":{"@id":"https:\/\/associationepireuil.fr\/?page_id=1263#breadcrumb"},"inLanguage":"fr-FR","potentialAction":[{"@type":"ReadAction","target":["https:\/\/associationepireuil.fr\/?page_id=1263"]}]},{"@type":"ImageObject","inLanguage":"fr-FR","@id":"https:\/\/associationepireuil.fr\/?page_id=1263#primaryimage","url":"https:\/\/associationepireuil.fr\/wp-content\/uploads\/2021\/10\/Logo_fondation_edf.png","contentUrl":"https:\/\/associationepireuil.fr\/wp-content\/uploads\/2021\/10\/Logo_fondation_edf.png","width":158,"height":57,"caption":"Logo Fondation Groupe EDF"},{"@type":"BreadcrumbList","@id":"https:\/\/associationepireuil.fr\/?page_id=1263#breadcrumb","itemListElement":[{"@type":"ListItem","position":1,"name":"Accueil","item":"https:\/\/associationepireuil.fr\/"},{"@type":"ListItem","position":2,"name":"En savoir plus","item":"https:\/\/associationepireuil.fr\/?page_id=44"},{"@type":"ListItem","position":3,"name":"Nous aider"}]},{"@type":"WebSite","@id":"https:\/\/associationepireuil.fr\/#website","url":"https:\/\/associationepireuil.fr\/","name":"","description":"","potentialAction":[{"@type":"SearchAction","target":{"@type":"EntryPoint","urlTemplate":"https:\/\/associationepireuil.fr\/?s={search_term_string}"},"query-input":"required name=search_term_string"}],"inLanguage":"fr-FR"}]}},"_links":{"self":[{"href":"https:\/\/associationepireuil.fr\/index.php?rest_route=\/wp\/v2\/pages\/1263"}],"collection":[{"href":"https:\/\/associationepireuil.fr\/index.php?rest_route=\/wp\/v2\/pages"}],"about":[{"href":"https:\/\/associationepireuil.fr\/index.php?rest_route=\/wp\/v2\/types\/page"}],"author":[{"embeddable":true,"href":"https:\/\/associationepireuil.fr\/index.php?rest_route=\/wp\/v2\/users\/1"}],"replies":[{"embeddable":true,"href":"https:\/\/associationepireuil.fr\/index.php?rest_route=%2Fwp%2Fv2%2Fcomments&post=1263"}],"version-history":[{"count":50,"href":"https:\/\/associationepireuil.fr\/index.php?rest_route=\/wp\/v2\/pages\/1263\/revisions"}],"predecessor-version":[{"id":4894,"href":"https:\/\/associationepireuil.fr\/index.php?rest_route=\/wp\/v2\/pages\/1263\/revisions\/4894"}],"up":[{"embeddable":true,"href":"https:\/\/associationepireuil.fr\/index.php?rest_route=\/wp\/v2\/pages\/44"}],"wp:attachment":[{"href":"https:\/\/associationepireuil.fr\/index.php?rest_route=%2Fwp%2Fv2%2Fmedia&parent=1263"}],"curies":[{"name":"wp","href":"https:\/\/api.w.org\/{rel}","templated":true}]}}