{"id":44,"date":"2012-07-03T07:38:00","date_gmt":"2012-07-03T07:38:00","guid":{"rendered":"http:\/\/associationepireuil.fr\/?page_id=44"},"modified":"2023-07-11T08:54:09","modified_gmt":"2023-07-11T08:54:09","slug":"plus-dinformations","status":"publish","type":"page","link":"https:\/\/associationepireuil.fr\/?page_id=44","title":{"rendered":"En savoir plus"},"content":{"rendered":"\t\t<div data-elementor-type=\"wp-page\" data-elementor-id=\"44\" class=\"elementor elementor-44\">\n\t\t\t\t\t\t<section class=\"elementor-section elementor-top-section elementor-element elementor-element-11a1ab5 elementor-section-boxed elementor-section-height-default elementor-section-height-default\" data-id=\"11a1ab5\" data-element_type=\"section\">\n\t\t\t\t\t\t<div class=\"elementor-container elementor-column-gap-default\">\n\t\t\t\t\t<div class=\"elementor-column elementor-col-100 elementor-top-column elementor-element elementor-element-c2300e1\" data-id=\"c2300e1\" data-element_type=\"column\">\n\t\t\t<div class=\"elementor-widget-wrap elementor-element-populated\">\n\t\t\t\t\t\t<div class=\"elementor-element elementor-element-4ea5fbb elementor-widget elementor-widget-image\" data-id=\"4ea5fbb\" data-element_type=\"widget\" data-widget_type=\"image.default\">\n\t\t\t\t<div class=\"elementor-widget-container\">\n\t\t\t\t\t\t\t\t\t\t\t\t\t<img fetchpriority=\"high\" decoding=\"async\" width=\"1204\" height=\"300\" src=\"https:\/\/associationepireuil.fr\/wp-content\/uploads\/2023\/07\/Epireuil-paroles-de-beneficiaires.png\" class=\"attachment-full size-full wp-image-5714\" alt=\"Epicerie sociale et solidaire Epireuil - paroles de b\u00e9n\u00e9ficiaires\" srcset=\"https:\/\/associationepireuil.fr\/wp-content\/uploads\/2023\/07\/Epireuil-paroles-de-beneficiaires.png 1204w, https:\/\/associationepireuil.fr\/wp-content\/uploads\/2023\/07\/Epireuil-paroles-de-beneficiaires-300x75.png 300w, https:\/\/associationepireuil.fr\/wp-content\/uploads\/2023\/07\/Epireuil-paroles-de-beneficiaires-1024x255.png 1024w, https:\/\/associationepireuil.fr\/wp-content\/uploads\/2023\/07\/Epireuil-paroles-de-beneficiaires-768x191.png 768w\" sizes=\"(max-width: 1204px) 100vw, 1204px\" \/>\t\t\t\t\t\t\t\t\t\t\t\t\t<\/div>\n\t\t\t\t<\/div>\n\t\t\t\t\t<\/div>\n\t\t<\/div>\n\t\t\t\t\t<\/div>\n\t\t<\/section>\n\t\t\t\t<section class=\"elementor-section elementor-top-section elementor-element elementor-element-0d867c2 elementor-section-boxed elementor-section-height-default elementor-section-height-default\" data-id=\"0d867c2\" data-element_type=\"section\">\n\t\t\t\t\t\t<div class=\"elementor-container elementor-column-gap-default\">\n\t\t\t\t\t<div class=\"elementor-column elementor-col-100 elementor-top-column elementor-element elementor-element-b1b8259\" data-id=\"b1b8259\" data-element_type=\"column\">\n\t\t\t<div class=\"elementor-widget-wrap elementor-element-populated\">\n\t\t\t\t\t\t<div class=\"elementor-element elementor-element-7a9f418 elementor-widget elementor-widget-spacer\" data-id=\"7a9f418\" data-element_type=\"widget\" data-widget_type=\"spacer.default\">\n\t\t\t\t<div class=\"elementor-widget-container\">\n\t\t\t\t\t<div class=\"elementor-spacer\">\n\t\t\t<div class=\"elementor-spacer-inner\"><\/div>\n\t\t<\/div>\n\t\t\t\t<\/div>\n\t\t\t\t<\/div>\n\t\t\t\t\t<\/div>\n\t\t<\/div>\n\t\t\t\t\t<\/div>\n\t\t<\/section>\n\t\t\t\t<section class=\"elementor-section elementor-top-section elementor-element elementor-element-92a128 elementor-section-boxed elementor-section-height-default elementor-section-height-default\" data-id=\"92a128\" data-element_type=\"section\">\n\t\t\t\t\t\t<div class=\"elementor-container elementor-column-gap-default\">\n\t\t\t\t\t<div class=\"elementor-column elementor-col-100 elementor-top-column elementor-element elementor-element-2c88ae3\" data-id=\"2c88ae3\" data-element_type=\"column\">\n\t\t\t<div class=\"elementor-widget-wrap elementor-element-populated\">\n\t\t\t\t\t\t<div class=\"elementor-element elementor-element-773b9e56 elementor-widget elementor-widget-text-editor\" data-id=\"773b9e56\" data-element_type=\"widget\" data-widget_type=\"text-editor.default\">\n\t\t\t\t<div class=\"elementor-widget-container\">\n\t\t\t\t\t\t\t<h3>\u00a0Des Mots Entendus chez nos B\u00e9n\u00e9ficiaires :<\/h3>\t\t\t\t\t\t<\/div>\n\t\t\t\t<\/div>\n\t\t\t\t\t<\/div>\n\t\t<\/div>\n\t\t\t\t\t<\/div>\n\t\t<\/section>\n\t\t\t\t<section class=\"elementor-section elementor-top-section elementor-element elementor-element-e385bf0 elementor-section-boxed elementor-section-height-default elementor-section-height-default\" data-id=\"e385bf0\" data-element_type=\"section\">\n\t\t\t\t\t\t<div class=\"elementor-container elementor-column-gap-default\">\n\t\t\t\t\t<div class=\"elementor-column elementor-col-100 elementor-top-column elementor-element elementor-element-963c8f8\" data-id=\"963c8f8\" data-element_type=\"column\">\n\t\t\t<div class=\"elementor-widget-wrap elementor-element-populated\">\n\t\t\t\t\t\t<div class=\"elementor-element elementor-element-190f75a elementor-widget elementor-widget-spacer\" data-id=\"190f75a\" data-element_type=\"widget\" data-widget_type=\"spacer.default\">\n\t\t\t\t<div class=\"elementor-widget-container\">\n\t\t\t\t\t<div class=\"elementor-spacer\">\n\t\t\t<div class=\"elementor-spacer-inner\"><\/div>\n\t\t<\/div>\n\t\t\t\t<\/div>\n\t\t\t\t<\/div>\n\t\t\t\t\t<\/div>\n\t\t<\/div>\n\t\t\t\t\t<\/div>\n\t\t<\/section>\n\t\t\t\t<section class=\"elementor-section elementor-top-section elementor-element elementor-element-60921c0 elementor-section-boxed elementor-section-height-default elementor-section-height-default\" data-id=\"60921c0\" data-element_type=\"section\">\n\t\t\t\t\t\t<div class=\"elementor-container elementor-column-gap-default\">\n\t\t\t\t\t<div class=\"elementor-column elementor-col-100 elementor-top-column elementor-element elementor-element-a960f6b\" data-id=\"a960f6b\" data-element_type=\"column\">\n\t\t\t<div class=\"elementor-widget-wrap elementor-element-populated\">\n\t\t\t\t\t\t<div class=\"elementor-element elementor-element-d411df1 elementor-widget elementor-widget-text-editor\" data-id=\"d411df1\" data-element_type=\"widget\" data-widget_type=\"text-editor.default\">\n\t\t\t\t<div class=\"elementor-widget-container\">\n\t\t\t\t\t\t\t<p><strong><em>\u00ab L&rsquo;\u00c9picerie Sociale m\u2019apporte un plus dans la vie courante. \u00bb<\/em><\/strong><\/p>\t\t\t\t\t\t<\/div>\n\t\t\t\t<\/div>\n\t\t\t\t\t<\/div>\n\t\t<\/div>\n\t\t\t\t\t<\/div>\n\t\t<\/section>\n\t\t\t\t<section class=\"elementor-section elementor-top-section elementor-element elementor-element-f27d178 elementor-section-boxed elementor-section-height-default elementor-section-height-default\" data-id=\"f27d178\" data-element_type=\"section\">\n\t\t\t\t\t\t<div class=\"elementor-container elementor-column-gap-default\">\n\t\t\t\t\t<div class=\"elementor-column elementor-col-100 elementor-top-column elementor-element elementor-element-769b449\" data-id=\"769b449\" data-element_type=\"column\">\n\t\t\t<div class=\"elementor-widget-wrap elementor-element-populated\">\n\t\t\t\t\t\t<div class=\"elementor-element elementor-element-7604644 elementor-widget elementor-widget-text-editor\" data-id=\"7604644\" data-element_type=\"widget\" data-widget_type=\"text-editor.default\">\n\t\t\t\t<div class=\"elementor-widget-container\">\n\t\t\t\t\t\t\t<p><strong><em>\u00ab Payer nos produits m\u00eame si c\u2019est une participation modique, \u00e7a nous permet de garder sa fiert\u00e9 \u00bb.<\/em><\/strong><\/p>\t\t\t\t\t\t<\/div>\n\t\t\t\t<\/div>\n\t\t\t\t\t<\/div>\n\t\t<\/div>\n\t\t\t\t\t<\/div>\n\t\t<\/section>\n\t\t\t\t<section class=\"elementor-section elementor-top-section elementor-element elementor-element-07b5bcb elementor-section-boxed elementor-section-height-default elementor-section-height-default\" data-id=\"07b5bcb\" data-element_type=\"section\">\n\t\t\t\t\t\t<div class=\"elementor-container elementor-column-gap-default\">\n\t\t\t\t\t<div class=\"elementor-column elementor-col-100 elementor-top-column elementor-element elementor-element-c496b7a\" data-id=\"c496b7a\" data-element_type=\"column\">\n\t\t\t<div class=\"elementor-widget-wrap elementor-element-populated\">\n\t\t\t\t\t\t<div class=\"elementor-element elementor-element-175c507 elementor-widget elementor-widget-text-editor\" data-id=\"175c507\" data-element_type=\"widget\" data-widget_type=\"text-editor.default\">\n\t\t\t\t<div class=\"elementor-widget-container\">\n\t\t\t\t\t\t\t<p><strong><em>\u00ab Les bons alimentaires, c\u2019est bien. Mais quand on passe \u00e0 la caisse d&rsquo;un supermarch\u00e9 et qu\u2019on appelle \u00e0 haute voix le responsable, c\u2019est tr\u00e8s humiliant \u00bb<\/em><\/strong><\/p>\t\t\t\t\t\t<\/div>\n\t\t\t\t<\/div>\n\t\t\t\t\t<\/div>\n\t\t<\/div>\n\t\t\t\t\t<\/div>\n\t\t<\/section>\n\t\t\t\t<section class=\"elementor-section elementor-top-section elementor-element elementor-element-b494690 elementor-section-boxed elementor-section-height-default elementor-section-height-default\" data-id=\"b494690\" data-element_type=\"section\">\n\t\t\t\t\t\t<div class=\"elementor-container elementor-column-gap-default\">\n\t\t\t\t\t<div class=\"elementor-column elementor-col-100 elementor-top-column elementor-element elementor-element-c309e7c\" data-id=\"c309e7c\" data-element_type=\"column\">\n\t\t\t<div class=\"elementor-widget-wrap elementor-element-populated\">\n\t\t\t\t\t\t<div class=\"elementor-element elementor-element-8c729bd elementor-widget elementor-widget-text-editor\" data-id=\"8c729bd\" data-element_type=\"widget\" data-widget_type=\"text-editor.default\">\n\t\t\t\t<div class=\"elementor-widget-container\">\n\t\t\t\t\t\t\t<p><strong><em>\u00ab Quand je fais mes courses avec mes bons alimentaires, pour \u00e9viter mes voisins ou des gens que je connais, je fais des tours et des tours dans le magasin pour ne pas passer en m\u00eame temps qu\u2019eux. \u00bb<\/em><\/strong><\/p>\t\t\t\t\t\t<\/div>\n\t\t\t\t<\/div>\n\t\t\t\t\t<\/div>\n\t\t<\/div>\n\t\t\t\t\t<\/div>\n\t\t<\/section>\n\t\t\t\t<section class=\"elementor-section elementor-top-section elementor-element elementor-element-0554dd3 elementor-section-boxed elementor-section-height-default elementor-section-height-default\" data-id=\"0554dd3\" data-element_type=\"section\">\n\t\t\t\t\t\t<div class=\"elementor-container elementor-column-gap-default\">\n\t\t\t\t\t<div class=\"elementor-column elementor-col-100 elementor-top-column elementor-element elementor-element-eca81fd\" data-id=\"eca81fd\" data-element_type=\"column\">\n\t\t\t<div class=\"elementor-widget-wrap elementor-element-populated\">\n\t\t\t\t\t\t<div class=\"elementor-element elementor-element-20b2156 elementor-widget elementor-widget-text-editor\" data-id=\"20b2156\" data-element_type=\"widget\" data-widget_type=\"text-editor.default\">\n\t\t\t\t<div class=\"elementor-widget-container\">\n\t\t\t\t\t\t\t<p><strong><em>\u00ab \u00c7a me fait du bien d\u2019\u00eatre l\u00e0, \u00e7a fait 3 jours que je n\u2019ai vu personne. \u00bb<\/em><\/strong><\/p>\t\t\t\t\t\t<\/div>\n\t\t\t\t<\/div>\n\t\t\t\t\t<\/div>\n\t\t<\/div>\n\t\t\t\t\t<\/div>\n\t\t<\/section>\n\t\t\t\t<section class=\"elementor-section elementor-top-section elementor-element elementor-element-505c6c8 elementor-section-boxed elementor-section-height-default elementor-section-height-default\" data-id=\"505c6c8\" data-element_type=\"section\">\n\t\t\t\t\t\t<div class=\"elementor-container elementor-column-gap-default\">\n\t\t\t\t\t<div class=\"elementor-column elementor-col-100 elementor-top-column elementor-element elementor-element-d2820cc\" data-id=\"d2820cc\" data-element_type=\"column\">\n\t\t\t<div class=\"elementor-widget-wrap elementor-element-populated\">\n\t\t\t\t\t\t<div class=\"elementor-element elementor-element-c3298cc elementor-widget elementor-widget-text-editor\" data-id=\"c3298cc\" data-element_type=\"widget\" data-widget_type=\"text-editor.default\">\n\t\t\t\t<div class=\"elementor-widget-container\">\n\t\t\t\t\t\t\t<p><strong><em>\u00ab Merci, j\u2019ai fait des connaissances et j\u2019ai pu participer \u00e0 un projet \u00e0 ma petite mesure \u00bb<\/em><\/strong><\/p>\t\t\t\t\t\t<\/div>\n\t\t\t\t<\/div>\n\t\t\t\t\t<\/div>\n\t\t<\/div>\n\t\t\t\t\t<\/div>\n\t\t<\/section>\n\t\t\t\t<section class=\"elementor-section elementor-top-section elementor-element elementor-element-1c6c804 elementor-section-boxed elementor-section-height-default elementor-section-height-default\" data-id=\"1c6c804\" data-element_type=\"section\">\n\t\t\t\t\t\t<div class=\"elementor-container elementor-column-gap-default\">\n\t\t\t\t\t<div class=\"elementor-column elementor-col-100 elementor-top-column elementor-element elementor-element-0242b54\" data-id=\"0242b54\" data-element_type=\"column\">\n\t\t\t<div class=\"elementor-widget-wrap elementor-element-populated\">\n\t\t\t\t\t\t<div class=\"elementor-element elementor-element-4261a5f elementor-widget elementor-widget-text-editor\" data-id=\"4261a5f\" data-element_type=\"widget\" data-widget_type=\"text-editor.default\">\n\t\t\t\t<div class=\"elementor-widget-container\">\n\t\t\t\t\t\t\t<p><strong><em>\u00ab C\u2019est agr\u00e9able, je viens faire des courses et je passe un bon moment \u00bb<\/em><\/strong><\/p>\t\t\t\t\t\t<\/div>\n\t\t\t\t<\/div>\n\t\t\t\t\t<\/div>\n\t\t<\/div>\n\t\t\t\t\t<\/div>\n\t\t<\/section>\n\t\t\t\t<section class=\"elementor-section elementor-top-section elementor-element elementor-element-eceae25 elementor-section-boxed elementor-section-height-default elementor-section-height-default\" data-id=\"eceae25\" data-element_type=\"section\">\n\t\t\t\t\t\t<div class=\"elementor-container elementor-column-gap-default\">\n\t\t\t\t\t<div class=\"elementor-column elementor-col-100 elementor-top-column elementor-element elementor-element-55e9182\" data-id=\"55e9182\" data-element_type=\"column\">\n\t\t\t<div class=\"elementor-widget-wrap elementor-element-populated\">\n\t\t\t\t\t\t<div class=\"elementor-element elementor-element-ffdbc49 elementor-widget elementor-widget-text-editor\" data-id=\"ffdbc49\" data-element_type=\"widget\" data-widget_type=\"text-editor.default\">\n\t\t\t\t<div class=\"elementor-widget-container\">\n\t\t\t\t\t\t\t<p><strong><em>\u00ab Demander de l\u2019aide alimentaire, \u00e7a n\u2019est pas une d\u00e9marche facile \u00bb<\/em><\/strong><\/p>\t\t\t\t\t\t<\/div>\n\t\t\t\t<\/div>\n\t\t\t\t\t<\/div>\n\t\t<\/div>\n\t\t\t\t\t<\/div>\n\t\t<\/section>\n\t\t\t\t<section class=\"elementor-section elementor-top-section elementor-element elementor-element-caa9570 elementor-section-boxed elementor-section-height-default elementor-section-height-default\" data-id=\"caa9570\" data-element_type=\"section\">\n\t\t\t\t\t\t<div class=\"elementor-container elementor-column-gap-default\">\n\t\t\t\t\t<div class=\"elementor-column elementor-col-100 elementor-top-column elementor-element elementor-element-96f33bc\" data-id=\"96f33bc\" data-element_type=\"column\">\n\t\t\t<div class=\"elementor-widget-wrap elementor-element-populated\">\n\t\t\t\t\t\t<div class=\"elementor-element elementor-element-31c8bb1 elementor-widget elementor-widget-text-editor\" data-id=\"31c8bb1\" data-element_type=\"widget\" data-widget_type=\"text-editor.default\">\n\t\t\t\t<div class=\"elementor-widget-container\">\n\t\t\t\t\t\t\t<p><strong><em>\u00ab On a l\u2019impression de faire nos courses comme dans un magasin. \u00bb<\/em><\/strong><\/p>\t\t\t\t\t\t<\/div>\n\t\t\t\t<\/div>\n\t\t\t\t\t<\/div>\n\t\t<\/div>\n\t\t\t\t\t<\/div>\n\t\t<\/section>\n\t\t\t\t<section class=\"elementor-section elementor-top-section elementor-element elementor-element-f790573 elementor-section-boxed elementor-section-height-default elementor-section-height-default\" data-id=\"f790573\" data-element_type=\"section\">\n\t\t\t\t\t\t<div class=\"elementor-container elementor-column-gap-default\">\n\t\t\t\t\t<div class=\"elementor-column elementor-col-100 elementor-top-column elementor-element elementor-element-cd6fb80\" data-id=\"cd6fb80\" data-element_type=\"column\">\n\t\t\t<div class=\"elementor-widget-wrap elementor-element-populated\">\n\t\t\t\t\t\t<div class=\"elementor-element elementor-element-4ef6775 elementor-widget elementor-widget-text-editor\" data-id=\"4ef6775\" data-element_type=\"widget\" data-widget_type=\"text-editor.default\">\n\t\t\t\t<div class=\"elementor-widget-container\">\n\t\t\t\t\t\t\t<p><strong><em>\u00ab Ca me change les id\u00e9es de venir ici. \u00bb<\/em><\/strong><\/p>\t\t\t\t\t\t<\/div>\n\t\t\t\t<\/div>\n\t\t\t\t\t<\/div>\n\t\t<\/div>\n\t\t\t\t\t<\/div>\n\t\t<\/section>\n\t\t\t\t<\/div>\n\t\t","protected":false},"excerpt":{"rendered":"<p>\u00a0Des Mots Entendus chez nos B\u00e9n\u00e9ficiaires : \u00ab L&rsquo;\u00c9picerie Sociale m\u2019apporte un plus dans la vie courante. \u00bb \u00ab Payer nos produits m\u00eame si c\u2019est une participation modique, \u00e7a nous permet de garder sa fiert\u00e9 \u00bb. \u00ab Les bons alimentaires,<\/p>\n","protected":false},"author":1,"featured_media":0,"parent":0,"menu_order":6,"comment_status":"closed","ping_status":"open","template":"","meta":{"_eb_attr":"","footnotes":""},"yoast_head":"<!-- This site is optimized with the Yoast SEO plugin v22.2 - https:\/\/yoast.com\/wordpress\/plugins\/seo\/ -->\n<title>En savoir plus -<\/title>\n<meta name=\"robots\" content=\"index, follow, max-snippet:-1, max-image-preview:large, max-video-preview:-1\" \/>\n<link rel=\"canonical\" href=\"https:\/\/associationepireuil.fr\/?page_id=44\" \/>\n<meta property=\"og:locale\" content=\"fr_FR\" \/>\n<meta property=\"og:type\" content=\"article\" \/>\n<meta property=\"og:title\" content=\"En savoir plus -\" \/>\n<meta property=\"og:description\" content=\"\u00a0Des Mots Entendus chez nos B\u00e9n\u00e9ficiaires : \u00ab L&rsquo;\u00c9picerie Sociale m\u2019apporte un plus dans la vie courante. \u00bb \u00ab Payer nos produits m\u00eame si c\u2019est une participation modique, \u00e7a nous permet de garder sa fiert\u00e9 \u00bb. \u00ab Les bons alimentaires,\" \/>\n<meta property=\"og:url\" content=\"https:\/\/associationepireuil.fr\/?page_id=44\" \/>\n<meta property=\"article:publisher\" content=\"https:\/\/www.facebook.com\/Epireuil\/\" \/>\n<meta property=\"article:modified_time\" content=\"2023-07-11T08:54:09+00:00\" \/>\n<meta property=\"og:image\" content=\"https:\/\/associationepireuil.fr\/wp-content\/uploads\/2023\/07\/Epireuil-paroles-de-beneficiaires.png\" \/>\n<meta name=\"twitter:card\" content=\"summary_large_image\" \/>\n<meta name=\"twitter:label1\" content=\"Dur\u00e9e de lecture estim\u00e9e\" \/>\n\t<meta name=\"twitter:data1\" content=\"2 minutes\" \/>\n<script type=\"application\/ld+json\" class=\"yoast-schema-graph\">{\"@context\":\"https:\/\/schema.org\",\"@graph\":[{\"@type\":\"WebPage\",\"@id\":\"https:\/\/associationepireuil.fr\/?page_id=44\",\"url\":\"https:\/\/associationepireuil.fr\/?page_id=44\",\"name\":\"En savoir plus -\",\"isPartOf\":{\"@id\":\"https:\/\/associationepireuil.fr\/#website\"},\"primaryImageOfPage\":{\"@id\":\"https:\/\/associationepireuil.fr\/?page_id=44#primaryimage\"},\"image\":{\"@id\":\"https:\/\/associationepireuil.fr\/?page_id=44#primaryimage\"},\"thumbnailUrl\":\"https:\/\/associationepireuil.fr\/wp-content\/uploads\/2023\/07\/Epireuil-paroles-de-beneficiaires.png\",\"datePublished\":\"2012-07-03T07:38:00+00:00\",\"dateModified\":\"2023-07-11T08:54:09+00:00\",\"breadcrumb\":{\"@id\":\"https:\/\/associationepireuil.fr\/?page_id=44#breadcrumb\"},\"inLanguage\":\"fr-FR\",\"potentialAction\":[{\"@type\":\"ReadAction\",\"target\":[\"https:\/\/associationepireuil.fr\/?page_id=44\"]}]},{\"@type\":\"ImageObject\",\"inLanguage\":\"fr-FR\",\"@id\":\"https:\/\/associationepireuil.fr\/?page_id=44#primaryimage\",\"url\":\"https:\/\/associationepireuil.fr\/wp-content\/uploads\/2023\/07\/Epireuil-paroles-de-beneficiaires.png\",\"contentUrl\":\"https:\/\/associationepireuil.fr\/wp-content\/uploads\/2023\/07\/Epireuil-paroles-de-beneficiaires.png\",\"width\":1204,\"height\":300,\"caption\":\"Paroles de b\u00e9n\u00e9ficiaires\"},{\"@type\":\"BreadcrumbList\",\"@id\":\"https:\/\/associationepireuil.fr\/?page_id=44#breadcrumb\",\"itemListElement\":[{\"@type\":\"ListItem\",\"position\":1,\"name\":\"Accueil\",\"item\":\"https:\/\/associationepireuil.fr\/\"},{\"@type\":\"ListItem\",\"position\":2,\"name\":\"En savoir plus\"}]},{\"@type\":\"WebSite\",\"@id\":\"https:\/\/associationepireuil.fr\/#website\",\"url\":\"https:\/\/associationepireuil.fr\/\",\"name\":\"\",\"description\":\"\",\"potentialAction\":[{\"@type\":\"SearchAction\",\"target\":{\"@type\":\"EntryPoint\",\"urlTemplate\":\"https:\/\/associationepireuil.fr\/?s={search_term_string}\"},\"query-input\":\"required name=search_term_string\"}],\"inLanguage\":\"fr-FR\"}]}<\/script>\n<!-- \/ Yoast SEO plugin. -->","yoast_head_json":{"title":"En savoir plus -","robots":{"index":"index","follow":"follow","max-snippet":"max-snippet:-1","max-image-preview":"max-image-preview:large","max-video-preview":"max-video-preview:-1"},"canonical":"https:\/\/associationepireuil.fr\/?page_id=44","og_locale":"fr_FR","og_type":"article","og_title":"En savoir plus -","og_description":"\u00a0Des Mots Entendus chez nos B\u00e9n\u00e9ficiaires : \u00ab L&rsquo;\u00c9picerie Sociale m\u2019apporte un plus dans la vie courante. \u00bb \u00ab Payer nos produits m\u00eame si c\u2019est une participation modique, \u00e7a nous permet de garder sa fiert\u00e9 \u00bb. \u00ab Les bons alimentaires,","og_url":"https:\/\/associationepireuil.fr\/?page_id=44","article_publisher":"https:\/\/www.facebook.com\/Epireuil\/","article_modified_time":"2023-07-11T08:54:09+00:00","og_image":[{"url":"https:\/\/associationepireuil.fr\/wp-content\/uploads\/2023\/07\/Epireuil-paroles-de-beneficiaires.png"}],"twitter_card":"summary_large_image","twitter_misc":{"Dur\u00e9e de lecture estim\u00e9e":"2 minutes"},"schema":{"@context":"https:\/\/schema.org","@graph":[{"@type":"WebPage","@id":"https:\/\/associationepireuil.fr\/?page_id=44","url":"https:\/\/associationepireuil.fr\/?page_id=44","name":"En savoir plus -","isPartOf":{"@id":"https:\/\/associationepireuil.fr\/#website"},"primaryImageOfPage":{"@id":"https:\/\/associationepireuil.fr\/?page_id=44#primaryimage"},"image":{"@id":"https:\/\/associationepireuil.fr\/?page_id=44#primaryimage"},"thumbnailUrl":"https:\/\/associationepireuil.fr\/wp-content\/uploads\/2023\/07\/Epireuil-paroles-de-beneficiaires.png","datePublished":"2012-07-03T07:38:00+00:00","dateModified":"2023-07-11T08:54:09+00:00","breadcrumb":{"@id":"https:\/\/associationepireuil.fr\/?page_id=44#breadcrumb"},"inLanguage":"fr-FR","potentialAction":[{"@type":"ReadAction","target":["https:\/\/associationepireuil.fr\/?page_id=44"]}]},{"@type":"ImageObject","inLanguage":"fr-FR","@id":"https:\/\/associationepireuil.fr\/?page_id=44#primaryimage","url":"https:\/\/associationepireuil.fr\/wp-content\/uploads\/2023\/07\/Epireuil-paroles-de-beneficiaires.png","contentUrl":"https:\/\/associationepireuil.fr\/wp-content\/uploads\/2023\/07\/Epireuil-paroles-de-beneficiaires.png","width":1204,"height":300,"caption":"Paroles de b\u00e9n\u00e9ficiaires"},{"@type":"BreadcrumbList","@id":"https:\/\/associationepireuil.fr\/?page_id=44#breadcrumb","itemListElement":[{"@type":"ListItem","position":1,"name":"Accueil","item":"https:\/\/associationepireuil.fr\/"},{"@type":"ListItem","position":2,"name":"En savoir plus"}]},{"@type":"WebSite","@id":"https:\/\/associationepireuil.fr\/#website","url":"https:\/\/associationepireuil.fr\/","name":"","description":"","potentialAction":[{"@type":"SearchAction","target":{"@type":"EntryPoint","urlTemplate":"https:\/\/associationepireuil.fr\/?s={search_term_string}"},"query-input":"required name=search_term_string"}],"inLanguage":"fr-FR"}]}},"_links":{"self":[{"href":"https:\/\/associationepireuil.fr\/index.php?rest_route=\/wp\/v2\/pages\/44"}],"collection":[{"href":"https:\/\/associationepireuil.fr\/index.php?rest_route=\/wp\/v2\/pages"}],"about":[{"href":"https:\/\/associationepireuil.fr\/index.php?rest_route=\/wp\/v2\/types\/page"}],"author":[{"embeddable":true,"href":"https:\/\/associationepireuil.fr\/index.php?rest_route=\/wp\/v2\/users\/1"}],"replies":[{"embeddable":true,"href":"https:\/\/associationepireuil.fr\/index.php?rest_route=%2Fwp%2Fv2%2Fcomments&post=44"}],"version-history":[{"count":25,"href":"https:\/\/associationepireuil.fr\/index.php?rest_route=\/wp\/v2\/pages\/44\/revisions"}],"predecessor-version":[{"id":5720,"href":"https:\/\/associationepireuil.fr\/index.php?rest_route=\/wp\/v2\/pages\/44\/revisions\/5720"}],"wp:attachment":[{"href":"https:\/\/associationepireuil.fr\/index.php?rest_route=%2Fwp%2Fv2%2Fmedia&parent=44"}],"curies":[{"name":"wp","href":"https:\/\/api.w.org\/{rel}","templated":true}]}}