{"id":46,"date":"2012-07-03T07:38:36","date_gmt":"2012-07-03T07:38:36","guid":{"rendered":"http:\/\/associationepireuil.fr\/?page_id=46"},"modified":"2023-07-11T07:26:49","modified_gmt":"2023-07-11T07:26:49","slug":"nos-rapports-dactivite","status":"publish","type":"page","link":"https:\/\/associationepireuil.fr\/?page_id=46","title":{"rendered":"Nos rapports d&rsquo;activit\u00e9"},"content":{"rendered":"\t\t<div data-elementor-type=\"wp-page\" data-elementor-id=\"46\" class=\"elementor elementor-46\">\n\t\t\t\t\t\t<section class=\"elementor-section elementor-top-section elementor-element elementor-element-eae4d88 elementor-section-boxed elementor-section-height-default elementor-section-height-default\" data-id=\"eae4d88\" data-element_type=\"section\">\n\t\t\t\t\t\t<div class=\"elementor-container elementor-column-gap-default\">\n\t\t\t\t\t<div class=\"elementor-column elementor-col-100 elementor-top-column elementor-element elementor-element-20fb031\" data-id=\"20fb031\" data-element_type=\"column\">\n\t\t\t<div class=\"elementor-widget-wrap elementor-element-populated\">\n\t\t\t\t\t\t<div class=\"elementor-element elementor-element-4b8e770 elementor-widget elementor-widget-heading\" data-id=\"4b8e770\" data-element_type=\"widget\" data-widget_type=\"heading.default\">\n\t\t\t\t<div class=\"elementor-widget-container\">\n\t\t\t<h2 class=\"elementor-heading-title elementor-size-default\">Les projets<\/h2>\t\t<\/div>\n\t\t\t\t<\/div>\n\t\t\t\t\t<\/div>\n\t\t<\/div>\n\t\t\t\t\t<\/div>\n\t\t<\/section>\n\t\t\t\t<section class=\"elementor-section elementor-top-section elementor-element elementor-element-4574091 elementor-section-boxed elementor-section-height-default elementor-section-height-default\" data-id=\"4574091\" data-element_type=\"section\">\n\t\t\t\t\t\t<div class=\"elementor-container elementor-column-gap-default\">\n\t\t\t\t\t<div class=\"elementor-column elementor-col-100 elementor-top-column elementor-element elementor-element-c5c9f11\" data-id=\"c5c9f11\" data-element_type=\"column\">\n\t\t\t<div class=\"elementor-widget-wrap elementor-element-populated\">\n\t\t\t\t\t\t<div class=\"elementor-element elementor-element-0ac19d1 elementor-widget elementor-widget-spacer\" data-id=\"0ac19d1\" data-element_type=\"widget\" data-widget_type=\"spacer.default\">\n\t\t\t\t<div class=\"elementor-widget-container\">\n\t\t\t\t\t<div class=\"elementor-spacer\">\n\t\t\t<div class=\"elementor-spacer-inner\"><\/div>\n\t\t<\/div>\n\t\t\t\t<\/div>\n\t\t\t\t<\/div>\n\t\t\t\t\t<\/div>\n\t\t<\/div>\n\t\t\t\t\t<\/div>\n\t\t<\/section>\n\t\t\t\t<section class=\"elementor-section elementor-top-section elementor-element elementor-element-adde462 elementor-section-boxed elementor-section-height-default elementor-section-height-default\" data-id=\"adde462\" data-element_type=\"section\">\n\t\t\t\t\t\t<div class=\"elementor-container elementor-column-gap-default\">\n\t\t\t\t\t<div class=\"elementor-column elementor-col-100 elementor-top-column elementor-element elementor-element-f99587d\" data-id=\"f99587d\" data-element_type=\"column\">\n\t\t\t<div class=\"elementor-widget-wrap elementor-element-populated\">\n\t\t\t\t\t\t<div class=\"elementor-element elementor-element-34cddcc elementor-view-stacked elementor-shape-circle elementor-widget elementor-widget-icon\" data-id=\"34cddcc\" data-element_type=\"widget\" data-widget_type=\"icon.default\">\n\t\t\t\t<div class=\"elementor-widget-container\">\n\t\t\t\t\t<div class=\"elementor-icon-wrapper\">\n\t\t\t<a class=\"elementor-icon\" href=\"http:\/\/associationepireuil.fr\/wp-content\/uploads\/2020\/02\/PROJET-2020.pdf\">\n\t\t\t<i aria-hidden=\"true\" class=\"fas fa-file-alt\"><\/i>\t\t\t<\/a>\n\t\t<\/div>\n\t\t\t\t<\/div>\n\t\t\t\t<\/div>\n\t\t\t\t\t<\/div>\n\t\t<\/div>\n\t\t\t\t\t<\/div>\n\t\t<\/section>\n\t\t\t\t<section class=\"elementor-section elementor-top-section elementor-element elementor-element-6be5345 elementor-section-boxed elementor-section-height-default elementor-section-height-default\" data-id=\"6be5345\" data-element_type=\"section\">\n\t\t\t\t\t\t<div class=\"elementor-container elementor-column-gap-default\">\n\t\t\t\t\t<div class=\"elementor-column elementor-col-100 elementor-top-column elementor-element elementor-element-a84b69e\" data-id=\"a84b69e\" data-element_type=\"column\">\n\t\t\t<div class=\"elementor-widget-wrap elementor-element-populated\">\n\t\t\t\t\t\t<div class=\"elementor-element elementor-element-2015ebc elementor-widget elementor-widget-spacer\" data-id=\"2015ebc\" data-element_type=\"widget\" data-widget_type=\"spacer.default\">\n\t\t\t\t<div class=\"elementor-widget-container\">\n\t\t\t\t\t<div class=\"elementor-spacer\">\n\t\t\t<div class=\"elementor-spacer-inner\"><\/div>\n\t\t<\/div>\n\t\t\t\t<\/div>\n\t\t\t\t<\/div>\n\t\t\t\t\t<\/div>\n\t\t<\/div>\n\t\t\t\t\t<\/div>\n\t\t<\/section>\n\t\t\t\t<section class=\"elementor-section elementor-top-section elementor-element elementor-element-fb80343 elementor-section-boxed elementor-section-height-default elementor-section-height-default\" data-id=\"fb80343\" data-element_type=\"section\">\n\t\t\t\t\t\t<div class=\"elementor-container elementor-column-gap-default\">\n\t\t\t\t\t<div class=\"elementor-column elementor-col-100 elementor-top-column elementor-element elementor-element-ea320e3\" data-id=\"ea320e3\" data-element_type=\"column\">\n\t\t\t<div class=\"elementor-widget-wrap elementor-element-populated\">\n\t\t\t\t\t\t<div class=\"elementor-element elementor-element-45e582a elementor-widget elementor-widget-heading\" data-id=\"45e582a\" data-element_type=\"widget\" data-widget_type=\"heading.default\">\n\t\t\t\t<div class=\"elementor-widget-container\">\n\t\t\t<h2 class=\"elementor-heading-title elementor-size-default\">Les rapports d'activit\u00e9<\/h2>\t\t<\/div>\n\t\t\t\t<\/div>\n\t\t\t\t\t<\/div>\n\t\t<\/div>\n\t\t\t\t\t<\/div>\n\t\t<\/section>\n\t\t\t\t<section class=\"elementor-section elementor-top-section elementor-element elementor-element-bc7fd9d elementor-section-boxed elementor-section-height-default elementor-section-height-default\" data-id=\"bc7fd9d\" data-element_type=\"section\">\n\t\t\t\t\t\t<div class=\"elementor-container elementor-column-gap-default\">\n\t\t\t\t\t<div class=\"elementor-column elementor-col-100 elementor-top-column elementor-element elementor-element-06fdacc\" data-id=\"06fdacc\" data-element_type=\"column\">\n\t\t\t<div class=\"elementor-widget-wrap elementor-element-populated\">\n\t\t\t\t\t\t<div class=\"elementor-element elementor-element-be9eb40 elementor-widget elementor-widget-spacer\" data-id=\"be9eb40\" data-element_type=\"widget\" data-widget_type=\"spacer.default\">\n\t\t\t\t<div class=\"elementor-widget-container\">\n\t\t\t\t\t<div class=\"elementor-spacer\">\n\t\t\t<div class=\"elementor-spacer-inner\"><\/div>\n\t\t<\/div>\n\t\t\t\t<\/div>\n\t\t\t\t<\/div>\n\t\t\t\t\t<\/div>\n\t\t<\/div>\n\t\t\t\t\t<\/div>\n\t\t<\/section>\n\t\t\t\t<section class=\"elementor-section elementor-top-section elementor-element elementor-element-4dd284f elementor-section-boxed elementor-section-height-default elementor-section-height-default\" data-id=\"4dd284f\" data-element_type=\"section\">\n\t\t\t\t\t\t<div class=\"elementor-container elementor-column-gap-default\">\n\t\t\t\t\t<div class=\"elementor-column elementor-col-33 elementor-top-column elementor-element elementor-element-f376f13\" data-id=\"f376f13\" data-element_type=\"column\">\n\t\t\t<div class=\"elementor-widget-wrap elementor-element-populated\">\n\t\t\t\t\t\t<div class=\"elementor-element elementor-element-cfbef5f elementor-view-framed elementor-shape-circle elementor-widget elementor-widget-icon\" data-id=\"cfbef5f\" data-element_type=\"widget\" data-widget_type=\"icon.default\">\n\t\t\t\t<div class=\"elementor-widget-container\">\n\t\t\t\t\t<div class=\"elementor-icon-wrapper\">\n\t\t\t<a class=\"elementor-icon\" href=\"https:\/\/associationepireuil.fr\/wp-content\/uploads\/2023\/07\/Epireuil_rapport_2022.pdf\" target=\"_blank\">\n\t\t\t<i aria-hidden=\"true\" class=\"fas fa-file-alt\"><\/i>\t\t\t<\/a>\n\t\t<\/div>\n\t\t\t\t<\/div>\n\t\t\t\t<\/div>\n\t\t\t\t<div class=\"elementor-element elementor-element-7e5e8d4 elementor-widget elementor-widget-text-editor\" data-id=\"7e5e8d4\" data-element_type=\"widget\" data-widget_type=\"text-editor.default\">\n\t\t\t\t<div class=\"elementor-widget-container\">\n\t\t\t\t\t\t\t<p style=\"text-align: center;\"><b>2022<\/b><\/p>\t\t\t\t\t\t<\/div>\n\t\t\t\t<\/div>\n\t\t\t\t\t<\/div>\n\t\t<\/div>\n\t\t\t\t<div class=\"elementor-column elementor-col-33 elementor-top-column elementor-element elementor-element-6504e36\" data-id=\"6504e36\" data-element_type=\"column\">\n\t\t\t<div class=\"elementor-widget-wrap elementor-element-populated\">\n\t\t\t\t\t\t<div class=\"elementor-element elementor-element-a0823e8 elementor-view-stacked elementor-shape-circle elementor-widget elementor-widget-icon\" data-id=\"a0823e8\" data-element_type=\"widget\" data-widget_type=\"icon.default\">\n\t\t\t\t<div class=\"elementor-widget-container\">\n\t\t\t\t\t<div class=\"elementor-icon-wrapper\">\n\t\t\t<a class=\"elementor-icon\" href=\"https:\/\/associationepireuil.fr\/wp-content\/uploads\/2022\/10\/RA-2021.pdf\" target=\"_blank\">\n\t\t\t<i aria-hidden=\"true\" class=\"fas fa-file-alt\"><\/i>\t\t\t<\/a>\n\t\t<\/div>\n\t\t\t\t<\/div>\n\t\t\t\t<\/div>\n\t\t\t\t<div class=\"elementor-element elementor-element-537f9f6 elementor-widget elementor-widget-text-editor\" data-id=\"537f9f6\" data-element_type=\"widget\" data-widget_type=\"text-editor.default\">\n\t\t\t\t<div class=\"elementor-widget-container\">\n\t\t\t\t\t\t\t<p style=\"text-align: center;\"><b>2021<\/b><\/p>\t\t\t\t\t\t<\/div>\n\t\t\t\t<\/div>\n\t\t\t\t\t<\/div>\n\t\t<\/div>\n\t\t\t\t<div class=\"elementor-column elementor-col-33 elementor-top-column elementor-element elementor-element-276e969\" data-id=\"276e969\" data-element_type=\"column\">\n\t\t\t<div class=\"elementor-widget-wrap elementor-element-populated\">\n\t\t\t\t\t\t<div class=\"elementor-element elementor-element-6d2510e elementor-view-framed elementor-shape-circle elementor-widget elementor-widget-icon\" data-id=\"6d2510e\" data-element_type=\"widget\" data-widget_type=\"icon.default\">\n\t\t\t\t<div class=\"elementor-widget-container\">\n\t\t\t\t\t<div class=\"elementor-icon-wrapper\">\n\t\t\t<a class=\"elementor-icon\" href=\"https:\/\/associationepireuil.fr\/?attachment_id=4722\" target=\"_blank\">\n\t\t\t<i aria-hidden=\"true\" class=\"fas fa-file-alt\"><\/i>\t\t\t<\/a>\n\t\t<\/div>\n\t\t\t\t<\/div>\n\t\t\t\t<\/div>\n\t\t\t\t<div class=\"elementor-element elementor-element-1958c7b elementor-widget elementor-widget-text-editor\" data-id=\"1958c7b\" data-element_type=\"widget\" data-widget_type=\"text-editor.default\">\n\t\t\t\t<div class=\"elementor-widget-container\">\n\t\t\t\t\t\t\t<p style=\"text-align: center;\"><b>2020<\/b><\/p>\t\t\t\t\t\t<\/div>\n\t\t\t\t<\/div>\n\t\t\t\t\t<\/div>\n\t\t<\/div>\n\t\t\t\t\t<\/div>\n\t\t<\/section>\n\t\t\t\t<section class=\"elementor-section elementor-top-section elementor-element elementor-element-d8f914a elementor-section-boxed elementor-section-height-default elementor-section-height-default\" data-id=\"d8f914a\" data-element_type=\"section\">\n\t\t\t\t\t\t<div class=\"elementor-container elementor-column-gap-default\">\n\t\t\t\t\t<div class=\"elementor-column elementor-col-100 elementor-top-column elementor-element elementor-element-c927dfb\" data-id=\"c927dfb\" data-element_type=\"column\">\n\t\t\t<div class=\"elementor-widget-wrap elementor-element-populated\">\n\t\t\t\t\t\t<div class=\"elementor-element elementor-element-d03a4b8 elementor-widget elementor-widget-spacer\" data-id=\"d03a4b8\" data-element_type=\"widget\" data-widget_type=\"spacer.default\">\n\t\t\t\t<div class=\"elementor-widget-container\">\n\t\t\t\t\t<div class=\"elementor-spacer\">\n\t\t\t<div class=\"elementor-spacer-inner\"><\/div>\n\t\t<\/div>\n\t\t\t\t<\/div>\n\t\t\t\t<\/div>\n\t\t\t\t\t<\/div>\n\t\t<\/div>\n\t\t\t\t\t<\/div>\n\t\t<\/section>\n\t\t\t\t<section class=\"elementor-section elementor-top-section elementor-element elementor-element-aba99b9 elementor-section-boxed elementor-section-height-default elementor-section-height-default\" data-id=\"aba99b9\" data-element_type=\"section\">\n\t\t\t\t\t\t<div class=\"elementor-container elementor-column-gap-default\">\n\t\t\t\t\t<div class=\"elementor-column elementor-col-100 elementor-top-column elementor-element elementor-element-7188bff\" data-id=\"7188bff\" data-element_type=\"column\">\n\t\t\t<div class=\"elementor-widget-wrap elementor-element-populated\">\n\t\t\t\t\t\t<div class=\"elementor-element elementor-element-9bbd968 elementor-widget elementor-widget-image\" data-id=\"9bbd968\" data-element_type=\"widget\" data-widget_type=\"image.default\">\n\t\t\t\t<div class=\"elementor-widget-container\">\n\t\t\t\t\t\t\t\t\t\t\t\t\t<img fetchpriority=\"high\" decoding=\"async\" width=\"300\" height=\"200\" src=\"https:\/\/associationepireuil.fr\/wp-content\/uploads\/2021\/04\/rapport-activite-Epireuil-300x200.png\" class=\"attachment-medium size-medium wp-image-4590\" alt=\"Rapports d&#039;activit\u00e9 Epireuil - Ecran d&#039;ordinateur affichant des statistiques\" srcset=\"https:\/\/associationepireuil.fr\/wp-content\/uploads\/2021\/04\/rapport-activite-Epireuil-300x200.png 300w, https:\/\/associationepireuil.fr\/wp-content\/uploads\/2021\/04\/rapport-activite-Epireuil.png 640w\" sizes=\"(max-width: 300px) 100vw, 300px\" \/>\t\t\t\t\t\t\t\t\t\t\t\t\t<\/div>\n\t\t\t\t<\/div>\n\t\t\t\t\t<\/div>\n\t\t<\/div>\n\t\t\t\t\t<\/div>\n\t\t<\/section>\n\t\t\t\t<\/div>\n\t\t","protected":false},"excerpt":{"rendered":"<p>Les projets Les rapports d&rsquo;activit\u00e9 2022 2021 2020<\/p>\n","protected":false},"author":1,"featured_media":0,"parent":44,"menu_order":1,"comment_status":"closed","ping_status":"closed","template":"","meta":{"_eb_attr":"","footnotes":""},"yoast_head":"<!-- This site is optimized with the Yoast SEO plugin v22.2 - https:\/\/yoast.com\/wordpress\/plugins\/seo\/ -->\n<title>Nos rapports d&#039;activit\u00e9 -<\/title>\n<meta name=\"description\" content=\"Epireuil en chiffres : Retrouvez ici les rapports d&#039;activit\u00e9 de l&#039;\u00e9picerie sociale et solidaire Epireuil de Val de Reuil et Louviers\" \/>\n<meta name=\"robots\" content=\"index, follow, max-snippet:-1, max-image-preview:large, max-video-preview:-1\" \/>\n<link rel=\"canonical\" href=\"https:\/\/associationepireuil.fr\/?page_id=46\" \/>\n<meta property=\"og:locale\" content=\"fr_FR\" \/>\n<meta property=\"og:type\" content=\"article\" \/>\n<meta property=\"og:title\" content=\"Nos rapports d&#039;activit\u00e9 -\" \/>\n<meta property=\"og:description\" content=\"Epireuil en chiffres : Retrouvez ici les rapports d&#039;activit\u00e9 de l&#039;\u00e9picerie sociale et solidaire Epireuil de Val de Reuil et Louviers\" \/>\n<meta property=\"og:url\" content=\"https:\/\/associationepireuil.fr\/?page_id=46\" \/>\n<meta property=\"article:publisher\" content=\"https:\/\/www.facebook.com\/Epireuil\/\" \/>\n<meta property=\"article:modified_time\" content=\"2023-07-11T07:26:49+00:00\" \/>\n<meta property=\"og:image\" content=\"https:\/\/associationepireuil.fr\/wp-content\/uploads\/2021\/04\/rapport-activite-Epireuil-300x200.png\" \/>\n<meta name=\"twitter:card\" content=\"summary_large_image\" \/>\n<meta name=\"twitter:label1\" content=\"Dur\u00e9e de lecture estim\u00e9e\" \/>\n\t<meta name=\"twitter:data1\" content=\"1 minute\" \/>\n<script type=\"application\/ld+json\" class=\"yoast-schema-graph\">{\"@context\":\"https:\/\/schema.org\",\"@graph\":[{\"@type\":\"WebPage\",\"@id\":\"https:\/\/associationepireuil.fr\/?page_id=46\",\"url\":\"https:\/\/associationepireuil.fr\/?page_id=46\",\"name\":\"Nos rapports d'activit\u00e9 -\",\"isPartOf\":{\"@id\":\"https:\/\/associationepireuil.fr\/#website\"},\"primaryImageOfPage\":{\"@id\":\"https:\/\/associationepireuil.fr\/?page_id=46#primaryimage\"},\"image\":{\"@id\":\"https:\/\/associationepireuil.fr\/?page_id=46#primaryimage\"},\"thumbnailUrl\":\"https:\/\/associationepireuil.fr\/wp-content\/uploads\/2021\/04\/rapport-activite-Epireuil-300x200.png\",\"datePublished\":\"2012-07-03T07:38:36+00:00\",\"dateModified\":\"2023-07-11T07:26:49+00:00\",\"description\":\"Epireuil en chiffres : Retrouvez ici les rapports d'activit\u00e9 de l'\u00e9picerie sociale et solidaire Epireuil de Val de Reuil et Louviers\",\"breadcrumb\":{\"@id\":\"https:\/\/associationepireuil.fr\/?page_id=46#breadcrumb\"},\"inLanguage\":\"fr-FR\",\"potentialAction\":[{\"@type\":\"ReadAction\",\"target\":[\"https:\/\/associationepireuil.fr\/?page_id=46\"]}]},{\"@type\":\"ImageObject\",\"inLanguage\":\"fr-FR\",\"@id\":\"https:\/\/associationepireuil.fr\/?page_id=46#primaryimage\",\"url\":\"https:\/\/associationepireuil.fr\/wp-content\/uploads\/2021\/04\/rapport-activite-Epireuil.png\",\"contentUrl\":\"https:\/\/associationepireuil.fr\/wp-content\/uploads\/2021\/04\/rapport-activite-Epireuil.png\",\"width\":640,\"height\":426,\"caption\":\"Rapports d'activit\u00e9 Epireuil\"},{\"@type\":\"BreadcrumbList\",\"@id\":\"https:\/\/associationepireuil.fr\/?page_id=46#breadcrumb\",\"itemListElement\":[{\"@type\":\"ListItem\",\"position\":1,\"name\":\"Accueil\",\"item\":\"https:\/\/associationepireuil.fr\/\"},{\"@type\":\"ListItem\",\"position\":2,\"name\":\"En savoir plus\",\"item\":\"https:\/\/associationepireuil.fr\/?page_id=44\"},{\"@type\":\"ListItem\",\"position\":3,\"name\":\"Nos rapports d&rsquo;activit\u00e9\"}]},{\"@type\":\"WebSite\",\"@id\":\"https:\/\/associationepireuil.fr\/#website\",\"url\":\"https:\/\/associationepireuil.fr\/\",\"name\":\"\",\"description\":\"\",\"potentialAction\":[{\"@type\":\"SearchAction\",\"target\":{\"@type\":\"EntryPoint\",\"urlTemplate\":\"https:\/\/associationepireuil.fr\/?s={search_term_string}\"},\"query-input\":\"required name=search_term_string\"}],\"inLanguage\":\"fr-FR\"}]}<\/script>\n<!-- \/ Yoast SEO plugin. -->","yoast_head_json":{"title":"Nos rapports d'activit\u00e9 -","description":"Epireuil en chiffres : Retrouvez ici les rapports d'activit\u00e9 de l'\u00e9picerie sociale et solidaire Epireuil de Val de Reuil et Louviers","robots":{"index":"index","follow":"follow","max-snippet":"max-snippet:-1","max-image-preview":"max-image-preview:large","max-video-preview":"max-video-preview:-1"},"canonical":"https:\/\/associationepireuil.fr\/?page_id=46","og_locale":"fr_FR","og_type":"article","og_title":"Nos rapports d'activit\u00e9 -","og_description":"Epireuil en chiffres : Retrouvez ici les rapports d'activit\u00e9 de l'\u00e9picerie sociale et solidaire Epireuil de Val de Reuil et Louviers","og_url":"https:\/\/associationepireuil.fr\/?page_id=46","article_publisher":"https:\/\/www.facebook.com\/Epireuil\/","article_modified_time":"2023-07-11T07:26:49+00:00","og_image":[{"url":"https:\/\/associationepireuil.fr\/wp-content\/uploads\/2021\/04\/rapport-activite-Epireuil-300x200.png"}],"twitter_card":"summary_large_image","twitter_misc":{"Dur\u00e9e de lecture estim\u00e9e":"1 minute"},"schema":{"@context":"https:\/\/schema.org","@graph":[{"@type":"WebPage","@id":"https:\/\/associationepireuil.fr\/?page_id=46","url":"https:\/\/associationepireuil.fr\/?page_id=46","name":"Nos rapports d'activit\u00e9 -","isPartOf":{"@id":"https:\/\/associationepireuil.fr\/#website"},"primaryImageOfPage":{"@id":"https:\/\/associationepireuil.fr\/?page_id=46#primaryimage"},"image":{"@id":"https:\/\/associationepireuil.fr\/?page_id=46#primaryimage"},"thumbnailUrl":"https:\/\/associationepireuil.fr\/wp-content\/uploads\/2021\/04\/rapport-activite-Epireuil-300x200.png","datePublished":"2012-07-03T07:38:36+00:00","dateModified":"2023-07-11T07:26:49+00:00","description":"Epireuil en chiffres : Retrouvez ici les rapports d'activit\u00e9 de l'\u00e9picerie sociale et solidaire Epireuil de Val de Reuil et Louviers","breadcrumb":{"@id":"https:\/\/associationepireuil.fr\/?page_id=46#breadcrumb"},"inLanguage":"fr-FR","potentialAction":[{"@type":"ReadAction","target":["https:\/\/associationepireuil.fr\/?page_id=46"]}]},{"@type":"ImageObject","inLanguage":"fr-FR","@id":"https:\/\/associationepireuil.fr\/?page_id=46#primaryimage","url":"https:\/\/associationepireuil.fr\/wp-content\/uploads\/2021\/04\/rapport-activite-Epireuil.png","contentUrl":"https:\/\/associationepireuil.fr\/wp-content\/uploads\/2021\/04\/rapport-activite-Epireuil.png","width":640,"height":426,"caption":"Rapports d'activit\u00e9 Epireuil"},{"@type":"BreadcrumbList","@id":"https:\/\/associationepireuil.fr\/?page_id=46#breadcrumb","itemListElement":[{"@type":"ListItem","position":1,"name":"Accueil","item":"https:\/\/associationepireuil.fr\/"},{"@type":"ListItem","position":2,"name":"En savoir plus","item":"https:\/\/associationepireuil.fr\/?page_id=44"},{"@type":"ListItem","position":3,"name":"Nos rapports d&rsquo;activit\u00e9"}]},{"@type":"WebSite","@id":"https:\/\/associationepireuil.fr\/#website","url":"https:\/\/associationepireuil.fr\/","name":"","description":"","potentialAction":[{"@type":"SearchAction","target":{"@type":"EntryPoint","urlTemplate":"https:\/\/associationepireuil.fr\/?s={search_term_string}"},"query-input":"required name=search_term_string"}],"inLanguage":"fr-FR"}]}},"_links":{"self":[{"href":"https:\/\/associationepireuil.fr\/index.php?rest_route=\/wp\/v2\/pages\/46"}],"collection":[{"href":"https:\/\/associationepireuil.fr\/index.php?rest_route=\/wp\/v2\/pages"}],"about":[{"href":"https:\/\/associationepireuil.fr\/index.php?rest_route=\/wp\/v2\/types\/page"}],"author":[{"embeddable":true,"href":"https:\/\/associationepireuil.fr\/index.php?rest_route=\/wp\/v2\/users\/1"}],"replies":[{"embeddable":true,"href":"https:\/\/associationepireuil.fr\/index.php?rest_route=%2Fwp%2Fv2%2Fcomments&post=46"}],"version-history":[{"count":104,"href":"https:\/\/associationepireuil.fr\/index.php?rest_route=\/wp\/v2\/pages\/46\/revisions"}],"predecessor-version":[{"id":5694,"href":"https:\/\/associationepireuil.fr\/index.php?rest_route=\/wp\/v2\/pages\/46\/revisions\/5694"}],"up":[{"embeddable":true,"href":"https:\/\/associationepireuil.fr\/index.php?rest_route=\/wp\/v2\/pages\/44"}],"wp:attachment":[{"href":"https:\/\/associationepireuil.fr\/index.php?rest_route=%2Fwp%2Fv2%2Fmedia&parent=46"}],"curies":[{"name":"wp","href":"https:\/\/api.w.org\/{rel}","templated":true}]}}