{"id":48,"date":"2012-07-03T07:39:16","date_gmt":"2012-07-03T07:39:16","guid":{"rendered":"http:\/\/associationepireuil.fr\/?page_id=48"},"modified":"2022-01-12T11:19:04","modified_gmt":"2022-01-12T11:19:04","slug":"on-parle-de-nous","status":"publish","type":"page","link":"https:\/\/associationepireuil.fr\/?page_id=48","title":{"rendered":"On parle de nous"},"content":{"rendered":"\n<figure class=\"wp-block-image size-large\"><img fetchpriority=\"high\" decoding=\"async\" width=\"1024\" height=\"691\" src=\"http:\/\/associationepireuil.fr\/wp-content\/uploads\/2020\/10\/Capture-1024x691.png\" alt=\"\" class=\"wp-image-3363\" srcset=\"https:\/\/associationepireuil.fr\/wp-content\/uploads\/2020\/10\/Capture-1024x691.png 1024w, https:\/\/associationepireuil.fr\/wp-content\/uploads\/2020\/10\/Capture-300x202.png 300w, https:\/\/associationepireuil.fr\/wp-content\/uploads\/2020\/10\/Capture-768x518.png 768w, https:\/\/associationepireuil.fr\/wp-content\/uploads\/2020\/10\/Capture.png 1241w\" sizes=\"(max-width: 1024px) 100vw, 1024px\" \/><figcaption>La D\u00e9p\u00eache &#8211; \u00ab\u00a0BioVrac pour tous\u00a0\u00bb avec la Biocoop <\/figcaption><\/figure>\n\n\n\n<figure class=\"wp-block-image size-large\"><img decoding=\"async\" width=\"1024\" height=\"691\" src=\"http:\/\/associationepireuil.fr\/wp-content\/uploads\/2020\/10\/2020-02-14-La-Depeche-Don-Bric-\u00e0-Brac-1024x691.jpg\" alt=\"\" class=\"wp-image-3364\" srcset=\"https:\/\/associationepireuil.fr\/wp-content\/uploads\/2020\/10\/2020-02-14-La-Depeche-Don-Bric-\u00e0-Brac-1024x691.jpg 1024w, https:\/\/associationepireuil.fr\/wp-content\/uploads\/2020\/10\/2020-02-14-La-Depeche-Don-Bric-\u00e0-Brac-300x202.jpg 300w, https:\/\/associationepireuil.fr\/wp-content\/uploads\/2020\/10\/2020-02-14-La-Depeche-Don-Bric-\u00e0-Brac-768x518.jpg 768w, https:\/\/associationepireuil.fr\/wp-content\/uploads\/2020\/10\/2020-02-14-La-Depeche-Don-Bric-\u00e0-Brac-1536x1037.jpg 1536w, https:\/\/associationepireuil.fr\/wp-content\/uploads\/2020\/10\/2020-02-14-La-Depeche-Don-Bric-\u00e0-Brac.jpg 2033w\" sizes=\"(max-width: 1024px) 100vw, 1024px\" \/><figcaption>La d\u00e9p\u00eache &#8211; F\u00e9vrier 2020<\/figcaption><\/figure>\n\n\n\n<figure class=\"wp-block-image size-large\"><img decoding=\"async\" width=\"1024\" height=\"852\" src=\"http:\/\/associationepireuil.fr\/wp-content\/uploads\/2020\/02\/2020-02-Journal-VDR-1024x852.jpeg\" alt=\"\" class=\"wp-image-2563\" srcset=\"https:\/\/associationepireuil.fr\/wp-content\/uploads\/2020\/02\/2020-02-Journal-VDR-1024x852.jpeg 1024w, https:\/\/associationepireuil.fr\/wp-content\/uploads\/2020\/02\/2020-02-Journal-VDR-300x250.jpeg 300w, https:\/\/associationepireuil.fr\/wp-content\/uploads\/2020\/02\/2020-02-Journal-VDR-768x639.jpeg 768w, https:\/\/associationepireuil.fr\/wp-content\/uploads\/2020\/02\/2020-02-Journal-VDR-1536x1278.jpeg 1536w, https:\/\/associationepireuil.fr\/wp-content\/uploads\/2020\/02\/2020-02-Journal-VDR.jpeg 1580w\" sizes=\"(max-width: 1024px) 100vw, 1024px\" \/><figcaption>Journal de Val de Reuil &#8211; F\u00e9vrier 2020<\/figcaption><\/figure>\n\n\n\n<figure class=\"wp-block-image size-large\"><img loading=\"lazy\" decoding=\"async\" width=\"1012\" height=\"919\" src=\"http:\/\/associationepireuil.fr\/wp-content\/uploads\/2020\/02\/2020-02-Journal-VDR-ESI-1.jpeg\" alt=\"\" class=\"wp-image-2562\" srcset=\"https:\/\/associationepireuil.fr\/wp-content\/uploads\/2020\/02\/2020-02-Journal-VDR-ESI-1.jpeg 1012w, https:\/\/associationepireuil.fr\/wp-content\/uploads\/2020\/02\/2020-02-Journal-VDR-ESI-1-300x272.jpeg 300w, https:\/\/associationepireuil.fr\/wp-content\/uploads\/2020\/02\/2020-02-Journal-VDR-ESI-1-768x697.jpeg 768w\" sizes=\"(max-width: 1012px) 100vw, 1012px\" \/><figcaption>Magazine de Val de Reuil &#8211; F\u00e9vrier 2020<\/figcaption><\/figure>\n\n\n\n<figure class=\"wp-block-image size-large\"><img loading=\"lazy\" decoding=\"async\" width=\"1024\" height=\"745\" src=\"http:\/\/associationepireuil.fr\/wp-content\/uploads\/2020\/02\/2019-05-La-depeche-AG-1024x745.jpeg\" alt=\"\" class=\"wp-image-2560\" srcset=\"https:\/\/associationepireuil.fr\/wp-content\/uploads\/2020\/02\/2019-05-La-depeche-AG-1024x745.jpeg 1024w, https:\/\/associationepireuil.fr\/wp-content\/uploads\/2020\/02\/2019-05-La-depeche-AG-300x218.jpeg 300w, https:\/\/associationepireuil.fr\/wp-content\/uploads\/2020\/02\/2019-05-La-depeche-AG-768x558.jpeg 768w, https:\/\/associationepireuil.fr\/wp-content\/uploads\/2020\/02\/2019-05-La-depeche-AG-1536x1117.jpeg 1536w, https:\/\/associationepireuil.fr\/wp-content\/uploads\/2020\/02\/2019-05-La-depeche-AG-2048x1489.jpeg 2048w\" sizes=\"(max-width: 1024px) 100vw, 1024px\" \/><figcaption>La D\u00e9p\u00eache &#8211; Mai 2019<\/figcaption><\/figure>\n","protected":false},"excerpt":{"rendered":"","protected":false},"author":1,"featured_media":0,"parent":44,"menu_order":2,"comment_status":"closed","ping_status":"closed","template":"","meta":{"_eb_attr":"","footnotes":""},"yoast_head":"<!-- This site is optimized with the Yoast SEO plugin v22.2 - https:\/\/yoast.com\/wordpress\/plugins\/seo\/ -->\n<title>On parle de nous -<\/title>\n<meta name=\"robots\" content=\"index, follow, max-snippet:-1, max-image-preview:large, max-video-preview:-1\" \/>\n<link rel=\"canonical\" href=\"https:\/\/associationepireuil.fr\/?page_id=48\" \/>\n<meta property=\"og:locale\" content=\"fr_FR\" \/>\n<meta property=\"og:type\" content=\"article\" \/>\n<meta property=\"og:title\" content=\"On parle de nous -\" \/>\n<meta property=\"og:url\" content=\"https:\/\/associationepireuil.fr\/?page_id=48\" \/>\n<meta property=\"article:publisher\" content=\"https:\/\/www.facebook.com\/Epireuil\/\" \/>\n<meta property=\"article:modified_time\" content=\"2022-01-12T11:19:04+00:00\" \/>\n<meta property=\"og:image\" content=\"http:\/\/associationepireuil.fr\/wp-content\/uploads\/2020\/10\/Capture-1024x691.png\" \/>\n<meta name=\"twitter:card\" content=\"summary_large_image\" \/>\n<meta name=\"twitter:label1\" content=\"Dur\u00e9e de lecture estim\u00e9e\" \/>\n\t<meta name=\"twitter:data1\" content=\"2 minutes\" \/>\n<script type=\"application\/ld+json\" class=\"yoast-schema-graph\">{\"@context\":\"https:\/\/schema.org\",\"@graph\":[{\"@type\":\"WebPage\",\"@id\":\"https:\/\/associationepireuil.fr\/?page_id=48\",\"url\":\"https:\/\/associationepireuil.fr\/?page_id=48\",\"name\":\"On parle de nous -\",\"isPartOf\":{\"@id\":\"https:\/\/associationepireuil.fr\/#website\"},\"primaryImageOfPage\":{\"@id\":\"https:\/\/associationepireuil.fr\/?page_id=48#primaryimage\"},\"image\":{\"@id\":\"https:\/\/associationepireuil.fr\/?page_id=48#primaryimage\"},\"thumbnailUrl\":\"http:\/\/associationepireuil.fr\/wp-content\/uploads\/2020\/10\/Capture-1024x691.png\",\"datePublished\":\"2012-07-03T07:39:16+00:00\",\"dateModified\":\"2022-01-12T11:19:04+00:00\",\"breadcrumb\":{\"@id\":\"https:\/\/associationepireuil.fr\/?page_id=48#breadcrumb\"},\"inLanguage\":\"fr-FR\",\"potentialAction\":[{\"@type\":\"ReadAction\",\"target\":[\"https:\/\/associationepireuil.fr\/?page_id=48\"]}]},{\"@type\":\"ImageObject\",\"inLanguage\":\"fr-FR\",\"@id\":\"https:\/\/associationepireuil.fr\/?page_id=48#primaryimage\",\"url\":\"https:\/\/associationepireuil.fr\/wp-content\/uploads\/2020\/10\/Capture.png\",\"contentUrl\":\"https:\/\/associationepireuil.fr\/wp-content\/uploads\/2020\/10\/Capture.png\",\"width\":1241,\"height\":837},{\"@type\":\"BreadcrumbList\",\"@id\":\"https:\/\/associationepireuil.fr\/?page_id=48#breadcrumb\",\"itemListElement\":[{\"@type\":\"ListItem\",\"position\":1,\"name\":\"Accueil\",\"item\":\"https:\/\/associationepireuil.fr\/\"},{\"@type\":\"ListItem\",\"position\":2,\"name\":\"En savoir plus\",\"item\":\"https:\/\/associationepireuil.fr\/?page_id=44\"},{\"@type\":\"ListItem\",\"position\":3,\"name\":\"On parle de nous\"}]},{\"@type\":\"WebSite\",\"@id\":\"https:\/\/associationepireuil.fr\/#website\",\"url\":\"https:\/\/associationepireuil.fr\/\",\"name\":\"\",\"description\":\"\",\"potentialAction\":[{\"@type\":\"SearchAction\",\"target\":{\"@type\":\"EntryPoint\",\"urlTemplate\":\"https:\/\/associationepireuil.fr\/?s={search_term_string}\"},\"query-input\":\"required name=search_term_string\"}],\"inLanguage\":\"fr-FR\"}]}<\/script>\n<!-- \/ Yoast SEO plugin. -->","yoast_head_json":{"title":"On parle de nous -","robots":{"index":"index","follow":"follow","max-snippet":"max-snippet:-1","max-image-preview":"max-image-preview:large","max-video-preview":"max-video-preview:-1"},"canonical":"https:\/\/associationepireuil.fr\/?page_id=48","og_locale":"fr_FR","og_type":"article","og_title":"On parle de nous -","og_url":"https:\/\/associationepireuil.fr\/?page_id=48","article_publisher":"https:\/\/www.facebook.com\/Epireuil\/","article_modified_time":"2022-01-12T11:19:04+00:00","og_image":[{"url":"http:\/\/associationepireuil.fr\/wp-content\/uploads\/2020\/10\/Capture-1024x691.png"}],"twitter_card":"summary_large_image","twitter_misc":{"Dur\u00e9e de lecture estim\u00e9e":"2 minutes"},"schema":{"@context":"https:\/\/schema.org","@graph":[{"@type":"WebPage","@id":"https:\/\/associationepireuil.fr\/?page_id=48","url":"https:\/\/associationepireuil.fr\/?page_id=48","name":"On parle de nous -","isPartOf":{"@id":"https:\/\/associationepireuil.fr\/#website"},"primaryImageOfPage":{"@id":"https:\/\/associationepireuil.fr\/?page_id=48#primaryimage"},"image":{"@id":"https:\/\/associationepireuil.fr\/?page_id=48#primaryimage"},"thumbnailUrl":"http:\/\/associationepireuil.fr\/wp-content\/uploads\/2020\/10\/Capture-1024x691.png","datePublished":"2012-07-03T07:39:16+00:00","dateModified":"2022-01-12T11:19:04+00:00","breadcrumb":{"@id":"https:\/\/associationepireuil.fr\/?page_id=48#breadcrumb"},"inLanguage":"fr-FR","potentialAction":[{"@type":"ReadAction","target":["https:\/\/associationepireuil.fr\/?page_id=48"]}]},{"@type":"ImageObject","inLanguage":"fr-FR","@id":"https:\/\/associationepireuil.fr\/?page_id=48#primaryimage","url":"https:\/\/associationepireuil.fr\/wp-content\/uploads\/2020\/10\/Capture.png","contentUrl":"https:\/\/associationepireuil.fr\/wp-content\/uploads\/2020\/10\/Capture.png","width":1241,"height":837},{"@type":"BreadcrumbList","@id":"https:\/\/associationepireuil.fr\/?page_id=48#breadcrumb","itemListElement":[{"@type":"ListItem","position":1,"name":"Accueil","item":"https:\/\/associationepireuil.fr\/"},{"@type":"ListItem","position":2,"name":"En savoir plus","item":"https:\/\/associationepireuil.fr\/?page_id=44"},{"@type":"ListItem","position":3,"name":"On parle de nous"}]},{"@type":"WebSite","@id":"https:\/\/associationepireuil.fr\/#website","url":"https:\/\/associationepireuil.fr\/","name":"","description":"","potentialAction":[{"@type":"SearchAction","target":{"@type":"EntryPoint","urlTemplate":"https:\/\/associationepireuil.fr\/?s={search_term_string}"},"query-input":"required name=search_term_string"}],"inLanguage":"fr-FR"}]}},"_links":{"self":[{"href":"https:\/\/associationepireuil.fr\/index.php?rest_route=\/wp\/v2\/pages\/48"}],"collection":[{"href":"https:\/\/associationepireuil.fr\/index.php?rest_route=\/wp\/v2\/pages"}],"about":[{"href":"https:\/\/associationepireuil.fr\/index.php?rest_route=\/wp\/v2\/types\/page"}],"author":[{"embeddable":true,"href":"https:\/\/associationepireuil.fr\/index.php?rest_route=\/wp\/v2\/users\/1"}],"replies":[{"embeddable":true,"href":"https:\/\/associationepireuil.fr\/index.php?rest_route=%2Fwp%2Fv2%2Fcomments&post=48"}],"version-history":[{"count":41,"href":"https:\/\/associationepireuil.fr\/index.php?rest_route=\/wp\/v2\/pages\/48\/revisions"}],"predecessor-version":[{"id":4586,"href":"https:\/\/associationepireuil.fr\/index.php?rest_route=\/wp\/v2\/pages\/48\/revisions\/4586"}],"up":[{"embeddable":true,"href":"https:\/\/associationepireuil.fr\/index.php?rest_route=\/wp\/v2\/pages\/44"}],"wp:attachment":[{"href":"https:\/\/associationepireuil.fr\/index.php?rest_route=%2Fwp%2Fv2%2Fmedia&parent=48"}],"curies":[{"name":"wp","href":"https:\/\/api.w.org\/{rel}","templated":true}]}}