{"id":743,"date":"2015-07-13T10:14:52","date_gmt":"2015-07-13T10:14:52","guid":{"rendered":"http:\/\/associationepireuil.fr\/?page_id=743"},"modified":"2021-09-08T09:43:44","modified_gmt":"2021-09-08T09:43:44","slug":"la-dynamique-de-lutte-contre-gaspillage-alimentaire","status":"publish","type":"page","link":"https:\/\/associationepireuil.fr\/?page_id=743","title":{"rendered":"Gaspillage alimentaire"},"content":{"rendered":"\t\t<div data-elementor-type=\"wp-page\" data-elementor-id=\"743\" class=\"elementor elementor-743\">\n\t\t\t\t\t\t<section class=\"elementor-section elementor-top-section elementor-element elementor-element-94428db elementor-section-boxed elementor-section-height-default elementor-section-height-default\" data-id=\"94428db\" data-element_type=\"section\">\n\t\t\t\t\t\t<div class=\"elementor-container elementor-column-gap-default\">\n\t\t\t\t\t<div class=\"elementor-column elementor-col-100 elementor-top-column elementor-element elementor-element-bcc32a3\" data-id=\"bcc32a3\" data-element_type=\"column\">\n\t\t\t<div class=\"elementor-widget-wrap elementor-element-populated\">\n\t\t\t\t\t\t<div class=\"elementor-element elementor-element-c6d1efd elementor-widget elementor-widget-text-editor\" data-id=\"c6d1efd\" data-element_type=\"widget\" data-widget_type=\"text-editor.default\">\n\t\t\t\t<div class=\"elementor-widget-container\">\n\t\t\t\t\t\t\t<p>L&rsquo;Association Epireuil a choisi de s&rsquo;inscrire activement dans une dynamique de lutte contre le gaspillage alimentaire, en accord avec ses objectifs et valeurs. Et cette d\u00e9marche lui est permise gr\u00e2ce \u00e0 diff\u00e9rentes actions et partenaires.<\/p>\t\t\t\t\t\t<\/div>\n\t\t\t\t<\/div>\n\t\t\t\t\t<\/div>\n\t\t<\/div>\n\t\t\t\t\t<\/div>\n\t\t<\/section>\n\t\t\t\t<section class=\"elementor-section elementor-top-section elementor-element elementor-element-cb94c53 elementor-section-boxed elementor-section-height-default elementor-section-height-default\" data-id=\"cb94c53\" data-element_type=\"section\">\n\t\t\t\t\t\t<div class=\"elementor-container elementor-column-gap-default\">\n\t\t\t\t\t<div class=\"elementor-column elementor-col-100 elementor-top-column elementor-element elementor-element-4babfbd\" data-id=\"4babfbd\" data-element_type=\"column\">\n\t\t\t<div class=\"elementor-widget-wrap elementor-element-populated\">\n\t\t\t\t\t\t<div class=\"elementor-element elementor-element-3dcdd17 elementor-widget elementor-widget-spacer\" data-id=\"3dcdd17\" data-element_type=\"widget\" data-widget_type=\"spacer.default\">\n\t\t\t\t<div class=\"elementor-widget-container\">\n\t\t\t\t\t<div class=\"elementor-spacer\">\n\t\t\t<div class=\"elementor-spacer-inner\"><\/div>\n\t\t<\/div>\n\t\t\t\t<\/div>\n\t\t\t\t<\/div>\n\t\t\t\t\t<\/div>\n\t\t<\/div>\n\t\t\t\t\t<\/div>\n\t\t<\/section>\n\t\t\t\t<section class=\"elementor-section elementor-top-section elementor-element elementor-element-ff7732a elementor-section-boxed elementor-section-height-default elementor-section-height-default\" data-id=\"ff7732a\" data-element_type=\"section\">\n\t\t\t\t\t\t<div class=\"elementor-container elementor-column-gap-default\">\n\t\t\t\t\t<div class=\"elementor-column elementor-col-100 elementor-top-column elementor-element elementor-element-c3891aa\" data-id=\"c3891aa\" data-element_type=\"column\">\n\t\t\t<div class=\"elementor-widget-wrap elementor-element-populated\">\n\t\t\t\t\t\t<div class=\"elementor-element elementor-element-d9386bc elementor-widget elementor-widget-heading\" data-id=\"d9386bc\" data-element_type=\"widget\" data-widget_type=\"heading.default\">\n\t\t\t\t<div class=\"elementor-widget-container\">\n\t\t\t<h2 class=\"elementor-heading-title elementor-size-default\">Des partenaires r\u00e9guliers ou ponctuels<\/h2>\t\t<\/div>\n\t\t\t\t<\/div>\n\t\t\t\t\t<\/div>\n\t\t<\/div>\n\t\t\t\t\t<\/div>\n\t\t<\/section>\n\t\t\t\t<section class=\"elementor-section elementor-top-section elementor-element elementor-element-762b70d elementor-section-boxed elementor-section-height-default elementor-section-height-default\" data-id=\"762b70d\" data-element_type=\"section\">\n\t\t\t\t\t\t<div class=\"elementor-container elementor-column-gap-default\">\n\t\t\t\t\t<div class=\"elementor-column elementor-col-100 elementor-top-column elementor-element elementor-element-9d0b526\" data-id=\"9d0b526\" data-element_type=\"column\">\n\t\t\t<div class=\"elementor-widget-wrap elementor-element-populated\">\n\t\t\t\t\t\t<div class=\"elementor-element elementor-element-1a61ede elementor-widget elementor-widget-text-editor\" data-id=\"1a61ede\" data-element_type=\"widget\" data-widget_type=\"text-editor.default\">\n\t\t\t\t<div class=\"elementor-widget-container\">\n\t\t\t\t\t\t\t<p>L&rsquo;Association Epireuil b\u00e9n\u00e9ficie effectivement de dons :<\/p>\n<ul>\n<li>des <strong>partenaires commerciaux r\u00e9guliers<\/strong> (ex : supermarch\u00e9s locaux)<\/li>\n<li>des <strong>organismes caritatifs<\/strong> comme la Banque Alimentaire de l&rsquo;Eure,\u00a0\u00e0 l&rsquo;Association \u00ab\u00a0Dons Solidaires\u00a0\u00bb et\u00a0\u00ab\u00a0l&rsquo;Agence du Don en Nature\u00a0\u00bb<\/li>\n<li><strong>des dons ponctuels<\/strong> de denr\u00e9es pr\u00e9cieux.<\/li>\n<\/ul>\n<p>Vous aussi vous pouvez, si vous le souhaitez, <a href=\"https:\/\/associationepireuil.fr\/?page_id=1263\" target=\"_blank\" rel=\"noopener\">nous aider<\/a>.<\/p>\t\t\t\t\t\t<\/div>\n\t\t\t\t<\/div>\n\t\t\t\t\t<\/div>\n\t\t<\/div>\n\t\t\t\t\t<\/div>\n\t\t<\/section>\n\t\t\t\t<section class=\"elementor-section elementor-top-section elementor-element elementor-element-ec6868d elementor-section-boxed elementor-section-height-default elementor-section-height-default\" data-id=\"ec6868d\" data-element_type=\"section\">\n\t\t\t\t\t\t<div class=\"elementor-container elementor-column-gap-default\">\n\t\t\t\t\t<div class=\"elementor-column elementor-col-100 elementor-top-column elementor-element elementor-element-176f5fc\" data-id=\"176f5fc\" data-element_type=\"column\">\n\t\t\t<div class=\"elementor-widget-wrap elementor-element-populated\">\n\t\t\t\t\t\t<div class=\"elementor-element elementor-element-8dd170e elementor-widget elementor-widget-spacer\" data-id=\"8dd170e\" data-element_type=\"widget\" data-widget_type=\"spacer.default\">\n\t\t\t\t<div class=\"elementor-widget-container\">\n\t\t\t\t\t<div class=\"elementor-spacer\">\n\t\t\t<div class=\"elementor-spacer-inner\"><\/div>\n\t\t<\/div>\n\t\t\t\t<\/div>\n\t\t\t\t<\/div>\n\t\t\t\t\t<\/div>\n\t\t<\/div>\n\t\t\t\t\t<\/div>\n\t\t<\/section>\n\t\t\t\t<section class=\"elementor-section elementor-top-section elementor-element elementor-element-0224833 elementor-section-boxed elementor-section-height-default elementor-section-height-default\" data-id=\"0224833\" data-element_type=\"section\">\n\t\t\t\t\t\t<div class=\"elementor-container elementor-column-gap-default\">\n\t\t\t\t\t<div class=\"elementor-column elementor-col-100 elementor-top-column elementor-element elementor-element-f856b6e\" data-id=\"f856b6e\" data-element_type=\"column\">\n\t\t\t<div class=\"elementor-widget-wrap elementor-element-populated\">\n\t\t\t\t\t\t<div class=\"elementor-element elementor-element-05a94bf elementor-widget elementor-widget-heading\" data-id=\"05a94bf\" data-element_type=\"widget\" data-widget_type=\"heading.default\">\n\t\t\t\t<div class=\"elementor-widget-container\">\n\t\t\t<h2 class=\"elementor-heading-title elementor-size-default\">Des \u00e9v\u00e9nements<\/h2>\t\t<\/div>\n\t\t\t\t<\/div>\n\t\t\t\t\t<\/div>\n\t\t<\/div>\n\t\t\t\t\t<\/div>\n\t\t<\/section>\n\t\t\t\t<section class=\"elementor-section elementor-top-section elementor-element elementor-element-2b7a744 elementor-section-boxed elementor-section-height-default elementor-section-height-default\" data-id=\"2b7a744\" data-element_type=\"section\">\n\t\t\t\t\t\t<div class=\"elementor-container elementor-column-gap-default\">\n\t\t\t\t\t<div class=\"elementor-column elementor-col-100 elementor-top-column elementor-element elementor-element-9b6cbb2\" data-id=\"9b6cbb2\" data-element_type=\"column\">\n\t\t\t<div class=\"elementor-widget-wrap elementor-element-populated\">\n\t\t\t\t\t\t<div class=\"elementor-element elementor-element-271e532 elementor-widget elementor-widget-heading\" data-id=\"271e532\" data-element_type=\"widget\" data-widget_type=\"heading.default\">\n\t\t\t\t<div class=\"elementor-widget-container\">\n\t\t\t<h3 class=\"elementor-heading-title elementor-size-medium\">Journ\u00e9e de mobilisation annuelle<\/h3>\t\t<\/div>\n\t\t\t\t<\/div>\n\t\t\t\t\t<\/div>\n\t\t<\/div>\n\t\t\t\t\t<\/div>\n\t\t<\/section>\n\t\t\t\t<section class=\"elementor-section elementor-top-section elementor-element elementor-element-89e190e elementor-section-boxed elementor-section-height-default elementor-section-height-default\" data-id=\"89e190e\" data-element_type=\"section\">\n\t\t\t\t\t\t<div class=\"elementor-container elementor-column-gap-default\">\n\t\t\t\t\t<div class=\"elementor-column elementor-col-100 elementor-top-column elementor-element elementor-element-2dc57b4\" data-id=\"2dc57b4\" data-element_type=\"column\">\n\t\t\t<div class=\"elementor-widget-wrap elementor-element-populated\">\n\t\t\t\t\t\t<div class=\"elementor-element elementor-element-223dcf0 elementor-widget elementor-widget-text-editor\" data-id=\"223dcf0\" data-element_type=\"widget\" data-widget_type=\"text-editor.default\">\n\t\t\t\t<div class=\"elementor-widget-container\">\n\t\t\t\t\t\t\t<p>L&rsquo;Association Epireuil organise ainsi chaque ann\u00e9e, avec ses partenaires, une grande journ\u00e9e de mobilisation pour la journ\u00e9e nationale de lutte contre le gaspillage alimentaire.<\/p>\n<p><b><\/b>Depuis 2014, le <strong>rendez-vous<\/strong> est donn\u00e9\u00a0 <strong>devant <\/strong>le magasin <strong>Auchan et \u00e0 la M\u00e9diath\u00e8que<\/strong> de Val de Reuil.<\/p>\n<p>Au programme :\u00a0<strong>ateliers cuisine antigaspi, d\u00e9gustations, conseils et astuces, expositions et jeux &#8230;<\/strong><\/p>\t\t\t\t\t\t<\/div>\n\t\t\t\t<\/div>\n\t\t\t\t\t<\/div>\n\t\t<\/div>\n\t\t\t\t\t<\/div>\n\t\t<\/section>\n\t\t\t\t<section class=\"elementor-section elementor-top-section elementor-element elementor-element-9bc6724 elementor-section-boxed elementor-section-height-default elementor-section-height-default\" data-id=\"9bc6724\" data-element_type=\"section\">\n\t\t\t\t\t\t<div class=\"elementor-container elementor-column-gap-default\">\n\t\t\t\t\t<div class=\"elementor-column elementor-col-100 elementor-top-column elementor-element elementor-element-7684fb9\" data-id=\"7684fb9\" data-element_type=\"column\">\n\t\t\t<div class=\"elementor-widget-wrap elementor-element-populated\">\n\t\t\t\t\t\t<div class=\"elementor-element elementor-element-6311391 elementor-widget elementor-widget-spacer\" data-id=\"6311391\" data-element_type=\"widget\" data-widget_type=\"spacer.default\">\n\t\t\t\t<div class=\"elementor-widget-container\">\n\t\t\t\t\t<div class=\"elementor-spacer\">\n\t\t\t<div class=\"elementor-spacer-inner\"><\/div>\n\t\t<\/div>\n\t\t\t\t<\/div>\n\t\t\t\t<\/div>\n\t\t\t\t\t<\/div>\n\t\t<\/div>\n\t\t\t\t\t<\/div>\n\t\t<\/section>\n\t\t\t\t<section class=\"elementor-section elementor-top-section elementor-element elementor-element-8ccf7b3 elementor-section-boxed elementor-section-height-default elementor-section-height-default\" data-id=\"8ccf7b3\" data-element_type=\"section\">\n\t\t\t\t\t\t<div class=\"elementor-container elementor-column-gap-default\">\n\t\t\t\t\t<div class=\"elementor-column elementor-col-100 elementor-top-column elementor-element elementor-element-6301171\" data-id=\"6301171\" data-element_type=\"column\">\n\t\t\t<div class=\"elementor-widget-wrap elementor-element-populated\">\n\t\t\t\t\t\t<div class=\"elementor-element elementor-element-25601d9 elementor-widget elementor-widget-heading\" data-id=\"25601d9\" data-element_type=\"widget\" data-widget_type=\"heading.default\">\n\t\t\t\t<div class=\"elementor-widget-container\">\n\t\t\t<h3 class=\"elementor-heading-title elementor-size-medium\">Confiboc Partag'Eure<\/h3>\t\t<\/div>\n\t\t\t\t<\/div>\n\t\t\t\t\t<\/div>\n\t\t<\/div>\n\t\t\t\t\t<\/div>\n\t\t<\/section>\n\t\t\t\t<section class=\"elementor-section elementor-top-section elementor-element elementor-element-bd7ea3f elementor-section-boxed elementor-section-height-default elementor-section-height-default\" data-id=\"bd7ea3f\" data-element_type=\"section\">\n\t\t\t\t\t\t<div class=\"elementor-container elementor-column-gap-default\">\n\t\t\t\t\t<div class=\"elementor-column elementor-col-100 elementor-top-column elementor-element elementor-element-ef287ae\" data-id=\"ef287ae\" data-element_type=\"column\">\n\t\t\t<div class=\"elementor-widget-wrap elementor-element-populated\">\n\t\t\t\t\t\t<div class=\"elementor-element elementor-element-93df7f8 elementor-widget elementor-widget-text-editor\" data-id=\"93df7f8\" data-element_type=\"widget\" data-widget_type=\"text-editor.default\">\n\t\t\t\t<div class=\"elementor-widget-container\">\n\t\t\t\t\t\t\t<p>L&rsquo;Association s&rsquo;inscrit dans le champs de l&rsquo;\u00e9conomie circulaire avec son projet de reconditionnement solidaire Confiboc Partag&rsquo;Eure.<\/p><p><strong>Vous avez ou connaissez un propri\u00e9taire d\u2019arbres fruitiers qui ne sait que faire de ses exc\u00e9dents de fruits ? Parlez-lui de la d\u00e9marche !<\/strong><\/p><p>Une partie de ces exc\u00e9dents sera transform\u00e9e en confitures \u00e0 l\u2019occasion de journ\u00e9es organis\u00e9es par des b\u00e9n\u00e9voles et b\u00e9n\u00e9ficiaires.<\/p><p>Pour en savoir plus, c&rsquo;est <a href=\"https:\/\/associationepireuil.fr\/?page_id=1058\" target=\"_blank\" rel=\"noopener\">ici<\/a>.<\/p>\t\t\t\t\t\t<\/div>\n\t\t\t\t<\/div>\n\t\t\t\t\t<\/div>\n\t\t<\/div>\n\t\t\t\t\t<\/div>\n\t\t<\/section>\n\t\t\t\t<section class=\"elementor-section elementor-top-section elementor-element elementor-element-1b0b284 elementor-section-boxed elementor-section-height-default elementor-section-height-default\" data-id=\"1b0b284\" data-element_type=\"section\">\n\t\t\t\t\t\t<div class=\"elementor-container elementor-column-gap-default\">\n\t\t\t\t\t<div class=\"elementor-column elementor-col-100 elementor-top-column elementor-element elementor-element-9b06610\" data-id=\"9b06610\" data-element_type=\"column\">\n\t\t\t<div class=\"elementor-widget-wrap elementor-element-populated\">\n\t\t\t\t\t\t<div class=\"elementor-element elementor-element-c1bb3c8 elementor-widget elementor-widget-spacer\" data-id=\"c1bb3c8\" data-element_type=\"widget\" data-widget_type=\"spacer.default\">\n\t\t\t\t<div class=\"elementor-widget-container\">\n\t\t\t\t\t<div class=\"elementor-spacer\">\n\t\t\t<div class=\"elementor-spacer-inner\"><\/div>\n\t\t<\/div>\n\t\t\t\t<\/div>\n\t\t\t\t<\/div>\n\t\t\t\t\t<\/div>\n\t\t<\/div>\n\t\t\t\t\t<\/div>\n\t\t<\/section>\n\t\t\t\t<section class=\"elementor-section elementor-top-section elementor-element elementor-element-d47c811 elementor-section-boxed elementor-section-height-default elementor-section-height-default\" data-id=\"d47c811\" data-element_type=\"section\">\n\t\t\t\t\t\t<div class=\"elementor-container elementor-column-gap-default\">\n\t\t\t\t\t<div class=\"elementor-column elementor-col-100 elementor-top-column elementor-element elementor-element-3f05d0d\" data-id=\"3f05d0d\" data-element_type=\"column\">\n\t\t\t<div class=\"elementor-widget-wrap elementor-element-populated\">\n\t\t\t\t\t\t<div class=\"elementor-element elementor-element-06f0bbd elementor-widget elementor-widget-heading\" data-id=\"06f0bbd\" data-element_type=\"widget\" data-widget_type=\"heading.default\">\n\t\t\t\t<div class=\"elementor-widget-container\">\n\t\t\t<h3 class=\"elementor-heading-title elementor-size-medium\">F\u00eate de la Soupe<\/h3>\t\t<\/div>\n\t\t\t\t<\/div>\n\t\t\t\t\t<\/div>\n\t\t<\/div>\n\t\t\t\t\t<\/div>\n\t\t<\/section>\n\t\t\t\t<section class=\"elementor-section elementor-top-section elementor-element elementor-element-2b15a6e elementor-section-boxed elementor-section-height-default elementor-section-height-default\" data-id=\"2b15a6e\" data-element_type=\"section\">\n\t\t\t\t\t\t<div class=\"elementor-container elementor-column-gap-default\">\n\t\t\t\t\t<div class=\"elementor-column elementor-col-100 elementor-top-column elementor-element elementor-element-5fa5376\" data-id=\"5fa5376\" data-element_type=\"column\">\n\t\t\t<div class=\"elementor-widget-wrap elementor-element-populated\">\n\t\t\t\t\t\t<div class=\"elementor-element elementor-element-147ef2c elementor-widget elementor-widget-text-editor\" data-id=\"147ef2c\" data-element_type=\"widget\" data-widget_type=\"text-editor.default\">\n\t\t\t\t<div class=\"elementor-widget-container\">\n\t\t\t\t\t\t\t<p>Traditionnellement organis\u00e9e en octobre \u00e0 Val de Reuil par l&rsquo;Association Epireuil, la F\u00eate de la Soupe est un <strong>v\u00e9ritable moment de convivialit\u00e9 m\u00ealant d\u00e9gustations<\/strong> de soupes maison, faisant parfois l&rsquo;objet d&rsquo;un concours, <strong>et<\/strong> d&rsquo;<strong>ateliers anti-gaspillage<\/strong>.<\/p>\t\t\t\t\t\t<\/div>\n\t\t\t\t<\/div>\n\t\t\t\t\t<\/div>\n\t\t<\/div>\n\t\t\t\t\t<\/div>\n\t\t<\/section>\n\t\t\t\t<section class=\"elementor-section elementor-top-section elementor-element elementor-element-0ca74c8 elementor-section-boxed elementor-section-height-default elementor-section-height-default\" data-id=\"0ca74c8\" data-element_type=\"section\">\n\t\t\t\t\t\t<div class=\"elementor-container elementor-column-gap-default\">\n\t\t\t\t\t<div class=\"elementor-column elementor-col-100 elementor-top-column elementor-element elementor-element-17c151d\" data-id=\"17c151d\" data-element_type=\"column\">\n\t\t\t<div class=\"elementor-widget-wrap elementor-element-populated\">\n\t\t\t\t\t\t<div class=\"elementor-element elementor-element-3c78424 elementor-widget elementor-widget-text-editor\" data-id=\"3c78424\" data-element_type=\"widget\" data-widget_type=\"text-editor.default\">\n\t\t\t\t<div class=\"elementor-widget-container\">\n\t\t\t\t\t\t\t<p style=\"text-align: center;\"><img fetchpriority=\"high\" decoding=\"async\" width=\"239\" height=\"239\" class=\"wp-image-969\" src=\"http:\/\/associationepireuil.fr\/wp-content\/uploads\/2017\/07\/logo-Economie-Circulaire.jpg\" alt=\"\" srcset=\"https:\/\/associationepireuil.fr\/wp-content\/uploads\/2017\/07\/logo-Economie-Circulaire.jpg 239w, https:\/\/associationepireuil.fr\/wp-content\/uploads\/2017\/07\/logo-Economie-Circulaire-100x100.jpg 100w, https:\/\/associationepireuil.fr\/wp-content\/uploads\/2017\/07\/logo-Economie-Circulaire-150x150.jpg 150w\" sizes=\"(max-width: 239px) 100vw, 239px\" \/><\/p>\t\t\t\t\t\t<\/div>\n\t\t\t\t<\/div>\n\t\t\t\t\t<\/div>\n\t\t<\/div>\n\t\t\t\t\t<\/div>\n\t\t<\/section>\n\t\t\t\t<\/div>\n\t\t","protected":false},"excerpt":{"rendered":"<p>L&rsquo;Association Epireuil a choisi de s&rsquo;inscrire activement dans une dynamique de lutte contre le gaspillage alimentaire, en accord avec ses objectifs et valeurs. Et cette d\u00e9marche lui est permise gr\u00e2ce \u00e0 diff\u00e9rentes actions et partenaires. Des partenaires r\u00e9guliers ou ponctuels<\/p>\n","protected":false},"author":1,"featured_media":0,"parent":24,"menu_order":3,"comment_status":"closed","ping_status":"closed","template":"","meta":{"_eb_attr":"","footnotes":""},"yoast_head":"<!-- This site is optimized with the Yoast SEO plugin v22.2 - https:\/\/yoast.com\/wordpress\/plugins\/seo\/ -->\n<title>Gaspillage alimentaire -<\/title>\n<meta name=\"robots\" content=\"index, follow, max-snippet:-1, max-image-preview:large, max-video-preview:-1\" \/>\n<link rel=\"canonical\" href=\"https:\/\/associationepireuil.fr\/?page_id=743\" \/>\n<meta property=\"og:locale\" content=\"fr_FR\" \/>\n<meta property=\"og:type\" content=\"article\" \/>\n<meta property=\"og:title\" content=\"Gaspillage alimentaire -\" \/>\n<meta property=\"og:description\" content=\"L&rsquo;Association Epireuil a choisi de s&rsquo;inscrire activement dans une dynamique de lutte contre le gaspillage alimentaire, en accord avec ses objectifs et valeurs. Et cette d\u00e9marche lui est permise gr\u00e2ce \u00e0 diff\u00e9rentes actions et partenaires. Des partenaires r\u00e9guliers ou ponctuels\" \/>\n<meta property=\"og:url\" content=\"https:\/\/associationepireuil.fr\/?page_id=743\" \/>\n<meta property=\"article:publisher\" content=\"https:\/\/www.facebook.com\/Epireuil\/\" \/>\n<meta property=\"article:modified_time\" content=\"2021-09-08T09:43:44+00:00\" \/>\n<meta property=\"og:image\" content=\"http:\/\/associationepireuil.fr\/wp-content\/uploads\/2017\/07\/logo-Economie-Circulaire.jpg\" \/>\n<meta name=\"twitter:card\" content=\"summary_large_image\" \/>\n<meta name=\"twitter:label1\" content=\"Dur\u00e9e de lecture estim\u00e9e\" \/>\n\t<meta name=\"twitter:data1\" content=\"2 minutes\" \/>\n<script type=\"application\/ld+json\" class=\"yoast-schema-graph\">{\"@context\":\"https:\/\/schema.org\",\"@graph\":[{\"@type\":\"WebPage\",\"@id\":\"https:\/\/associationepireuil.fr\/?page_id=743\",\"url\":\"https:\/\/associationepireuil.fr\/?page_id=743\",\"name\":\"Gaspillage alimentaire -\",\"isPartOf\":{\"@id\":\"https:\/\/associationepireuil.fr\/#website\"},\"primaryImageOfPage\":{\"@id\":\"https:\/\/associationepireuil.fr\/?page_id=743#primaryimage\"},\"image\":{\"@id\":\"https:\/\/associationepireuil.fr\/?page_id=743#primaryimage\"},\"thumbnailUrl\":\"http:\/\/associationepireuil.fr\/wp-content\/uploads\/2017\/07\/logo-Economie-Circulaire.jpg\",\"datePublished\":\"2015-07-13T10:14:52+00:00\",\"dateModified\":\"2021-09-08T09:43:44+00:00\",\"breadcrumb\":{\"@id\":\"https:\/\/associationepireuil.fr\/?page_id=743#breadcrumb\"},\"inLanguage\":\"fr-FR\",\"potentialAction\":[{\"@type\":\"ReadAction\",\"target\":[\"https:\/\/associationepireuil.fr\/?page_id=743\"]}]},{\"@type\":\"ImageObject\",\"inLanguage\":\"fr-FR\",\"@id\":\"https:\/\/associationepireuil.fr\/?page_id=743#primaryimage\",\"url\":\"https:\/\/associationepireuil.fr\/wp-content\/uploads\/2017\/07\/logo-Economie-Circulaire.jpg\",\"contentUrl\":\"https:\/\/associationepireuil.fr\/wp-content\/uploads\/2017\/07\/logo-Economie-Circulaire.jpg\",\"width\":239,\"height\":239},{\"@type\":\"BreadcrumbList\",\"@id\":\"https:\/\/associationepireuil.fr\/?page_id=743#breadcrumb\",\"itemListElement\":[{\"@type\":\"ListItem\",\"position\":1,\"name\":\"Accueil\",\"item\":\"https:\/\/associationepireuil.fr\/\"},{\"@type\":\"ListItem\",\"position\":2,\"name\":\"L&rsquo;\u00e9picerie\",\"item\":\"https:\/\/associationepireuil.fr\/?page_id=24\"},{\"@type\":\"ListItem\",\"position\":3,\"name\":\"Gaspillage alimentaire\"}]},{\"@type\":\"WebSite\",\"@id\":\"https:\/\/associationepireuil.fr\/#website\",\"url\":\"https:\/\/associationepireuil.fr\/\",\"name\":\"\",\"description\":\"\",\"potentialAction\":[{\"@type\":\"SearchAction\",\"target\":{\"@type\":\"EntryPoint\",\"urlTemplate\":\"https:\/\/associationepireuil.fr\/?s={search_term_string}\"},\"query-input\":\"required name=search_term_string\"}],\"inLanguage\":\"fr-FR\"}]}<\/script>\n<!-- \/ Yoast SEO plugin. -->","yoast_head_json":{"title":"Gaspillage alimentaire -","robots":{"index":"index","follow":"follow","max-snippet":"max-snippet:-1","max-image-preview":"max-image-preview:large","max-video-preview":"max-video-preview:-1"},"canonical":"https:\/\/associationepireuil.fr\/?page_id=743","og_locale":"fr_FR","og_type":"article","og_title":"Gaspillage alimentaire -","og_description":"L&rsquo;Association Epireuil a choisi de s&rsquo;inscrire activement dans une dynamique de lutte contre le gaspillage alimentaire, en accord avec ses objectifs et valeurs. Et cette d\u00e9marche lui est permise gr\u00e2ce \u00e0 diff\u00e9rentes actions et partenaires. Des partenaires r\u00e9guliers ou ponctuels","og_url":"https:\/\/associationepireuil.fr\/?page_id=743","article_publisher":"https:\/\/www.facebook.com\/Epireuil\/","article_modified_time":"2021-09-08T09:43:44+00:00","og_image":[{"url":"http:\/\/associationepireuil.fr\/wp-content\/uploads\/2017\/07\/logo-Economie-Circulaire.jpg"}],"twitter_card":"summary_large_image","twitter_misc":{"Dur\u00e9e de lecture estim\u00e9e":"2 minutes"},"schema":{"@context":"https:\/\/schema.org","@graph":[{"@type":"WebPage","@id":"https:\/\/associationepireuil.fr\/?page_id=743","url":"https:\/\/associationepireuil.fr\/?page_id=743","name":"Gaspillage alimentaire -","isPartOf":{"@id":"https:\/\/associationepireuil.fr\/#website"},"primaryImageOfPage":{"@id":"https:\/\/associationepireuil.fr\/?page_id=743#primaryimage"},"image":{"@id":"https:\/\/associationepireuil.fr\/?page_id=743#primaryimage"},"thumbnailUrl":"http:\/\/associationepireuil.fr\/wp-content\/uploads\/2017\/07\/logo-Economie-Circulaire.jpg","datePublished":"2015-07-13T10:14:52+00:00","dateModified":"2021-09-08T09:43:44+00:00","breadcrumb":{"@id":"https:\/\/associationepireuil.fr\/?page_id=743#breadcrumb"},"inLanguage":"fr-FR","potentialAction":[{"@type":"ReadAction","target":["https:\/\/associationepireuil.fr\/?page_id=743"]}]},{"@type":"ImageObject","inLanguage":"fr-FR","@id":"https:\/\/associationepireuil.fr\/?page_id=743#primaryimage","url":"https:\/\/associationepireuil.fr\/wp-content\/uploads\/2017\/07\/logo-Economie-Circulaire.jpg","contentUrl":"https:\/\/associationepireuil.fr\/wp-content\/uploads\/2017\/07\/logo-Economie-Circulaire.jpg","width":239,"height":239},{"@type":"BreadcrumbList","@id":"https:\/\/associationepireuil.fr\/?page_id=743#breadcrumb","itemListElement":[{"@type":"ListItem","position":1,"name":"Accueil","item":"https:\/\/associationepireuil.fr\/"},{"@type":"ListItem","position":2,"name":"L&rsquo;\u00e9picerie","item":"https:\/\/associationepireuil.fr\/?page_id=24"},{"@type":"ListItem","position":3,"name":"Gaspillage alimentaire"}]},{"@type":"WebSite","@id":"https:\/\/associationepireuil.fr\/#website","url":"https:\/\/associationepireuil.fr\/","name":"","description":"","potentialAction":[{"@type":"SearchAction","target":{"@type":"EntryPoint","urlTemplate":"https:\/\/associationepireuil.fr\/?s={search_term_string}"},"query-input":"required name=search_term_string"}],"inLanguage":"fr-FR"}]}},"_links":{"self":[{"href":"https:\/\/associationepireuil.fr\/index.php?rest_route=\/wp\/v2\/pages\/743"}],"collection":[{"href":"https:\/\/associationepireuil.fr\/index.php?rest_route=\/wp\/v2\/pages"}],"about":[{"href":"https:\/\/associationepireuil.fr\/index.php?rest_route=\/wp\/v2\/types\/page"}],"author":[{"embeddable":true,"href":"https:\/\/associationepireuil.fr\/index.php?rest_route=\/wp\/v2\/users\/1"}],"replies":[{"embeddable":true,"href":"https:\/\/associationepireuil.fr\/index.php?rest_route=%2Fwp%2Fv2%2Fcomments&post=743"}],"version-history":[{"count":43,"href":"https:\/\/associationepireuil.fr\/index.php?rest_route=\/wp\/v2\/pages\/743\/revisions"}],"predecessor-version":[{"id":4814,"href":"https:\/\/associationepireuil.fr\/index.php?rest_route=\/wp\/v2\/pages\/743\/revisions\/4814"}],"up":[{"embeddable":true,"href":"https:\/\/associationepireuil.fr\/index.php?rest_route=\/wp\/v2\/pages\/24"}],"wp:attachment":[{"href":"https:\/\/associationepireuil.fr\/index.php?rest_route=%2Fwp%2Fv2%2Fmedia&parent=743"}],"curies":[{"name":"wp","href":"https:\/\/api.w.org\/{rel}","templated":true}]}}