{"id":1485,"date":"2018-10-24T20:01:43","date_gmt":"2018-10-24T20:01:43","guid":{"rendered":"http:\/\/associationepireuil.fr\/?post_type=product&#038;p=1485"},"modified":"2023-06-08T10:22:15","modified_gmt":"2023-06-08T10:22:15","slug":"vinaigre-blanc","status":"publish","type":"product","link":"https:\/\/associationepireuil.fr\/?product=vinaigre-blanc","title":{"rendered":"Vinaigre blanc"},"content":{"rendered":"<p>Le vinaigre blanc est une alternative \u00e9cologique, \u00e9conomique et efficace pour \u00e0 la fois\u00a0:<\/p>\n<ul>\n<li>nettoyer et d\u00e9tartrer les robinetteries, sanitaires, plans de travail<\/li>\n<li>nettoyer et faire briller les vitres,<\/li>\n<li>d\u00e9tartrer vos appareils m\u00e9nagers (cafeti\u00e8re, bouilloire, machine \u00e0 laver\u2026)\u2026<\/li>\n<\/ul>\n<p>Vous pouvez l&rsquo;utiliser pur sur une \u00e9ponge pour les surfaces les plus entartr\u00e9es ou dilu\u00e9 pour nettoyer vos vitres ou appareils m\u00e9nagers.<\/p>\n<p>Respecter les pr\u00e9cautions d&#8217;emploi indiqu\u00e9es sur le contenant.<\/p>\n<blockquote class=\"wp-embedded-content\" data-secret=\"MfTew4tfPF\"><p><a href=\"https:\/\/www.prevention-domicile.fr\/ces-melanges-sont-dangereux\/\">Ces m\u00e9langes sont dangereux !<\/a><\/p><\/blockquote>\n<p><iframe class=\"wp-embedded-content\" sandbox=\"allow-scripts\" security=\"restricted\" style=\"position: absolute; clip: rect(1px, 1px, 1px, 1px);\" title=\"\u00ab\u00a0Ces m\u00e9langes sont dangereux !\u00a0\u00bb &#8212; Pr\u00e9vention Domicile\" src=\"https:\/\/www.prevention-domicile.fr\/ces-melanges-sont-dangereux\/embed\/#?secret=MfTew4tfPF\" data-secret=\"MfTew4tfPF\" width=\"600\" height=\"338\" frameborder=\"0\" marginwidth=\"0\" marginheight=\"0\" scrolling=\"no\"><\/iframe><\/p>\n","protected":false},"excerpt":{"rendered":"<p>Le vinaigre blanc est une alternative \u00e9cologique, \u00e9conomique et efficace pour \u00e0 la fois\u00a0: nettoyer et d\u00e9tartrer les robinetteries, sanitaires, plans de travail nettoyer et faire briller les vitres, d\u00e9tartrer vos appareils m\u00e9nagers (cafeti\u00e8re, bouilloire, machine \u00e0 laver\u2026)\u2026 Vous pouvez<\/p>\n","protected":false},"featured_media":5365,"template":"","meta":{"_eb_attr":""},"product_cat":[29],"product_tag":[],"yoast_head":"<!-- This site is optimized with the Yoast SEO plugin v22.2 - https:\/\/yoast.com\/wordpress\/plugins\/seo\/ -->\n<title>Vinaigre blanc -<\/title>\n<meta name=\"description\" content=\"Boutique en ligne Epireuil : vinaigre blanc\" \/>\n<meta name=\"robots\" content=\"index, follow, max-snippet:-1, max-image-preview:large, max-video-preview:-1\" \/>\n<link rel=\"canonical\" href=\"https:\/\/associationepireuil.fr\/?product=vinaigre-blanc\" \/>\n<meta property=\"og:locale\" content=\"fr_FR\" \/>\n<meta property=\"og:type\" content=\"article\" \/>\n<meta property=\"og:title\" content=\"Vinaigre blanc -\" \/>\n<meta property=\"og:description\" content=\"Boutique en ligne Epireuil : vinaigre blanc\" \/>\n<meta property=\"og:url\" content=\"https:\/\/associationepireuil.fr\/?product=vinaigre-blanc\" \/>\n<meta property=\"article:publisher\" content=\"https:\/\/www.facebook.com\/Epireuil\/\" \/>\n<meta property=\"article:modified_time\" content=\"2023-06-08T10:22:15+00:00\" \/>\n<meta property=\"og:image\" content=\"https:\/\/associationepireuil.fr\/wp-content\/uploads\/2018\/10\/Boutique_vinaigre_blanc.jpg\" \/>\n\t<meta property=\"og:image:width\" content=\"800\" \/>\n\t<meta property=\"og:image:height\" content=\"800\" \/>\n\t<meta property=\"og:image:type\" content=\"image\/jpeg\" \/>\n<meta name=\"twitter:card\" content=\"summary_large_image\" \/>\n<meta name=\"twitter:label1\" content=\"Dur\u00e9e de lecture estim\u00e9e\" \/>\n\t<meta name=\"twitter:data1\" content=\"1 minute\" \/>\n<script type=\"application\/ld+json\" class=\"yoast-schema-graph\">{\"@context\":\"https:\/\/schema.org\",\"@graph\":[{\"@type\":\"WebPage\",\"@id\":\"https:\/\/associationepireuil.fr\/?product=vinaigre-blanc\",\"url\":\"https:\/\/associationepireuil.fr\/?product=vinaigre-blanc\",\"name\":\"Vinaigre blanc -\",\"isPartOf\":{\"@id\":\"https:\/\/associationepireuil.fr\/#website\"},\"primaryImageOfPage\":{\"@id\":\"https:\/\/associationepireuil.fr\/?product=vinaigre-blanc#primaryimage\"},\"image\":{\"@id\":\"https:\/\/associationepireuil.fr\/?product=vinaigre-blanc#primaryimage\"},\"thumbnailUrl\":\"https:\/\/associationepireuil.fr\/wp-content\/uploads\/2018\/10\/Boutique_vinaigre_blanc.jpg\",\"datePublished\":\"2018-10-24T20:01:43+00:00\",\"dateModified\":\"2023-06-08T10:22:15+00:00\",\"description\":\"Boutique en ligne Epireuil : vinaigre blanc\",\"breadcrumb\":{\"@id\":\"https:\/\/associationepireuil.fr\/?product=vinaigre-blanc#breadcrumb\"},\"inLanguage\":\"fr-FR\",\"potentialAction\":[{\"@type\":\"ReadAction\",\"target\":[\"https:\/\/associationepireuil.fr\/?product=vinaigre-blanc\"]}]},{\"@type\":\"ImageObject\",\"inLanguage\":\"fr-FR\",\"@id\":\"https:\/\/associationepireuil.fr\/?product=vinaigre-blanc#primaryimage\",\"url\":\"https:\/\/associationepireuil.fr\/wp-content\/uploads\/2018\/10\/Boutique_vinaigre_blanc.jpg\",\"contentUrl\":\"https:\/\/associationepireuil.fr\/wp-content\/uploads\/2018\/10\/Boutique_vinaigre_blanc.jpg\",\"width\":800,\"height\":800,\"caption\":\"Boutique Epireuil - produits d'entretien : bouteille de vinaigre blanc\"},{\"@type\":\"BreadcrumbList\",\"@id\":\"https:\/\/associationepireuil.fr\/?product=vinaigre-blanc#breadcrumb\",\"itemListElement\":[{\"@type\":\"ListItem\",\"position\":1,\"name\":\"Accueil\",\"item\":\"https:\/\/associationepireuil.fr\/\"},{\"@type\":\"ListItem\",\"position\":2,\"name\":\"Boutique\",\"item\":\"https:\/\/associationepireuil.fr\/?page_id=1295\"},{\"@type\":\"ListItem\",\"position\":3,\"name\":\"Vinaigre blanc\"}]},{\"@type\":\"WebSite\",\"@id\":\"https:\/\/associationepireuil.fr\/#website\",\"url\":\"https:\/\/associationepireuil.fr\/\",\"name\":\"\",\"description\":\"\",\"potentialAction\":[{\"@type\":\"SearchAction\",\"target\":{\"@type\":\"EntryPoint\",\"urlTemplate\":\"https:\/\/associationepireuil.fr\/?s={search_term_string}\"},\"query-input\":\"required name=search_term_string\"}],\"inLanguage\":\"fr-FR\"}]}<\/script>\n<!-- \/ Yoast SEO plugin. -->","yoast_head_json":{"title":"Vinaigre blanc -","description":"Boutique en ligne Epireuil : vinaigre blanc","robots":{"index":"index","follow":"follow","max-snippet":"max-snippet:-1","max-image-preview":"max-image-preview:large","max-video-preview":"max-video-preview:-1"},"canonical":"https:\/\/associationepireuil.fr\/?product=vinaigre-blanc","og_locale":"fr_FR","og_type":"article","og_title":"Vinaigre blanc -","og_description":"Boutique en ligne Epireuil : vinaigre blanc","og_url":"https:\/\/associationepireuil.fr\/?product=vinaigre-blanc","article_publisher":"https:\/\/www.facebook.com\/Epireuil\/","article_modified_time":"2023-06-08T10:22:15+00:00","og_image":[{"width":800,"height":800,"url":"https:\/\/associationepireuil.fr\/wp-content\/uploads\/2018\/10\/Boutique_vinaigre_blanc.jpg","type":"image\/jpeg"}],"twitter_card":"summary_large_image","twitter_misc":{"Dur\u00e9e de lecture estim\u00e9e":"1 minute"},"schema":{"@context":"https:\/\/schema.org","@graph":[{"@type":"WebPage","@id":"https:\/\/associationepireuil.fr\/?product=vinaigre-blanc","url":"https:\/\/associationepireuil.fr\/?product=vinaigre-blanc","name":"Vinaigre blanc -","isPartOf":{"@id":"https:\/\/associationepireuil.fr\/#website"},"primaryImageOfPage":{"@id":"https:\/\/associationepireuil.fr\/?product=vinaigre-blanc#primaryimage"},"image":{"@id":"https:\/\/associationepireuil.fr\/?product=vinaigre-blanc#primaryimage"},"thumbnailUrl":"https:\/\/associationepireuil.fr\/wp-content\/uploads\/2018\/10\/Boutique_vinaigre_blanc.jpg","datePublished":"2018-10-24T20:01:43+00:00","dateModified":"2023-06-08T10:22:15+00:00","description":"Boutique en ligne Epireuil : vinaigre blanc","breadcrumb":{"@id":"https:\/\/associationepireuil.fr\/?product=vinaigre-blanc#breadcrumb"},"inLanguage":"fr-FR","potentialAction":[{"@type":"ReadAction","target":["https:\/\/associationepireuil.fr\/?product=vinaigre-blanc"]}]},{"@type":"ImageObject","inLanguage":"fr-FR","@id":"https:\/\/associationepireuil.fr\/?product=vinaigre-blanc#primaryimage","url":"https:\/\/associationepireuil.fr\/wp-content\/uploads\/2018\/10\/Boutique_vinaigre_blanc.jpg","contentUrl":"https:\/\/associationepireuil.fr\/wp-content\/uploads\/2018\/10\/Boutique_vinaigre_blanc.jpg","width":800,"height":800,"caption":"Boutique Epireuil - produits d'entretien : bouteille de vinaigre blanc"},{"@type":"BreadcrumbList","@id":"https:\/\/associationepireuil.fr\/?product=vinaigre-blanc#breadcrumb","itemListElement":[{"@type":"ListItem","position":1,"name":"Accueil","item":"https:\/\/associationepireuil.fr\/"},{"@type":"ListItem","position":2,"name":"Boutique","item":"https:\/\/associationepireuil.fr\/?page_id=1295"},{"@type":"ListItem","position":3,"name":"Vinaigre blanc"}]},{"@type":"WebSite","@id":"https:\/\/associationepireuil.fr\/#website","url":"https:\/\/associationepireuil.fr\/","name":"","description":"","potentialAction":[{"@type":"SearchAction","target":{"@type":"EntryPoint","urlTemplate":"https:\/\/associationepireuil.fr\/?s={search_term_string}"},"query-input":"required name=search_term_string"}],"inLanguage":"fr-FR"}]}},"_links":{"self":[{"href":"https:\/\/associationepireuil.fr\/index.php?rest_route=\/wp\/v2\/product\/1485"}],"collection":[{"href":"https:\/\/associationepireuil.fr\/index.php?rest_route=\/wp\/v2\/product"}],"about":[{"href":"https:\/\/associationepireuil.fr\/index.php?rest_route=\/wp\/v2\/types\/product"}],"wp:featuredmedia":[{"embeddable":true,"href":"https:\/\/associationepireuil.fr\/index.php?rest_route=\/wp\/v2\/media\/5365"}],"wp:attachment":[{"href":"https:\/\/associationepireuil.fr\/index.php?rest_route=%2Fwp%2Fv2%2Fmedia&parent=1485"}],"wp:term":[{"taxonomy":"product_cat","embeddable":true,"href":"https:\/\/associationepireuil.fr\/index.php?rest_route=%2Fwp%2Fv2%2Fproduct_cat&post=1485"},{"taxonomy":"product_tag","embeddable":true,"href":"https:\/\/associationepireuil.fr\/index.php?rest_route=%2Fwp%2Fv2%2Fproduct_tag&post=1485"}],"curies":[{"name":"wp","href":"https:\/\/api.w.org\/{rel}","templated":true}]}}