{"id":1682,"date":"2019-03-28T14:18:59","date_gmt":"2019-03-28T14:18:59","guid":{"rendered":"http:\/\/associationepireuil.fr\/?post_type=product&#038;p=1682"},"modified":"2023-07-18T09:16:06","modified_gmt":"2023-07-18T09:16:06","slug":"lessive-entretien-linge","status":"publish","type":"product","link":"https:\/\/associationepireuil.fr\/?product=lessive-entretien-linge","title":{"rendered":"Lessive"},"content":{"rendered":"<p>Lessive pour le lavage et l&rsquo;entretien de votre linge.<\/p>\n<p>Respecter les conditions d&rsquo;utilisation pr\u00e9sentes sur l&#8217;emballage.<\/p>\n<p>Rappel : les cycles courts \u00e0 basse temp\u00e9ratures, g\u00e9n\u00e9ralement suffisants pour les lavages du quotidien du linge \u00ab\u00a0normalement sale\u00a0\u00bb, permettent \u00e0 la fois un comportement \u00e9cologique, des \u00e9conomies et la pr\u00e9servation de votre linge. Pour conna\u00eetre les conditions d&rsquo;entretien de votre linge, reportez-vous aux \u00e9tiquettes pr\u00e9sentes dessus.<\/p>\n","protected":false},"excerpt":{"rendered":"<p>Lessive pour le lavage et l&rsquo;entretien de votre linge. Respecter les conditions d&rsquo;utilisation pr\u00e9sentes sur l&#8217;emballage. Rappel : les cycles courts \u00e0 basse temp\u00e9ratures, g\u00e9n\u00e9ralement suffisants pour les lavages du quotidien du linge \u00ab\u00a0normalement sale\u00a0\u00bb, permettent \u00e0 la fois un<\/p>\n","protected":false},"featured_media":5367,"template":"","meta":{"_eb_attr":""},"product_cat":[29],"product_tag":[],"yoast_head":"<!-- This site is optimized with the Yoast SEO plugin v22.2 - https:\/\/yoast.com\/wordpress\/plugins\/seo\/ -->\n<title>Lessive -<\/title>\n<meta name=\"description\" content=\"Lessive pour le lavage et l&#039;entretien de votre linge\" \/>\n<meta name=\"robots\" content=\"index, follow, max-snippet:-1, max-image-preview:large, max-video-preview:-1\" \/>\n<link rel=\"canonical\" href=\"https:\/\/associationepireuil.fr\/?product=lessive-entretien-linge\" \/>\n<meta property=\"og:locale\" content=\"fr_FR\" \/>\n<meta property=\"og:type\" content=\"article\" \/>\n<meta property=\"og:title\" content=\"Lessive -\" \/>\n<meta property=\"og:description\" content=\"Lessive pour le lavage et l&#039;entretien de votre linge\" \/>\n<meta property=\"og:url\" content=\"https:\/\/associationepireuil.fr\/?product=lessive-entretien-linge\" \/>\n<meta property=\"article:publisher\" content=\"https:\/\/www.facebook.com\/Epireuil\/\" \/>\n<meta property=\"article:modified_time\" content=\"2023-07-18T09:16:06+00:00\" \/>\n<meta property=\"og:image\" content=\"https:\/\/associationepireuil.fr\/wp-content\/uploads\/2019\/03\/Boutique_lessive.jpg\" \/>\n\t<meta property=\"og:image:width\" content=\"800\" \/>\n\t<meta property=\"og:image:height\" content=\"800\" \/>\n\t<meta property=\"og:image:type\" content=\"image\/jpeg\" \/>\n<meta name=\"twitter:card\" content=\"summary_large_image\" \/>\n<meta name=\"twitter:label1\" content=\"Dur\u00e9e de lecture estim\u00e9e\" \/>\n\t<meta name=\"twitter:data1\" content=\"1 minute\" \/>\n<script type=\"application\/ld+json\" class=\"yoast-schema-graph\">{\"@context\":\"https:\/\/schema.org\",\"@graph\":[{\"@type\":\"WebPage\",\"@id\":\"https:\/\/associationepireuil.fr\/?product=lessive-entretien-linge\",\"url\":\"https:\/\/associationepireuil.fr\/?product=lessive-entretien-linge\",\"name\":\"Lessive -\",\"isPartOf\":{\"@id\":\"https:\/\/associationepireuil.fr\/#website\"},\"primaryImageOfPage\":{\"@id\":\"https:\/\/associationepireuil.fr\/?product=lessive-entretien-linge#primaryimage\"},\"image\":{\"@id\":\"https:\/\/associationepireuil.fr\/?product=lessive-entretien-linge#primaryimage\"},\"thumbnailUrl\":\"https:\/\/associationepireuil.fr\/wp-content\/uploads\/2019\/03\/Boutique_lessive.jpg\",\"datePublished\":\"2019-03-28T14:18:59+00:00\",\"dateModified\":\"2023-07-18T09:16:06+00:00\",\"description\":\"Lessive pour le lavage et l'entretien de votre linge\",\"breadcrumb\":{\"@id\":\"https:\/\/associationepireuil.fr\/?product=lessive-entretien-linge#breadcrumb\"},\"inLanguage\":\"fr-FR\",\"potentialAction\":[{\"@type\":\"ReadAction\",\"target\":[\"https:\/\/associationepireuil.fr\/?product=lessive-entretien-linge\"]}]},{\"@type\":\"ImageObject\",\"inLanguage\":\"fr-FR\",\"@id\":\"https:\/\/associationepireuil.fr\/?product=lessive-entretien-linge#primaryimage\",\"url\":\"https:\/\/associationepireuil.fr\/wp-content\/uploads\/2019\/03\/Boutique_lessive.jpg\",\"contentUrl\":\"https:\/\/associationepireuil.fr\/wp-content\/uploads\/2019\/03\/Boutique_lessive.jpg\",\"width\":800,\"height\":800,\"caption\":\"Boutique Epireuil - Cat\u00e9gorie Entretien - lessive\"},{\"@type\":\"BreadcrumbList\",\"@id\":\"https:\/\/associationepireuil.fr\/?product=lessive-entretien-linge#breadcrumb\",\"itemListElement\":[{\"@type\":\"ListItem\",\"position\":1,\"name\":\"Accueil\",\"item\":\"https:\/\/associationepireuil.fr\/\"},{\"@type\":\"ListItem\",\"position\":2,\"name\":\"Boutique\",\"item\":\"https:\/\/associationepireuil.fr\/?page_id=1295\"},{\"@type\":\"ListItem\",\"position\":3,\"name\":\"Lessive\"}]},{\"@type\":\"WebSite\",\"@id\":\"https:\/\/associationepireuil.fr\/#website\",\"url\":\"https:\/\/associationepireuil.fr\/\",\"name\":\"\",\"description\":\"\",\"potentialAction\":[{\"@type\":\"SearchAction\",\"target\":{\"@type\":\"EntryPoint\",\"urlTemplate\":\"https:\/\/associationepireuil.fr\/?s={search_term_string}\"},\"query-input\":\"required name=search_term_string\"}],\"inLanguage\":\"fr-FR\"}]}<\/script>\n<!-- \/ Yoast SEO plugin. -->","yoast_head_json":{"title":"Lessive -","description":"Lessive pour le lavage et l'entretien de votre linge","robots":{"index":"index","follow":"follow","max-snippet":"max-snippet:-1","max-image-preview":"max-image-preview:large","max-video-preview":"max-video-preview:-1"},"canonical":"https:\/\/associationepireuil.fr\/?product=lessive-entretien-linge","og_locale":"fr_FR","og_type":"article","og_title":"Lessive -","og_description":"Lessive pour le lavage et l'entretien de votre linge","og_url":"https:\/\/associationepireuil.fr\/?product=lessive-entretien-linge","article_publisher":"https:\/\/www.facebook.com\/Epireuil\/","article_modified_time":"2023-07-18T09:16:06+00:00","og_image":[{"width":800,"height":800,"url":"https:\/\/associationepireuil.fr\/wp-content\/uploads\/2019\/03\/Boutique_lessive.jpg","type":"image\/jpeg"}],"twitter_card":"summary_large_image","twitter_misc":{"Dur\u00e9e de lecture estim\u00e9e":"1 minute"},"schema":{"@context":"https:\/\/schema.org","@graph":[{"@type":"WebPage","@id":"https:\/\/associationepireuil.fr\/?product=lessive-entretien-linge","url":"https:\/\/associationepireuil.fr\/?product=lessive-entretien-linge","name":"Lessive -","isPartOf":{"@id":"https:\/\/associationepireuil.fr\/#website"},"primaryImageOfPage":{"@id":"https:\/\/associationepireuil.fr\/?product=lessive-entretien-linge#primaryimage"},"image":{"@id":"https:\/\/associationepireuil.fr\/?product=lessive-entretien-linge#primaryimage"},"thumbnailUrl":"https:\/\/associationepireuil.fr\/wp-content\/uploads\/2019\/03\/Boutique_lessive.jpg","datePublished":"2019-03-28T14:18:59+00:00","dateModified":"2023-07-18T09:16:06+00:00","description":"Lessive pour le lavage et l'entretien de votre linge","breadcrumb":{"@id":"https:\/\/associationepireuil.fr\/?product=lessive-entretien-linge#breadcrumb"},"inLanguage":"fr-FR","potentialAction":[{"@type":"ReadAction","target":["https:\/\/associationepireuil.fr\/?product=lessive-entretien-linge"]}]},{"@type":"ImageObject","inLanguage":"fr-FR","@id":"https:\/\/associationepireuil.fr\/?product=lessive-entretien-linge#primaryimage","url":"https:\/\/associationepireuil.fr\/wp-content\/uploads\/2019\/03\/Boutique_lessive.jpg","contentUrl":"https:\/\/associationepireuil.fr\/wp-content\/uploads\/2019\/03\/Boutique_lessive.jpg","width":800,"height":800,"caption":"Boutique Epireuil - Cat\u00e9gorie Entretien - lessive"},{"@type":"BreadcrumbList","@id":"https:\/\/associationepireuil.fr\/?product=lessive-entretien-linge#breadcrumb","itemListElement":[{"@type":"ListItem","position":1,"name":"Accueil","item":"https:\/\/associationepireuil.fr\/"},{"@type":"ListItem","position":2,"name":"Boutique","item":"https:\/\/associationepireuil.fr\/?page_id=1295"},{"@type":"ListItem","position":3,"name":"Lessive"}]},{"@type":"WebSite","@id":"https:\/\/associationepireuil.fr\/#website","url":"https:\/\/associationepireuil.fr\/","name":"","description":"","potentialAction":[{"@type":"SearchAction","target":{"@type":"EntryPoint","urlTemplate":"https:\/\/associationepireuil.fr\/?s={search_term_string}"},"query-input":"required name=search_term_string"}],"inLanguage":"fr-FR"}]}},"_links":{"self":[{"href":"https:\/\/associationepireuil.fr\/index.php?rest_route=\/wp\/v2\/product\/1682"}],"collection":[{"href":"https:\/\/associationepireuil.fr\/index.php?rest_route=\/wp\/v2\/product"}],"about":[{"href":"https:\/\/associationepireuil.fr\/index.php?rest_route=\/wp\/v2\/types\/product"}],"wp:featuredmedia":[{"embeddable":true,"href":"https:\/\/associationepireuil.fr\/index.php?rest_route=\/wp\/v2\/media\/5367"}],"wp:attachment":[{"href":"https:\/\/associationepireuil.fr\/index.php?rest_route=%2Fwp%2Fv2%2Fmedia&parent=1682"}],"wp:term":[{"taxonomy":"product_cat","embeddable":true,"href":"https:\/\/associationepireuil.fr\/index.php?rest_route=%2Fwp%2Fv2%2Fproduct_cat&post=1682"},{"taxonomy":"product_tag","embeddable":true,"href":"https:\/\/associationepireuil.fr\/index.php?rest_route=%2Fwp%2Fv2%2Fproduct_tag&post=1682"}],"curies":[{"name":"wp","href":"https:\/\/api.w.org\/{rel}","templated":true}]}}