{"id":1780,"date":"2019-04-11T13:08:36","date_gmt":"2019-04-11T13:08:36","guid":{"rendered":"http:\/\/associationepireuil.fr\/?post_type=product&#038;p=1780"},"modified":"2023-01-24T10:22:25","modified_gmt":"2023-01-24T10:22:25","slug":"puree-flocons","status":"publish","type":"product","link":"https:\/\/associationepireuil.fr\/?product=puree-flocons","title":{"rendered":"Pur\u00e9e pommes de terre en flocons"},"content":{"rendered":"<p>Paquet de pur\u00e9e de pommes de terre en flocons.<\/p>\n<p>&nbsp;<\/p>\n<p><strong>Info nutrition :<\/strong> selon la nutritionniste\u00a0B\u00e9atrice de Reynal, \u00e0 la diff\u00e9rence de la pur\u00e9e faite maison, la pur\u00e9e en flocons ne contient pas de vitamine C, ni de sucres complexes, \u00ab\u00a0ces glucides que l&rsquo;on assimile doucement et qui donnent de l&rsquo;\u00e9nergie petit \u00e0 petit\u00a0\u00bb.<\/p>\n<p><a href=\"https:\/\/www.mangerbouger.fr\/?xtor=SEC-148-GOO&amp;gclid=CjwKCAiAv9ucBhBXEiwA6N8nYOjMptVsJU3glO4TNj3AFaEGJmAmNA0TwwC0QZv2hUA4fZSeWab5-RoCig8QAvD_BwE&amp;gclsrc=aw.ds\" target=\"_blank\" rel=\"noopener\">Manger mieux \u2013 Bouger plus<\/a> : retrouvez ici des id\u00e9es de recettes et des activit\u00e9s.<\/p>\n<p>Et n\u2019oubliez pas : Epireuil propose des activit\u00e9s Cuisine et Sport \u00e0 destination de ses b\u00e9n\u00e9ficiaires. N\u2019h\u00e9sitez pas \u00e0 vous renseigner pour conna\u00eetre le calendrier des ateliers et vous inscrire pour un super moment de convivialit\u00e9.<\/p>\n","protected":false},"excerpt":{"rendered":"<p>Paquet de pur\u00e9e de pommes de terre en flocons. &nbsp; Info nutrition : selon la nutritionniste\u00a0B\u00e9atrice de Reynal, \u00e0 la diff\u00e9rence de la pur\u00e9e faite maison, la pur\u00e9e en flocons ne contient pas de vitamine C, ni de sucres complexes,<\/p>\n","protected":false},"featured_media":5491,"template":"","meta":{"_eb_attr":""},"product_cat":[31],"product_tag":[],"yoast_head":"<!-- This site is optimized with the Yoast SEO plugin v22.2 - https:\/\/yoast.com\/wordpress\/plugins\/seo\/ -->\n<title>Pur\u00e9e pommes de terre en flocons -<\/title>\n<meta name=\"description\" content=\"Paquet de pur\u00e9e de pommes instantan\u00e9e de terre en flocons.\" \/>\n<meta name=\"robots\" content=\"index, follow, max-snippet:-1, max-image-preview:large, max-video-preview:-1\" \/>\n<link rel=\"canonical\" href=\"https:\/\/associationepireuil.fr\/?product=puree-flocons\" \/>\n<meta property=\"og:locale\" content=\"fr_FR\" \/>\n<meta property=\"og:type\" content=\"article\" \/>\n<meta property=\"og:title\" content=\"Pur\u00e9e pommes de terre en flocons -\" \/>\n<meta property=\"og:description\" content=\"Paquet de pur\u00e9e de pommes instantan\u00e9e de terre en flocons.\" \/>\n<meta property=\"og:url\" content=\"https:\/\/associationepireuil.fr\/?product=puree-flocons\" \/>\n<meta property=\"article:publisher\" content=\"https:\/\/www.facebook.com\/Epireuil\/\" \/>\n<meta property=\"article:modified_time\" content=\"2023-01-24T10:22:25+00:00\" \/>\n<meta property=\"og:image\" content=\"https:\/\/associationepireuil.fr\/wp-content\/uploads\/2019\/04\/Boutique_puree_flocons.jpg\" \/>\n\t<meta property=\"og:image:width\" content=\"800\" \/>\n\t<meta property=\"og:image:height\" content=\"800\" \/>\n\t<meta property=\"og:image:type\" content=\"image\/jpeg\" \/>\n<meta name=\"twitter:card\" content=\"summary_large_image\" \/>\n<meta name=\"twitter:label1\" content=\"Dur\u00e9e de lecture estim\u00e9e\" \/>\n\t<meta name=\"twitter:data1\" content=\"1 minute\" \/>\n<script type=\"application\/ld+json\" class=\"yoast-schema-graph\">{\"@context\":\"https:\/\/schema.org\",\"@graph\":[{\"@type\":\"WebPage\",\"@id\":\"https:\/\/associationepireuil.fr\/?product=puree-flocons\",\"url\":\"https:\/\/associationepireuil.fr\/?product=puree-flocons\",\"name\":\"Pur\u00e9e pommes de terre en flocons -\",\"isPartOf\":{\"@id\":\"https:\/\/associationepireuil.fr\/#website\"},\"primaryImageOfPage\":{\"@id\":\"https:\/\/associationepireuil.fr\/?product=puree-flocons#primaryimage\"},\"image\":{\"@id\":\"https:\/\/associationepireuil.fr\/?product=puree-flocons#primaryimage\"},\"thumbnailUrl\":\"https:\/\/associationepireuil.fr\/wp-content\/uploads\/2019\/04\/Boutique_puree_flocons.jpg\",\"datePublished\":\"2019-04-11T13:08:36+00:00\",\"dateModified\":\"2023-01-24T10:22:25+00:00\",\"description\":\"Paquet de pur\u00e9e de pommes instantan\u00e9e de terre en flocons.\",\"breadcrumb\":{\"@id\":\"https:\/\/associationepireuil.fr\/?product=puree-flocons#breadcrumb\"},\"inLanguage\":\"fr-FR\",\"potentialAction\":[{\"@type\":\"ReadAction\",\"target\":[\"https:\/\/associationepireuil.fr\/?product=puree-flocons\"]}]},{\"@type\":\"ImageObject\",\"inLanguage\":\"fr-FR\",\"@id\":\"https:\/\/associationepireuil.fr\/?product=puree-flocons#primaryimage\",\"url\":\"https:\/\/associationepireuil.fr\/wp-content\/uploads\/2019\/04\/Boutique_puree_flocons.jpg\",\"contentUrl\":\"https:\/\/associationepireuil.fr\/wp-content\/uploads\/2019\/04\/Boutique_puree_flocons.jpg\",\"width\":800,\"height\":800,\"caption\":\"pur\u00e9e instantan\u00e9e de pommes de terre en flocons\"},{\"@type\":\"BreadcrumbList\",\"@id\":\"https:\/\/associationepireuil.fr\/?product=puree-flocons#breadcrumb\",\"itemListElement\":[{\"@type\":\"ListItem\",\"position\":1,\"name\":\"Accueil\",\"item\":\"https:\/\/associationepireuil.fr\/\"},{\"@type\":\"ListItem\",\"position\":2,\"name\":\"Boutique\",\"item\":\"https:\/\/associationepireuil.fr\/?page_id=1295\"},{\"@type\":\"ListItem\",\"position\":3,\"name\":\"Pur\u00e9e pommes de terre en flocons\"}]},{\"@type\":\"WebSite\",\"@id\":\"https:\/\/associationepireuil.fr\/#website\",\"url\":\"https:\/\/associationepireuil.fr\/\",\"name\":\"\",\"description\":\"\",\"potentialAction\":[{\"@type\":\"SearchAction\",\"target\":{\"@type\":\"EntryPoint\",\"urlTemplate\":\"https:\/\/associationepireuil.fr\/?s={search_term_string}\"},\"query-input\":\"required name=search_term_string\"}],\"inLanguage\":\"fr-FR\"}]}<\/script>\n<!-- \/ Yoast SEO plugin. -->","yoast_head_json":{"title":"Pur\u00e9e pommes de terre en flocons -","description":"Paquet de pur\u00e9e de pommes instantan\u00e9e de terre en flocons.","robots":{"index":"index","follow":"follow","max-snippet":"max-snippet:-1","max-image-preview":"max-image-preview:large","max-video-preview":"max-video-preview:-1"},"canonical":"https:\/\/associationepireuil.fr\/?product=puree-flocons","og_locale":"fr_FR","og_type":"article","og_title":"Pur\u00e9e pommes de terre en flocons -","og_description":"Paquet de pur\u00e9e de pommes instantan\u00e9e de terre en flocons.","og_url":"https:\/\/associationepireuil.fr\/?product=puree-flocons","article_publisher":"https:\/\/www.facebook.com\/Epireuil\/","article_modified_time":"2023-01-24T10:22:25+00:00","og_image":[{"width":800,"height":800,"url":"https:\/\/associationepireuil.fr\/wp-content\/uploads\/2019\/04\/Boutique_puree_flocons.jpg","type":"image\/jpeg"}],"twitter_card":"summary_large_image","twitter_misc":{"Dur\u00e9e de lecture estim\u00e9e":"1 minute"},"schema":{"@context":"https:\/\/schema.org","@graph":[{"@type":"WebPage","@id":"https:\/\/associationepireuil.fr\/?product=puree-flocons","url":"https:\/\/associationepireuil.fr\/?product=puree-flocons","name":"Pur\u00e9e pommes de terre en flocons -","isPartOf":{"@id":"https:\/\/associationepireuil.fr\/#website"},"primaryImageOfPage":{"@id":"https:\/\/associationepireuil.fr\/?product=puree-flocons#primaryimage"},"image":{"@id":"https:\/\/associationepireuil.fr\/?product=puree-flocons#primaryimage"},"thumbnailUrl":"https:\/\/associationepireuil.fr\/wp-content\/uploads\/2019\/04\/Boutique_puree_flocons.jpg","datePublished":"2019-04-11T13:08:36+00:00","dateModified":"2023-01-24T10:22:25+00:00","description":"Paquet de pur\u00e9e de pommes instantan\u00e9e de terre en flocons.","breadcrumb":{"@id":"https:\/\/associationepireuil.fr\/?product=puree-flocons#breadcrumb"},"inLanguage":"fr-FR","potentialAction":[{"@type":"ReadAction","target":["https:\/\/associationepireuil.fr\/?product=puree-flocons"]}]},{"@type":"ImageObject","inLanguage":"fr-FR","@id":"https:\/\/associationepireuil.fr\/?product=puree-flocons#primaryimage","url":"https:\/\/associationepireuil.fr\/wp-content\/uploads\/2019\/04\/Boutique_puree_flocons.jpg","contentUrl":"https:\/\/associationepireuil.fr\/wp-content\/uploads\/2019\/04\/Boutique_puree_flocons.jpg","width":800,"height":800,"caption":"pur\u00e9e instantan\u00e9e de pommes de terre en flocons"},{"@type":"BreadcrumbList","@id":"https:\/\/associationepireuil.fr\/?product=puree-flocons#breadcrumb","itemListElement":[{"@type":"ListItem","position":1,"name":"Accueil","item":"https:\/\/associationepireuil.fr\/"},{"@type":"ListItem","position":2,"name":"Boutique","item":"https:\/\/associationepireuil.fr\/?page_id=1295"},{"@type":"ListItem","position":3,"name":"Pur\u00e9e pommes de terre en flocons"}]},{"@type":"WebSite","@id":"https:\/\/associationepireuil.fr\/#website","url":"https:\/\/associationepireuil.fr\/","name":"","description":"","potentialAction":[{"@type":"SearchAction","target":{"@type":"EntryPoint","urlTemplate":"https:\/\/associationepireuil.fr\/?s={search_term_string}"},"query-input":"required name=search_term_string"}],"inLanguage":"fr-FR"}]}},"_links":{"self":[{"href":"https:\/\/associationepireuil.fr\/index.php?rest_route=\/wp\/v2\/product\/1780"}],"collection":[{"href":"https:\/\/associationepireuil.fr\/index.php?rest_route=\/wp\/v2\/product"}],"about":[{"href":"https:\/\/associationepireuil.fr\/index.php?rest_route=\/wp\/v2\/types\/product"}],"wp:featuredmedia":[{"embeddable":true,"href":"https:\/\/associationepireuil.fr\/index.php?rest_route=\/wp\/v2\/media\/5491"}],"wp:attachment":[{"href":"https:\/\/associationepireuil.fr\/index.php?rest_route=%2Fwp%2Fv2%2Fmedia&parent=1780"}],"wp:term":[{"taxonomy":"product_cat","embeddable":true,"href":"https:\/\/associationepireuil.fr\/index.php?rest_route=%2Fwp%2Fv2%2Fproduct_cat&post=1780"},{"taxonomy":"product_tag","embeddable":true,"href":"https:\/\/associationepireuil.fr\/index.php?rest_route=%2Fwp%2Fv2%2Fproduct_tag&post=1780"}],"curies":[{"name":"wp","href":"https:\/\/api.w.org\/{rel}","templated":true}]}}