{"id":2325,"date":"2020-01-20T11:32:31","date_gmt":"2020-01-20T11:32:31","guid":{"rendered":"http:\/\/associationepireuil.fr\/?post_type=product&#038;p=2325"},"modified":"2023-09-12T07:53:24","modified_gmt":"2023-09-12T07:53:24","slug":"pot-de-miel","status":"publish","type":"product","link":"https:\/\/associationepireuil.fr\/?product=pot-de-miel","title":{"rendered":"Miel"},"content":{"rendered":"<p>Pot de miel<\/p>\n<p>&nbsp;<\/p>\n<p>Les bonnes raisons de penser au miel : c&rsquo;est une v\u00e9ritable alternative au sucre blanc dot\u00e9 de qualit\u00e9s nutritionnelles (vitamines, min\u00e9raux et antioxydants), il peut \u00e9galement \u00eatre l&rsquo;ami de vos petits d\u00e9jeuners ou encore \u00eatre utilis\u00e9 pour soulager les maux de gorge.<\/p>\n<p>Selon <a href=\"https:\/\/www.passeportsante.net\/fr\/Nutrition\/EncyclopedieAliments\/Fiche.aspx?doc=miel_nu\" target=\"_blank\" rel=\"noopener\">Passeport Sant\u00e9<\/a>, conservation \u00e0 temp\u00e9rature ambiante (18\u00b0C \u00e0 24\u00b0C), un an ou deux, except\u00e9 le miel non pasteuris\u00e9 qui doit \u00eatre conserv\u00e9 au r\u00e9frig\u00e9rateur \u00e0 environ 10\u00b0C.<\/p>\n","protected":false},"excerpt":{"rendered":"<p>Pot de miel &nbsp; Les bonnes raisons de penser au miel : c&rsquo;est une v\u00e9ritable alternative au sucre blanc dot\u00e9 de qualit\u00e9s nutritionnelles (vitamines, min\u00e9raux et antioxydants), il peut \u00e9galement \u00eatre l&rsquo;ami de vos petits d\u00e9jeuners ou encore \u00eatre utilis\u00e9<\/p>\n","protected":false},"featured_media":5820,"template":"","meta":{"_eb_attr":""},"product_cat":[36],"product_tag":[],"yoast_head":"<!-- This site is optimized with the Yoast SEO plugin v22.2 - https:\/\/yoast.com\/wordpress\/plugins\/seo\/ -->\n<title>Miel -<\/title>\n<meta name=\"description\" content=\"Pot de miel (vari\u00e9t\u00e9 selon arrivage)\" \/>\n<meta name=\"robots\" content=\"index, follow, max-snippet:-1, max-image-preview:large, max-video-preview:-1\" \/>\n<link rel=\"canonical\" href=\"https:\/\/associationepireuil.fr\/?product=pot-de-miel\" \/>\n<meta property=\"og:locale\" content=\"fr_FR\" \/>\n<meta property=\"og:type\" content=\"article\" \/>\n<meta property=\"og:title\" content=\"Miel -\" \/>\n<meta property=\"og:description\" content=\"Pot de miel (vari\u00e9t\u00e9 selon arrivage)\" \/>\n<meta property=\"og:url\" content=\"https:\/\/associationepireuil.fr\/?product=pot-de-miel\" \/>\n<meta property=\"article:publisher\" content=\"https:\/\/www.facebook.com\/Epireuil\/\" \/>\n<meta property=\"article:modified_time\" content=\"2023-09-12T07:53:24+00:00\" \/>\n<meta property=\"og:image\" content=\"https:\/\/associationepireuil.fr\/wp-content\/uploads\/2020\/01\/Boutique_miel.jpg\" \/>\n\t<meta property=\"og:image:width\" content=\"800\" \/>\n\t<meta property=\"og:image:height\" content=\"800\" \/>\n\t<meta property=\"og:image:type\" content=\"image\/jpeg\" \/>\n<meta name=\"twitter:card\" content=\"summary_large_image\" \/>\n<meta name=\"twitter:label1\" content=\"Dur\u00e9e de lecture estim\u00e9e\" \/>\n\t<meta name=\"twitter:data1\" content=\"1 minute\" \/>\n<script type=\"application\/ld+json\" class=\"yoast-schema-graph\">{\"@context\":\"https:\/\/schema.org\",\"@graph\":[{\"@type\":\"WebPage\",\"@id\":\"https:\/\/associationepireuil.fr\/?product=pot-de-miel\",\"url\":\"https:\/\/associationepireuil.fr\/?product=pot-de-miel\",\"name\":\"Miel -\",\"isPartOf\":{\"@id\":\"https:\/\/associationepireuil.fr\/#website\"},\"primaryImageOfPage\":{\"@id\":\"https:\/\/associationepireuil.fr\/?product=pot-de-miel#primaryimage\"},\"image\":{\"@id\":\"https:\/\/associationepireuil.fr\/?product=pot-de-miel#primaryimage\"},\"thumbnailUrl\":\"https:\/\/associationepireuil.fr\/wp-content\/uploads\/2020\/01\/Boutique_miel.jpg\",\"datePublished\":\"2020-01-20T11:32:31+00:00\",\"dateModified\":\"2023-09-12T07:53:24+00:00\",\"description\":\"Pot de miel (vari\u00e9t\u00e9 selon arrivage)\",\"breadcrumb\":{\"@id\":\"https:\/\/associationepireuil.fr\/?product=pot-de-miel#breadcrumb\"},\"inLanguage\":\"fr-FR\",\"potentialAction\":[{\"@type\":\"ReadAction\",\"target\":[\"https:\/\/associationepireuil.fr\/?product=pot-de-miel\"]}]},{\"@type\":\"ImageObject\",\"inLanguage\":\"fr-FR\",\"@id\":\"https:\/\/associationepireuil.fr\/?product=pot-de-miel#primaryimage\",\"url\":\"https:\/\/associationepireuil.fr\/wp-content\/uploads\/2020\/01\/Boutique_miel.jpg\",\"contentUrl\":\"https:\/\/associationepireuil.fr\/wp-content\/uploads\/2020\/01\/Boutique_miel.jpg\",\"width\":800,\"height\":800,\"caption\":\"Boutique Epireuil - Pot de miel\"},{\"@type\":\"BreadcrumbList\",\"@id\":\"https:\/\/associationepireuil.fr\/?product=pot-de-miel#breadcrumb\",\"itemListElement\":[{\"@type\":\"ListItem\",\"position\":1,\"name\":\"Accueil\",\"item\":\"https:\/\/associationepireuil.fr\/\"},{\"@type\":\"ListItem\",\"position\":2,\"name\":\"Boutique\",\"item\":\"https:\/\/associationepireuil.fr\/?page_id=1295\"},{\"@type\":\"ListItem\",\"position\":3,\"name\":\"Miel\"}]},{\"@type\":\"WebSite\",\"@id\":\"https:\/\/associationepireuil.fr\/#website\",\"url\":\"https:\/\/associationepireuil.fr\/\",\"name\":\"\",\"description\":\"\",\"potentialAction\":[{\"@type\":\"SearchAction\",\"target\":{\"@type\":\"EntryPoint\",\"urlTemplate\":\"https:\/\/associationepireuil.fr\/?s={search_term_string}\"},\"query-input\":\"required name=search_term_string\"}],\"inLanguage\":\"fr-FR\"}]}<\/script>\n<!-- \/ Yoast SEO plugin. -->","yoast_head_json":{"title":"Miel -","description":"Pot de miel (vari\u00e9t\u00e9 selon arrivage)","robots":{"index":"index","follow":"follow","max-snippet":"max-snippet:-1","max-image-preview":"max-image-preview:large","max-video-preview":"max-video-preview:-1"},"canonical":"https:\/\/associationepireuil.fr\/?product=pot-de-miel","og_locale":"fr_FR","og_type":"article","og_title":"Miel -","og_description":"Pot de miel (vari\u00e9t\u00e9 selon arrivage)","og_url":"https:\/\/associationepireuil.fr\/?product=pot-de-miel","article_publisher":"https:\/\/www.facebook.com\/Epireuil\/","article_modified_time":"2023-09-12T07:53:24+00:00","og_image":[{"width":800,"height":800,"url":"https:\/\/associationepireuil.fr\/wp-content\/uploads\/2020\/01\/Boutique_miel.jpg","type":"image\/jpeg"}],"twitter_card":"summary_large_image","twitter_misc":{"Dur\u00e9e de lecture estim\u00e9e":"1 minute"},"schema":{"@context":"https:\/\/schema.org","@graph":[{"@type":"WebPage","@id":"https:\/\/associationepireuil.fr\/?product=pot-de-miel","url":"https:\/\/associationepireuil.fr\/?product=pot-de-miel","name":"Miel -","isPartOf":{"@id":"https:\/\/associationepireuil.fr\/#website"},"primaryImageOfPage":{"@id":"https:\/\/associationepireuil.fr\/?product=pot-de-miel#primaryimage"},"image":{"@id":"https:\/\/associationepireuil.fr\/?product=pot-de-miel#primaryimage"},"thumbnailUrl":"https:\/\/associationepireuil.fr\/wp-content\/uploads\/2020\/01\/Boutique_miel.jpg","datePublished":"2020-01-20T11:32:31+00:00","dateModified":"2023-09-12T07:53:24+00:00","description":"Pot de miel (vari\u00e9t\u00e9 selon arrivage)","breadcrumb":{"@id":"https:\/\/associationepireuil.fr\/?product=pot-de-miel#breadcrumb"},"inLanguage":"fr-FR","potentialAction":[{"@type":"ReadAction","target":["https:\/\/associationepireuil.fr\/?product=pot-de-miel"]}]},{"@type":"ImageObject","inLanguage":"fr-FR","@id":"https:\/\/associationepireuil.fr\/?product=pot-de-miel#primaryimage","url":"https:\/\/associationepireuil.fr\/wp-content\/uploads\/2020\/01\/Boutique_miel.jpg","contentUrl":"https:\/\/associationepireuil.fr\/wp-content\/uploads\/2020\/01\/Boutique_miel.jpg","width":800,"height":800,"caption":"Boutique Epireuil - Pot de miel"},{"@type":"BreadcrumbList","@id":"https:\/\/associationepireuil.fr\/?product=pot-de-miel#breadcrumb","itemListElement":[{"@type":"ListItem","position":1,"name":"Accueil","item":"https:\/\/associationepireuil.fr\/"},{"@type":"ListItem","position":2,"name":"Boutique","item":"https:\/\/associationepireuil.fr\/?page_id=1295"},{"@type":"ListItem","position":3,"name":"Miel"}]},{"@type":"WebSite","@id":"https:\/\/associationepireuil.fr\/#website","url":"https:\/\/associationepireuil.fr\/","name":"","description":"","potentialAction":[{"@type":"SearchAction","target":{"@type":"EntryPoint","urlTemplate":"https:\/\/associationepireuil.fr\/?s={search_term_string}"},"query-input":"required name=search_term_string"}],"inLanguage":"fr-FR"}]}},"_links":{"self":[{"href":"https:\/\/associationepireuil.fr\/index.php?rest_route=\/wp\/v2\/product\/2325"}],"collection":[{"href":"https:\/\/associationepireuil.fr\/index.php?rest_route=\/wp\/v2\/product"}],"about":[{"href":"https:\/\/associationepireuil.fr\/index.php?rest_route=\/wp\/v2\/types\/product"}],"wp:featuredmedia":[{"embeddable":true,"href":"https:\/\/associationepireuil.fr\/index.php?rest_route=\/wp\/v2\/media\/5820"}],"wp:attachment":[{"href":"https:\/\/associationepireuil.fr\/index.php?rest_route=%2Fwp%2Fv2%2Fmedia&parent=2325"}],"wp:term":[{"taxonomy":"product_cat","embeddable":true,"href":"https:\/\/associationepireuil.fr\/index.php?rest_route=%2Fwp%2Fv2%2Fproduct_cat&post=2325"},{"taxonomy":"product_tag","embeddable":true,"href":"https:\/\/associationepireuil.fr\/index.php?rest_route=%2Fwp%2Fv2%2Fproduct_tag&post=2325"}],"curies":[{"name":"wp","href":"https:\/\/api.w.org\/{rel}","templated":true}]}}