{"id":2334,"date":"2020-01-20T13:27:27","date_gmt":"2020-01-20T13:27:27","guid":{"rendered":"http:\/\/associationepireuil.fr\/?post_type=product&#038;p=2334"},"modified":"2023-06-08T10:28:05","modified_gmt":"2023-06-08T10:28:05","slug":"mousse-a-raser","status":"publish","type":"product","link":"https:\/\/associationepireuil.fr\/?product=mousse-a-raser","title":{"rendered":"Mousse \u00e0 raser"},"content":{"rendered":"<p>Mousse \u00e0 raser.<\/p>\n<p>Soin id\u00e9al pour assouplir la peau avant le rasage et diminuer et apaiser ainsi les douleurs li\u00e9es au passage r\u00e9p\u00e9t\u00e9 de la lame du rasoir.<\/p>\n","protected":false},"excerpt":{"rendered":"<p>Mousse \u00e0 raser. Soin id\u00e9al pour assouplir la peau avant le rasage et diminuer et apaiser ainsi les douleurs li\u00e9es au passage r\u00e9p\u00e9t\u00e9 de la lame du rasoir.<\/p>\n","protected":false},"featured_media":5409,"template":"","meta":{"_eb_attr":""},"product_cat":[28],"product_tag":[],"yoast_head":"<!-- This site is optimized with the Yoast SEO plugin v22.2 - https:\/\/yoast.com\/wordpress\/plugins\/seo\/ -->\n<title>Mousse \u00e0 raser -<\/title>\n<meta name=\"description\" content=\"Mousse \u00e0 raser pour une peau ras\u00e9e de pr\u00e8s sans les inconv\u00e9nients li\u00e9es au feu du rasage\" \/>\n<meta name=\"robots\" content=\"index, follow, max-snippet:-1, max-image-preview:large, max-video-preview:-1\" \/>\n<link rel=\"canonical\" href=\"https:\/\/associationepireuil.fr\/?product=mousse-a-raser\" \/>\n<meta property=\"og:locale\" content=\"fr_FR\" \/>\n<meta property=\"og:type\" content=\"article\" \/>\n<meta property=\"og:title\" content=\"Mousse \u00e0 raser -\" \/>\n<meta property=\"og:description\" content=\"Mousse \u00e0 raser pour une peau ras\u00e9e de pr\u00e8s sans les inconv\u00e9nients li\u00e9es au feu du rasage\" \/>\n<meta property=\"og:url\" content=\"https:\/\/associationepireuil.fr\/?product=mousse-a-raser\" \/>\n<meta property=\"article:publisher\" content=\"https:\/\/www.facebook.com\/Epireuil\/\" \/>\n<meta property=\"article:modified_time\" content=\"2023-06-08T10:28:05+00:00\" \/>\n<meta property=\"og:image\" content=\"https:\/\/associationepireuil.fr\/wp-content\/uploads\/2018\/09\/Boutique_mousse_a_raser.jpg\" \/>\n\t<meta property=\"og:image:width\" content=\"800\" \/>\n\t<meta property=\"og:image:height\" content=\"800\" \/>\n\t<meta property=\"og:image:type\" content=\"image\/jpeg\" \/>\n<meta name=\"twitter:card\" content=\"summary_large_image\" \/>\n<meta name=\"twitter:label1\" content=\"Dur\u00e9e de lecture estim\u00e9e\" \/>\n\t<meta name=\"twitter:data1\" content=\"1 minute\" \/>\n<script type=\"application\/ld+json\" class=\"yoast-schema-graph\">{\"@context\":\"https:\/\/schema.org\",\"@graph\":[{\"@type\":\"WebPage\",\"@id\":\"https:\/\/associationepireuil.fr\/?product=mousse-a-raser\",\"url\":\"https:\/\/associationepireuil.fr\/?product=mousse-a-raser\",\"name\":\"Mousse \u00e0 raser -\",\"isPartOf\":{\"@id\":\"https:\/\/associationepireuil.fr\/#website\"},\"primaryImageOfPage\":{\"@id\":\"https:\/\/associationepireuil.fr\/?product=mousse-a-raser#primaryimage\"},\"image\":{\"@id\":\"https:\/\/associationepireuil.fr\/?product=mousse-a-raser#primaryimage\"},\"thumbnailUrl\":\"https:\/\/associationepireuil.fr\/wp-content\/uploads\/2018\/09\/Boutique_mousse_a_raser.jpg\",\"datePublished\":\"2020-01-20T13:27:27+00:00\",\"dateModified\":\"2023-06-08T10:28:05+00:00\",\"description\":\"Mousse \u00e0 raser pour une peau ras\u00e9e de pr\u00e8s sans les inconv\u00e9nients li\u00e9es au feu du rasage\",\"breadcrumb\":{\"@id\":\"https:\/\/associationepireuil.fr\/?product=mousse-a-raser#breadcrumb\"},\"inLanguage\":\"fr-FR\",\"potentialAction\":[{\"@type\":\"ReadAction\",\"target\":[\"https:\/\/associationepireuil.fr\/?product=mousse-a-raser\"]}]},{\"@type\":\"ImageObject\",\"inLanguage\":\"fr-FR\",\"@id\":\"https:\/\/associationepireuil.fr\/?product=mousse-a-raser#primaryimage\",\"url\":\"https:\/\/associationepireuil.fr\/wp-content\/uploads\/2018\/09\/Boutique_mousse_a_raser.jpg\",\"contentUrl\":\"https:\/\/associationepireuil.fr\/wp-content\/uploads\/2018\/09\/Boutique_mousse_a_raser.jpg\",\"width\":800,\"height\":800,\"caption\":\"Boutique Epireuil - mousse \u00e0 raser\"},{\"@type\":\"BreadcrumbList\",\"@id\":\"https:\/\/associationepireuil.fr\/?product=mousse-a-raser#breadcrumb\",\"itemListElement\":[{\"@type\":\"ListItem\",\"position\":1,\"name\":\"Accueil\",\"item\":\"https:\/\/associationepireuil.fr\/\"},{\"@type\":\"ListItem\",\"position\":2,\"name\":\"Boutique\",\"item\":\"https:\/\/associationepireuil.fr\/?page_id=1295\"},{\"@type\":\"ListItem\",\"position\":3,\"name\":\"Mousse \u00e0 raser\"}]},{\"@type\":\"WebSite\",\"@id\":\"https:\/\/associationepireuil.fr\/#website\",\"url\":\"https:\/\/associationepireuil.fr\/\",\"name\":\"\",\"description\":\"\",\"potentialAction\":[{\"@type\":\"SearchAction\",\"target\":{\"@type\":\"EntryPoint\",\"urlTemplate\":\"https:\/\/associationepireuil.fr\/?s={search_term_string}\"},\"query-input\":\"required name=search_term_string\"}],\"inLanguage\":\"fr-FR\"}]}<\/script>\n<!-- \/ Yoast SEO plugin. -->","yoast_head_json":{"title":"Mousse \u00e0 raser -","description":"Mousse \u00e0 raser pour une peau ras\u00e9e de pr\u00e8s sans les inconv\u00e9nients li\u00e9es au feu du rasage","robots":{"index":"index","follow":"follow","max-snippet":"max-snippet:-1","max-image-preview":"max-image-preview:large","max-video-preview":"max-video-preview:-1"},"canonical":"https:\/\/associationepireuil.fr\/?product=mousse-a-raser","og_locale":"fr_FR","og_type":"article","og_title":"Mousse \u00e0 raser -","og_description":"Mousse \u00e0 raser pour une peau ras\u00e9e de pr\u00e8s sans les inconv\u00e9nients li\u00e9es au feu du rasage","og_url":"https:\/\/associationepireuil.fr\/?product=mousse-a-raser","article_publisher":"https:\/\/www.facebook.com\/Epireuil\/","article_modified_time":"2023-06-08T10:28:05+00:00","og_image":[{"width":800,"height":800,"url":"https:\/\/associationepireuil.fr\/wp-content\/uploads\/2018\/09\/Boutique_mousse_a_raser.jpg","type":"image\/jpeg"}],"twitter_card":"summary_large_image","twitter_misc":{"Dur\u00e9e de lecture estim\u00e9e":"1 minute"},"schema":{"@context":"https:\/\/schema.org","@graph":[{"@type":"WebPage","@id":"https:\/\/associationepireuil.fr\/?product=mousse-a-raser","url":"https:\/\/associationepireuil.fr\/?product=mousse-a-raser","name":"Mousse \u00e0 raser -","isPartOf":{"@id":"https:\/\/associationepireuil.fr\/#website"},"primaryImageOfPage":{"@id":"https:\/\/associationepireuil.fr\/?product=mousse-a-raser#primaryimage"},"image":{"@id":"https:\/\/associationepireuil.fr\/?product=mousse-a-raser#primaryimage"},"thumbnailUrl":"https:\/\/associationepireuil.fr\/wp-content\/uploads\/2018\/09\/Boutique_mousse_a_raser.jpg","datePublished":"2020-01-20T13:27:27+00:00","dateModified":"2023-06-08T10:28:05+00:00","description":"Mousse \u00e0 raser pour une peau ras\u00e9e de pr\u00e8s sans les inconv\u00e9nients li\u00e9es au feu du rasage","breadcrumb":{"@id":"https:\/\/associationepireuil.fr\/?product=mousse-a-raser#breadcrumb"},"inLanguage":"fr-FR","potentialAction":[{"@type":"ReadAction","target":["https:\/\/associationepireuil.fr\/?product=mousse-a-raser"]}]},{"@type":"ImageObject","inLanguage":"fr-FR","@id":"https:\/\/associationepireuil.fr\/?product=mousse-a-raser#primaryimage","url":"https:\/\/associationepireuil.fr\/wp-content\/uploads\/2018\/09\/Boutique_mousse_a_raser.jpg","contentUrl":"https:\/\/associationepireuil.fr\/wp-content\/uploads\/2018\/09\/Boutique_mousse_a_raser.jpg","width":800,"height":800,"caption":"Boutique Epireuil - mousse \u00e0 raser"},{"@type":"BreadcrumbList","@id":"https:\/\/associationepireuil.fr\/?product=mousse-a-raser#breadcrumb","itemListElement":[{"@type":"ListItem","position":1,"name":"Accueil","item":"https:\/\/associationepireuil.fr\/"},{"@type":"ListItem","position":2,"name":"Boutique","item":"https:\/\/associationepireuil.fr\/?page_id=1295"},{"@type":"ListItem","position":3,"name":"Mousse \u00e0 raser"}]},{"@type":"WebSite","@id":"https:\/\/associationepireuil.fr\/#website","url":"https:\/\/associationepireuil.fr\/","name":"","description":"","potentialAction":[{"@type":"SearchAction","target":{"@type":"EntryPoint","urlTemplate":"https:\/\/associationepireuil.fr\/?s={search_term_string}"},"query-input":"required name=search_term_string"}],"inLanguage":"fr-FR"}]}},"_links":{"self":[{"href":"https:\/\/associationepireuil.fr\/index.php?rest_route=\/wp\/v2\/product\/2334"}],"collection":[{"href":"https:\/\/associationepireuil.fr\/index.php?rest_route=\/wp\/v2\/product"}],"about":[{"href":"https:\/\/associationepireuil.fr\/index.php?rest_route=\/wp\/v2\/types\/product"}],"wp:featuredmedia":[{"embeddable":true,"href":"https:\/\/associationepireuil.fr\/index.php?rest_route=\/wp\/v2\/media\/5409"}],"wp:attachment":[{"href":"https:\/\/associationepireuil.fr\/index.php?rest_route=%2Fwp%2Fv2%2Fmedia&parent=2334"}],"wp:term":[{"taxonomy":"product_cat","embeddable":true,"href":"https:\/\/associationepireuil.fr\/index.php?rest_route=%2Fwp%2Fv2%2Fproduct_cat&post=2334"},{"taxonomy":"product_tag","embeddable":true,"href":"https:\/\/associationepireuil.fr\/index.php?rest_route=%2Fwp%2Fv2%2Fproduct_tag&post=2334"}],"curies":[{"name":"wp","href":"https:\/\/api.w.org\/{rel}","templated":true}]}}