{"id":2376,"date":"2020-01-21T08:37:12","date_gmt":"2020-01-21T08:37:12","guid":{"rendered":"http:\/\/associationepireuil.fr\/?post_type=product&#038;p=2376"},"modified":"2023-06-08T10:26:10","modified_gmt":"2023-06-08T10:26:10","slug":"nettoyant-multi-surface","status":"publish","type":"product","link":"https:\/\/associationepireuil.fr\/?product=nettoyant-multi-surface","title":{"rendered":"Nettoyant multi-surface en spray"},"content":{"rendered":"<p>Produit nettoyant multi-surface \u00e9liminant\u00a0tout type de salissures sur n\u2019importe quelle surface lavable dans votre cuisine et vos sanitaires. Propri\u00e9t\u00e9s nettoyantes, d\u00e9graissantes et d\u00e9sinfectantes.<\/p>\n<p>Plus besoin de multiplier les produits m\u00e9nagers.<\/p>\n<p>Respecter les conditions d&#8217;emploi et de stockage indiqu\u00e9es sur l&#8217;emballage.<\/p>\n","protected":false},"excerpt":{"rendered":"<p>Produit nettoyant multi-surface \u00e9liminant\u00a0tout type de salissures sur n\u2019importe quelle surface lavable dans votre cuisine et vos sanitaires. Propri\u00e9t\u00e9s nettoyantes, d\u00e9graissantes et d\u00e9sinfectantes. Plus besoin de multiplier les produits m\u00e9nagers. Respecter les conditions d&#8217;emploi et de stockage indiqu\u00e9es sur l&#8217;emballage.<\/p>\n","protected":false},"featured_media":2377,"template":"","meta":{"_eb_attr":""},"product_cat":[29],"product_tag":[],"yoast_head":"<!-- This site is optimized with the Yoast SEO plugin v22.2 - https:\/\/yoast.com\/wordpress\/plugins\/seo\/ -->\n<title>Nettoyant multi-surface en spray -<\/title>\n<meta name=\"description\" content=\"Nettoyant multi-surface pour le nettoyage et l&#039;entretien de toutes les surfaces lavables de votre domicile.\" \/>\n<meta name=\"robots\" content=\"index, follow, max-snippet:-1, max-image-preview:large, max-video-preview:-1\" \/>\n<link rel=\"canonical\" href=\"https:\/\/associationepireuil.fr\/?product=nettoyant-multi-surface\" \/>\n<meta property=\"og:locale\" content=\"fr_FR\" \/>\n<meta property=\"og:type\" content=\"article\" \/>\n<meta property=\"og:title\" content=\"Nettoyant multi-surface en spray -\" \/>\n<meta property=\"og:description\" content=\"Nettoyant multi-surface pour le nettoyage et l&#039;entretien de toutes les surfaces lavables de votre domicile.\" \/>\n<meta property=\"og:url\" content=\"https:\/\/associationepireuil.fr\/?product=nettoyant-multi-surface\" \/>\n<meta property=\"article:publisher\" content=\"https:\/\/www.facebook.com\/Epireuil\/\" \/>\n<meta property=\"article:modified_time\" content=\"2023-06-08T10:26:10+00:00\" \/>\n<meta property=\"og:image\" content=\"https:\/\/associationepireuil.fr\/wp-content\/uploads\/2020\/01\/nettoyant-multi-surface.jpg\" \/>\n\t<meta property=\"og:image:width\" content=\"225\" \/>\n\t<meta property=\"og:image:height\" content=\"225\" \/>\n\t<meta property=\"og:image:type\" content=\"image\/jpeg\" \/>\n<meta name=\"twitter:card\" content=\"summary_large_image\" \/>\n<meta name=\"twitter:label1\" content=\"Dur\u00e9e de lecture estim\u00e9e\" \/>\n\t<meta name=\"twitter:data1\" content=\"1 minute\" \/>\n<script type=\"application\/ld+json\" class=\"yoast-schema-graph\">{\"@context\":\"https:\/\/schema.org\",\"@graph\":[{\"@type\":\"WebPage\",\"@id\":\"https:\/\/associationepireuil.fr\/?product=nettoyant-multi-surface\",\"url\":\"https:\/\/associationepireuil.fr\/?product=nettoyant-multi-surface\",\"name\":\"Nettoyant multi-surface en spray -\",\"isPartOf\":{\"@id\":\"https:\/\/associationepireuil.fr\/#website\"},\"primaryImageOfPage\":{\"@id\":\"https:\/\/associationepireuil.fr\/?product=nettoyant-multi-surface#primaryimage\"},\"image\":{\"@id\":\"https:\/\/associationepireuil.fr\/?product=nettoyant-multi-surface#primaryimage\"},\"thumbnailUrl\":\"https:\/\/associationepireuil.fr\/wp-content\/uploads\/2020\/01\/nettoyant-multi-surface.jpg\",\"datePublished\":\"2020-01-21T08:37:12+00:00\",\"dateModified\":\"2023-06-08T10:26:10+00:00\",\"description\":\"Nettoyant multi-surface pour le nettoyage et l'entretien de toutes les surfaces lavables de votre domicile.\",\"breadcrumb\":{\"@id\":\"https:\/\/associationepireuil.fr\/?product=nettoyant-multi-surface#breadcrumb\"},\"inLanguage\":\"fr-FR\",\"potentialAction\":[{\"@type\":\"ReadAction\",\"target\":[\"https:\/\/associationepireuil.fr\/?product=nettoyant-multi-surface\"]}]},{\"@type\":\"ImageObject\",\"inLanguage\":\"fr-FR\",\"@id\":\"https:\/\/associationepireuil.fr\/?product=nettoyant-multi-surface#primaryimage\",\"url\":\"https:\/\/associationepireuil.fr\/wp-content\/uploads\/2020\/01\/nettoyant-multi-surface.jpg\",\"contentUrl\":\"https:\/\/associationepireuil.fr\/wp-content\/uploads\/2020\/01\/nettoyant-multi-surface.jpg\",\"width\":225,\"height\":225},{\"@type\":\"BreadcrumbList\",\"@id\":\"https:\/\/associationepireuil.fr\/?product=nettoyant-multi-surface#breadcrumb\",\"itemListElement\":[{\"@type\":\"ListItem\",\"position\":1,\"name\":\"Accueil\",\"item\":\"https:\/\/associationepireuil.fr\/\"},{\"@type\":\"ListItem\",\"position\":2,\"name\":\"Boutique\",\"item\":\"https:\/\/associationepireuil.fr\/?page_id=1295\"},{\"@type\":\"ListItem\",\"position\":3,\"name\":\"Nettoyant multi-surface en spray\"}]},{\"@type\":\"WebSite\",\"@id\":\"https:\/\/associationepireuil.fr\/#website\",\"url\":\"https:\/\/associationepireuil.fr\/\",\"name\":\"\",\"description\":\"\",\"potentialAction\":[{\"@type\":\"SearchAction\",\"target\":{\"@type\":\"EntryPoint\",\"urlTemplate\":\"https:\/\/associationepireuil.fr\/?s={search_term_string}\"},\"query-input\":\"required name=search_term_string\"}],\"inLanguage\":\"fr-FR\"}]}<\/script>\n<!-- \/ Yoast SEO plugin. -->","yoast_head_json":{"title":"Nettoyant multi-surface en spray -","description":"Nettoyant multi-surface pour le nettoyage et l'entretien de toutes les surfaces lavables de votre domicile.","robots":{"index":"index","follow":"follow","max-snippet":"max-snippet:-1","max-image-preview":"max-image-preview:large","max-video-preview":"max-video-preview:-1"},"canonical":"https:\/\/associationepireuil.fr\/?product=nettoyant-multi-surface","og_locale":"fr_FR","og_type":"article","og_title":"Nettoyant multi-surface en spray -","og_description":"Nettoyant multi-surface pour le nettoyage et l'entretien de toutes les surfaces lavables de votre domicile.","og_url":"https:\/\/associationepireuil.fr\/?product=nettoyant-multi-surface","article_publisher":"https:\/\/www.facebook.com\/Epireuil\/","article_modified_time":"2023-06-08T10:26:10+00:00","og_image":[{"width":225,"height":225,"url":"https:\/\/associationepireuil.fr\/wp-content\/uploads\/2020\/01\/nettoyant-multi-surface.jpg","type":"image\/jpeg"}],"twitter_card":"summary_large_image","twitter_misc":{"Dur\u00e9e de lecture estim\u00e9e":"1 minute"},"schema":{"@context":"https:\/\/schema.org","@graph":[{"@type":"WebPage","@id":"https:\/\/associationepireuil.fr\/?product=nettoyant-multi-surface","url":"https:\/\/associationepireuil.fr\/?product=nettoyant-multi-surface","name":"Nettoyant multi-surface en spray -","isPartOf":{"@id":"https:\/\/associationepireuil.fr\/#website"},"primaryImageOfPage":{"@id":"https:\/\/associationepireuil.fr\/?product=nettoyant-multi-surface#primaryimage"},"image":{"@id":"https:\/\/associationepireuil.fr\/?product=nettoyant-multi-surface#primaryimage"},"thumbnailUrl":"https:\/\/associationepireuil.fr\/wp-content\/uploads\/2020\/01\/nettoyant-multi-surface.jpg","datePublished":"2020-01-21T08:37:12+00:00","dateModified":"2023-06-08T10:26:10+00:00","description":"Nettoyant multi-surface pour le nettoyage et l'entretien de toutes les surfaces lavables de votre domicile.","breadcrumb":{"@id":"https:\/\/associationepireuil.fr\/?product=nettoyant-multi-surface#breadcrumb"},"inLanguage":"fr-FR","potentialAction":[{"@type":"ReadAction","target":["https:\/\/associationepireuil.fr\/?product=nettoyant-multi-surface"]}]},{"@type":"ImageObject","inLanguage":"fr-FR","@id":"https:\/\/associationepireuil.fr\/?product=nettoyant-multi-surface#primaryimage","url":"https:\/\/associationepireuil.fr\/wp-content\/uploads\/2020\/01\/nettoyant-multi-surface.jpg","contentUrl":"https:\/\/associationepireuil.fr\/wp-content\/uploads\/2020\/01\/nettoyant-multi-surface.jpg","width":225,"height":225},{"@type":"BreadcrumbList","@id":"https:\/\/associationepireuil.fr\/?product=nettoyant-multi-surface#breadcrumb","itemListElement":[{"@type":"ListItem","position":1,"name":"Accueil","item":"https:\/\/associationepireuil.fr\/"},{"@type":"ListItem","position":2,"name":"Boutique","item":"https:\/\/associationepireuil.fr\/?page_id=1295"},{"@type":"ListItem","position":3,"name":"Nettoyant multi-surface en spray"}]},{"@type":"WebSite","@id":"https:\/\/associationepireuil.fr\/#website","url":"https:\/\/associationepireuil.fr\/","name":"","description":"","potentialAction":[{"@type":"SearchAction","target":{"@type":"EntryPoint","urlTemplate":"https:\/\/associationepireuil.fr\/?s={search_term_string}"},"query-input":"required name=search_term_string"}],"inLanguage":"fr-FR"}]}},"_links":{"self":[{"href":"https:\/\/associationepireuil.fr\/index.php?rest_route=\/wp\/v2\/product\/2376"}],"collection":[{"href":"https:\/\/associationepireuil.fr\/index.php?rest_route=\/wp\/v2\/product"}],"about":[{"href":"https:\/\/associationepireuil.fr\/index.php?rest_route=\/wp\/v2\/types\/product"}],"wp:featuredmedia":[{"embeddable":true,"href":"https:\/\/associationepireuil.fr\/index.php?rest_route=\/wp\/v2\/media\/2377"}],"wp:attachment":[{"href":"https:\/\/associationepireuil.fr\/index.php?rest_route=%2Fwp%2Fv2%2Fmedia&parent=2376"}],"wp:term":[{"taxonomy":"product_cat","embeddable":true,"href":"https:\/\/associationepireuil.fr\/index.php?rest_route=%2Fwp%2Fv2%2Fproduct_cat&post=2376"},{"taxonomy":"product_tag","embeddable":true,"href":"https:\/\/associationepireuil.fr\/index.php?rest_route=%2Fwp%2Fv2%2Fproduct_tag&post=2376"}],"curies":[{"name":"wp","href":"https:\/\/api.w.org\/{rel}","templated":true}]}}