{"id":3188,"date":"2020-05-25T08:01:52","date_gmt":"2020-05-25T08:01:52","guid":{"rendered":"http:\/\/associationepireuil.fr\/?post_type=product&#038;p=3188"},"modified":"2023-05-19T16:25:53","modified_gmt":"2023-05-19T16:25:53","slug":"savon-de-marseille-en-vrac-bio","status":"publish","type":"product","link":"https:\/\/associationepireuil.fr\/?product=savon-de-marseille-en-vrac-bio","title":{"rendered":"Savon de Marseille en vrac Bio"},"content":{"rendered":"<p>Savon de Marseille bio en vrac (copeaux)<\/p>\n<p>&nbsp;<\/p>\n<p>Ce savon, compos\u00e9 essentiellement d&rsquo;huiles v\u00e9g\u00e9tales (g\u00e9n\u00e9ralement huile d&rsquo;olive), a diff\u00e9rents usages.<\/p>\n<p>Retrouvez <a href=\"https:\/\/www.savon-de-marseille.com\/fr\/content\/24-conseils-dutilisation-recettes-avec-le-savon-de-marseille#:~:text=Diluer%20une%20poign\u00e9e%20ou%2020g,bien%20agiter%20avant%20chaque%20utilisation.\" target=\"_blank\" rel=\"noopener\">ici<\/a> diff\u00e9rentes recettes pour r\u00e9aliser de la lessive, du liquide vaisselle, du gel douche, un nettoyant multi-usage&#8230;<\/p>\n<p>A conserver dans un endroit sec et \u00e0 l&rsquo;abri du soleil.<\/p>\n","protected":false},"excerpt":{"rendered":"<p>Savon de Marseille bio en vrac (copeaux) &nbsp; Ce savon, compos\u00e9 essentiellement d&rsquo;huiles v\u00e9g\u00e9tales (g\u00e9n\u00e9ralement huile d&rsquo;olive), a diff\u00e9rents usages. Retrouvez ici diff\u00e9rentes recettes pour r\u00e9aliser de la lessive, du liquide vaisselle, du gel douche, un nettoyant multi-usage&#8230; A conserver<\/p>\n","protected":false},"featured_media":5564,"template":"","meta":{"_eb_attr":""},"product_cat":[50,29],"product_tag":[],"yoast_head":"<!-- This site is optimized with the Yoast SEO plugin v22.2 - https:\/\/yoast.com\/wordpress\/plugins\/seo\/ -->\n<title>Savon de Marseille en vrac Bio -<\/title>\n<meta name=\"description\" content=\"Copeaux de savon de Marseille en vrac\" \/>\n<meta name=\"robots\" content=\"index, follow, max-snippet:-1, max-image-preview:large, max-video-preview:-1\" \/>\n<link rel=\"canonical\" href=\"https:\/\/associationepireuil.fr\/?product=savon-de-marseille-en-vrac-bio\" \/>\n<meta property=\"og:locale\" content=\"fr_FR\" \/>\n<meta property=\"og:type\" content=\"article\" \/>\n<meta property=\"og:title\" content=\"Savon de Marseille en vrac Bio -\" \/>\n<meta property=\"og:description\" content=\"Copeaux de savon de Marseille en vrac\" \/>\n<meta property=\"og:url\" content=\"https:\/\/associationepireuil.fr\/?product=savon-de-marseille-en-vrac-bio\" \/>\n<meta property=\"article:publisher\" content=\"https:\/\/www.facebook.com\/Epireuil\/\" \/>\n<meta property=\"article:modified_time\" content=\"2023-05-19T16:25:53+00:00\" \/>\n<meta property=\"og:image\" content=\"https:\/\/associationepireuil.fr\/wp-content\/uploads\/2020\/05\/Boutique_savon_marseille_bio.jpg\" \/>\n\t<meta property=\"og:image:width\" content=\"800\" \/>\n\t<meta property=\"og:image:height\" content=\"800\" \/>\n\t<meta property=\"og:image:type\" content=\"image\/jpeg\" \/>\n<meta name=\"twitter:card\" content=\"summary_large_image\" \/>\n<meta name=\"twitter:label1\" content=\"Dur\u00e9e de lecture estim\u00e9e\" \/>\n\t<meta name=\"twitter:data1\" content=\"1 minute\" \/>\n<script type=\"application\/ld+json\" class=\"yoast-schema-graph\">{\"@context\":\"https:\/\/schema.org\",\"@graph\":[{\"@type\":\"WebPage\",\"@id\":\"https:\/\/associationepireuil.fr\/?product=savon-de-marseille-en-vrac-bio\",\"url\":\"https:\/\/associationepireuil.fr\/?product=savon-de-marseille-en-vrac-bio\",\"name\":\"Savon de Marseille en vrac Bio -\",\"isPartOf\":{\"@id\":\"https:\/\/associationepireuil.fr\/#website\"},\"primaryImageOfPage\":{\"@id\":\"https:\/\/associationepireuil.fr\/?product=savon-de-marseille-en-vrac-bio#primaryimage\"},\"image\":{\"@id\":\"https:\/\/associationepireuil.fr\/?product=savon-de-marseille-en-vrac-bio#primaryimage\"},\"thumbnailUrl\":\"https:\/\/associationepireuil.fr\/wp-content\/uploads\/2020\/05\/Boutique_savon_marseille_bio.jpg\",\"datePublished\":\"2020-05-25T08:01:52+00:00\",\"dateModified\":\"2023-05-19T16:25:53+00:00\",\"description\":\"Copeaux de savon de Marseille en vrac\",\"breadcrumb\":{\"@id\":\"https:\/\/associationepireuil.fr\/?product=savon-de-marseille-en-vrac-bio#breadcrumb\"},\"inLanguage\":\"fr-FR\",\"potentialAction\":[{\"@type\":\"ReadAction\",\"target\":[\"https:\/\/associationepireuil.fr\/?product=savon-de-marseille-en-vrac-bio\"]}]},{\"@type\":\"ImageObject\",\"inLanguage\":\"fr-FR\",\"@id\":\"https:\/\/associationepireuil.fr\/?product=savon-de-marseille-en-vrac-bio#primaryimage\",\"url\":\"https:\/\/associationepireuil.fr\/wp-content\/uploads\/2020\/05\/Boutique_savon_marseille_bio.jpg\",\"contentUrl\":\"https:\/\/associationepireuil.fr\/wp-content\/uploads\/2020\/05\/Boutique_savon_marseille_bio.jpg\",\"width\":800,\"height\":800,\"caption\":\"Boutique Epireuil - Savon de Marseille en vrac\"},{\"@type\":\"BreadcrumbList\",\"@id\":\"https:\/\/associationepireuil.fr\/?product=savon-de-marseille-en-vrac-bio#breadcrumb\",\"itemListElement\":[{\"@type\":\"ListItem\",\"position\":1,\"name\":\"Accueil\",\"item\":\"https:\/\/associationepireuil.fr\/\"},{\"@type\":\"ListItem\",\"position\":2,\"name\":\"Boutique\",\"item\":\"https:\/\/associationepireuil.fr\/?page_id=1295\"},{\"@type\":\"ListItem\",\"position\":3,\"name\":\"Savon de Marseille en vrac Bio\"}]},{\"@type\":\"WebSite\",\"@id\":\"https:\/\/associationepireuil.fr\/#website\",\"url\":\"https:\/\/associationepireuil.fr\/\",\"name\":\"\",\"description\":\"\",\"potentialAction\":[{\"@type\":\"SearchAction\",\"target\":{\"@type\":\"EntryPoint\",\"urlTemplate\":\"https:\/\/associationepireuil.fr\/?s={search_term_string}\"},\"query-input\":\"required name=search_term_string\"}],\"inLanguage\":\"fr-FR\"}]}<\/script>\n<!-- \/ Yoast SEO plugin. -->","yoast_head_json":{"title":"Savon de Marseille en vrac Bio -","description":"Copeaux de savon de Marseille en vrac","robots":{"index":"index","follow":"follow","max-snippet":"max-snippet:-1","max-image-preview":"max-image-preview:large","max-video-preview":"max-video-preview:-1"},"canonical":"https:\/\/associationepireuil.fr\/?product=savon-de-marseille-en-vrac-bio","og_locale":"fr_FR","og_type":"article","og_title":"Savon de Marseille en vrac Bio -","og_description":"Copeaux de savon de Marseille en vrac","og_url":"https:\/\/associationepireuil.fr\/?product=savon-de-marseille-en-vrac-bio","article_publisher":"https:\/\/www.facebook.com\/Epireuil\/","article_modified_time":"2023-05-19T16:25:53+00:00","og_image":[{"width":800,"height":800,"url":"https:\/\/associationepireuil.fr\/wp-content\/uploads\/2020\/05\/Boutique_savon_marseille_bio.jpg","type":"image\/jpeg"}],"twitter_card":"summary_large_image","twitter_misc":{"Dur\u00e9e de lecture estim\u00e9e":"1 minute"},"schema":{"@context":"https:\/\/schema.org","@graph":[{"@type":"WebPage","@id":"https:\/\/associationepireuil.fr\/?product=savon-de-marseille-en-vrac-bio","url":"https:\/\/associationepireuil.fr\/?product=savon-de-marseille-en-vrac-bio","name":"Savon de Marseille en vrac Bio -","isPartOf":{"@id":"https:\/\/associationepireuil.fr\/#website"},"primaryImageOfPage":{"@id":"https:\/\/associationepireuil.fr\/?product=savon-de-marseille-en-vrac-bio#primaryimage"},"image":{"@id":"https:\/\/associationepireuil.fr\/?product=savon-de-marseille-en-vrac-bio#primaryimage"},"thumbnailUrl":"https:\/\/associationepireuil.fr\/wp-content\/uploads\/2020\/05\/Boutique_savon_marseille_bio.jpg","datePublished":"2020-05-25T08:01:52+00:00","dateModified":"2023-05-19T16:25:53+00:00","description":"Copeaux de savon de Marseille en vrac","breadcrumb":{"@id":"https:\/\/associationepireuil.fr\/?product=savon-de-marseille-en-vrac-bio#breadcrumb"},"inLanguage":"fr-FR","potentialAction":[{"@type":"ReadAction","target":["https:\/\/associationepireuil.fr\/?product=savon-de-marseille-en-vrac-bio"]}]},{"@type":"ImageObject","inLanguage":"fr-FR","@id":"https:\/\/associationepireuil.fr\/?product=savon-de-marseille-en-vrac-bio#primaryimage","url":"https:\/\/associationepireuil.fr\/wp-content\/uploads\/2020\/05\/Boutique_savon_marseille_bio.jpg","contentUrl":"https:\/\/associationepireuil.fr\/wp-content\/uploads\/2020\/05\/Boutique_savon_marseille_bio.jpg","width":800,"height":800,"caption":"Boutique Epireuil - Savon de Marseille en vrac"},{"@type":"BreadcrumbList","@id":"https:\/\/associationepireuil.fr\/?product=savon-de-marseille-en-vrac-bio#breadcrumb","itemListElement":[{"@type":"ListItem","position":1,"name":"Accueil","item":"https:\/\/associationepireuil.fr\/"},{"@type":"ListItem","position":2,"name":"Boutique","item":"https:\/\/associationepireuil.fr\/?page_id=1295"},{"@type":"ListItem","position":3,"name":"Savon de Marseille en vrac Bio"}]},{"@type":"WebSite","@id":"https:\/\/associationepireuil.fr\/#website","url":"https:\/\/associationepireuil.fr\/","name":"","description":"","potentialAction":[{"@type":"SearchAction","target":{"@type":"EntryPoint","urlTemplate":"https:\/\/associationepireuil.fr\/?s={search_term_string}"},"query-input":"required name=search_term_string"}],"inLanguage":"fr-FR"}]}},"_links":{"self":[{"href":"https:\/\/associationepireuil.fr\/index.php?rest_route=\/wp\/v2\/product\/3188"}],"collection":[{"href":"https:\/\/associationepireuil.fr\/index.php?rest_route=\/wp\/v2\/product"}],"about":[{"href":"https:\/\/associationepireuil.fr\/index.php?rest_route=\/wp\/v2\/types\/product"}],"wp:featuredmedia":[{"embeddable":true,"href":"https:\/\/associationepireuil.fr\/index.php?rest_route=\/wp\/v2\/media\/5564"}],"wp:attachment":[{"href":"https:\/\/associationepireuil.fr\/index.php?rest_route=%2Fwp%2Fv2%2Fmedia&parent=3188"}],"wp:term":[{"taxonomy":"product_cat","embeddable":true,"href":"https:\/\/associationepireuil.fr\/index.php?rest_route=%2Fwp%2Fv2%2Fproduct_cat&post=3188"},{"taxonomy":"product_tag","embeddable":true,"href":"https:\/\/associationepireuil.fr\/index.php?rest_route=%2Fwp%2Fv2%2Fproduct_tag&post=3188"}],"curies":[{"name":"wp","href":"https:\/\/api.w.org\/{rel}","templated":true}]}}