{"id":3773,"date":"2021-02-26T16:53:45","date_gmt":"2021-02-26T16:53:45","guid":{"rendered":"http:\/\/associationepireuil.fr\/?post_type=product&#038;p=3773"},"modified":"2023-01-10T10:04:13","modified_gmt":"2023-01-10T10:04:13","slug":"poisson-frais-poids","status":"publish","type":"product","link":"https:\/\/associationepireuil.fr\/?product=poisson-frais-poids","title":{"rendered":"Poisson frais au poids (selon arrivage)"},"content":{"rendered":"<p>Poisson frais vendu au poids (selon arrivage)<\/p>\n<p>&nbsp;<\/p>\n<p><a href=\"https:\/\/www.mangerbouger.fr\/?xtor=SEC-148-GOO&amp;gclid=CjwKCAiAv9ucBhBXEiwA6N8nYOjMptVsJU3glO4TNj3AFaEGJmAmNA0TwwC0QZv2hUA4fZSeWab5-RoCig8QAvD_BwE&amp;gclsrc=aw.ds\" target=\"_blank\" rel=\"noopener\">Manger mieux \u2013 Bouger plus<\/a> : retrouvez ici des id\u00e9es de recettes et des activit\u00e9s.<\/p>\n<p>Et n\u2019oubliez pas : Epireuil propose des activit\u00e9s Cuisine et Sport \u00e0 destination de ses b\u00e9n\u00e9ficiaires. N\u2019h\u00e9sitez pas \u00e0 vous renseigner pour conna\u00eetre le calendrier des ateliers et vous inscrire pour un super moment de convivialit\u00e9.<\/p>\n<p>&nbsp;<\/p>\n","protected":false},"excerpt":{"rendered":"<p>Poisson frais vendu au poids (selon arrivage) &nbsp; Manger mieux \u2013 Bouger plus : retrouvez ici des id\u00e9es de recettes et des activit\u00e9s. Et n\u2019oubliez pas : Epireuil propose des activit\u00e9s Cuisine et Sport \u00e0 destination de ses b\u00e9n\u00e9ficiaires. N\u2019h\u00e9sitez<\/p>\n","protected":false},"featured_media":5444,"template":"","meta":{"_eb_attr":""},"product_cat":[63],"product_tag":[],"yoast_head":"<!-- This site is optimized with the Yoast SEO plugin v22.2 - https:\/\/yoast.com\/wordpress\/plugins\/seo\/ -->\n<title>Poisson frais au poids (selon arrivage) -<\/title>\n<meta name=\"description\" content=\"Poisson frais vendu au poids selon arrivage\" \/>\n<meta name=\"robots\" content=\"index, follow, max-snippet:-1, max-image-preview:large, max-video-preview:-1\" \/>\n<link rel=\"canonical\" href=\"https:\/\/associationepireuil.fr\/?product=poisson-frais-poids\" \/>\n<meta property=\"og:locale\" content=\"fr_FR\" \/>\n<meta property=\"og:type\" content=\"article\" \/>\n<meta property=\"og:title\" content=\"Poisson frais au poids (selon arrivage) -\" \/>\n<meta property=\"og:description\" content=\"Poisson frais vendu au poids selon arrivage\" \/>\n<meta property=\"og:url\" content=\"https:\/\/associationepireuil.fr\/?product=poisson-frais-poids\" \/>\n<meta property=\"article:publisher\" content=\"https:\/\/www.facebook.com\/Epireuil\/\" \/>\n<meta property=\"article:modified_time\" content=\"2023-01-10T10:04:13+00:00\" \/>\n<meta property=\"og:image\" content=\"https:\/\/associationepireuil.fr\/wp-content\/uploads\/2021\/02\/Boutique_poisson_frais.jpg\" \/>\n\t<meta property=\"og:image:width\" content=\"800\" \/>\n\t<meta property=\"og:image:height\" content=\"800\" \/>\n\t<meta property=\"og:image:type\" content=\"image\/jpeg\" \/>\n<meta name=\"twitter:card\" content=\"summary_large_image\" \/>\n<meta name=\"twitter:label1\" content=\"Dur\u00e9e de lecture estim\u00e9e\" \/>\n\t<meta name=\"twitter:data1\" content=\"1 minute\" \/>\n<script type=\"application\/ld+json\" class=\"yoast-schema-graph\">{\"@context\":\"https:\/\/schema.org\",\"@graph\":[{\"@type\":\"WebPage\",\"@id\":\"https:\/\/associationepireuil.fr\/?product=poisson-frais-poids\",\"url\":\"https:\/\/associationepireuil.fr\/?product=poisson-frais-poids\",\"name\":\"Poisson frais au poids (selon arrivage) -\",\"isPartOf\":{\"@id\":\"https:\/\/associationepireuil.fr\/#website\"},\"primaryImageOfPage\":{\"@id\":\"https:\/\/associationepireuil.fr\/?product=poisson-frais-poids#primaryimage\"},\"image\":{\"@id\":\"https:\/\/associationepireuil.fr\/?product=poisson-frais-poids#primaryimage\"},\"thumbnailUrl\":\"https:\/\/associationepireuil.fr\/wp-content\/uploads\/2021\/02\/Boutique_poisson_frais.jpg\",\"datePublished\":\"2021-02-26T16:53:45+00:00\",\"dateModified\":\"2023-01-10T10:04:13+00:00\",\"description\":\"Poisson frais vendu au poids selon arrivage\",\"breadcrumb\":{\"@id\":\"https:\/\/associationepireuil.fr\/?product=poisson-frais-poids#breadcrumb\"},\"inLanguage\":\"fr-FR\",\"potentialAction\":[{\"@type\":\"ReadAction\",\"target\":[\"https:\/\/associationepireuil.fr\/?product=poisson-frais-poids\"]}]},{\"@type\":\"ImageObject\",\"inLanguage\":\"fr-FR\",\"@id\":\"https:\/\/associationepireuil.fr\/?product=poisson-frais-poids#primaryimage\",\"url\":\"https:\/\/associationepireuil.fr\/wp-content\/uploads\/2021\/02\/Boutique_poisson_frais.jpg\",\"contentUrl\":\"https:\/\/associationepireuil.fr\/wp-content\/uploads\/2021\/02\/Boutique_poisson_frais.jpg\",\"width\":800,\"height\":800,\"caption\":\"Poisson frais vendu au poids\"},{\"@type\":\"BreadcrumbList\",\"@id\":\"https:\/\/associationepireuil.fr\/?product=poisson-frais-poids#breadcrumb\",\"itemListElement\":[{\"@type\":\"ListItem\",\"position\":1,\"name\":\"Accueil\",\"item\":\"https:\/\/associationepireuil.fr\/\"},{\"@type\":\"ListItem\",\"position\":2,\"name\":\"Boutique\",\"item\":\"https:\/\/associationepireuil.fr\/?page_id=1295\"},{\"@type\":\"ListItem\",\"position\":3,\"name\":\"Poisson frais au poids (selon arrivage)\"}]},{\"@type\":\"WebSite\",\"@id\":\"https:\/\/associationepireuil.fr\/#website\",\"url\":\"https:\/\/associationepireuil.fr\/\",\"name\":\"\",\"description\":\"\",\"potentialAction\":[{\"@type\":\"SearchAction\",\"target\":{\"@type\":\"EntryPoint\",\"urlTemplate\":\"https:\/\/associationepireuil.fr\/?s={search_term_string}\"},\"query-input\":\"required name=search_term_string\"}],\"inLanguage\":\"fr-FR\"}]}<\/script>\n<!-- \/ Yoast SEO plugin. -->","yoast_head_json":{"title":"Poisson frais au poids (selon arrivage) -","description":"Poisson frais vendu au poids selon arrivage","robots":{"index":"index","follow":"follow","max-snippet":"max-snippet:-1","max-image-preview":"max-image-preview:large","max-video-preview":"max-video-preview:-1"},"canonical":"https:\/\/associationepireuil.fr\/?product=poisson-frais-poids","og_locale":"fr_FR","og_type":"article","og_title":"Poisson frais au poids (selon arrivage) -","og_description":"Poisson frais vendu au poids selon arrivage","og_url":"https:\/\/associationepireuil.fr\/?product=poisson-frais-poids","article_publisher":"https:\/\/www.facebook.com\/Epireuil\/","article_modified_time":"2023-01-10T10:04:13+00:00","og_image":[{"width":800,"height":800,"url":"https:\/\/associationepireuil.fr\/wp-content\/uploads\/2021\/02\/Boutique_poisson_frais.jpg","type":"image\/jpeg"}],"twitter_card":"summary_large_image","twitter_misc":{"Dur\u00e9e de lecture estim\u00e9e":"1 minute"},"schema":{"@context":"https:\/\/schema.org","@graph":[{"@type":"WebPage","@id":"https:\/\/associationepireuil.fr\/?product=poisson-frais-poids","url":"https:\/\/associationepireuil.fr\/?product=poisson-frais-poids","name":"Poisson frais au poids (selon arrivage) -","isPartOf":{"@id":"https:\/\/associationepireuil.fr\/#website"},"primaryImageOfPage":{"@id":"https:\/\/associationepireuil.fr\/?product=poisson-frais-poids#primaryimage"},"image":{"@id":"https:\/\/associationepireuil.fr\/?product=poisson-frais-poids#primaryimage"},"thumbnailUrl":"https:\/\/associationepireuil.fr\/wp-content\/uploads\/2021\/02\/Boutique_poisson_frais.jpg","datePublished":"2021-02-26T16:53:45+00:00","dateModified":"2023-01-10T10:04:13+00:00","description":"Poisson frais vendu au poids selon arrivage","breadcrumb":{"@id":"https:\/\/associationepireuil.fr\/?product=poisson-frais-poids#breadcrumb"},"inLanguage":"fr-FR","potentialAction":[{"@type":"ReadAction","target":["https:\/\/associationepireuil.fr\/?product=poisson-frais-poids"]}]},{"@type":"ImageObject","inLanguage":"fr-FR","@id":"https:\/\/associationepireuil.fr\/?product=poisson-frais-poids#primaryimage","url":"https:\/\/associationepireuil.fr\/wp-content\/uploads\/2021\/02\/Boutique_poisson_frais.jpg","contentUrl":"https:\/\/associationepireuil.fr\/wp-content\/uploads\/2021\/02\/Boutique_poisson_frais.jpg","width":800,"height":800,"caption":"Poisson frais vendu au poids"},{"@type":"BreadcrumbList","@id":"https:\/\/associationepireuil.fr\/?product=poisson-frais-poids#breadcrumb","itemListElement":[{"@type":"ListItem","position":1,"name":"Accueil","item":"https:\/\/associationepireuil.fr\/"},{"@type":"ListItem","position":2,"name":"Boutique","item":"https:\/\/associationepireuil.fr\/?page_id=1295"},{"@type":"ListItem","position":3,"name":"Poisson frais au poids (selon arrivage)"}]},{"@type":"WebSite","@id":"https:\/\/associationepireuil.fr\/#website","url":"https:\/\/associationepireuil.fr\/","name":"","description":"","potentialAction":[{"@type":"SearchAction","target":{"@type":"EntryPoint","urlTemplate":"https:\/\/associationepireuil.fr\/?s={search_term_string}"},"query-input":"required name=search_term_string"}],"inLanguage":"fr-FR"}]}},"_links":{"self":[{"href":"https:\/\/associationepireuil.fr\/index.php?rest_route=\/wp\/v2\/product\/3773"}],"collection":[{"href":"https:\/\/associationepireuil.fr\/index.php?rest_route=\/wp\/v2\/product"}],"about":[{"href":"https:\/\/associationepireuil.fr\/index.php?rest_route=\/wp\/v2\/types\/product"}],"wp:featuredmedia":[{"embeddable":true,"href":"https:\/\/associationepireuil.fr\/index.php?rest_route=\/wp\/v2\/media\/5444"}],"wp:attachment":[{"href":"https:\/\/associationepireuil.fr\/index.php?rest_route=%2Fwp%2Fv2%2Fmedia&parent=3773"}],"wp:term":[{"taxonomy":"product_cat","embeddable":true,"href":"https:\/\/associationepireuil.fr\/index.php?rest_route=%2Fwp%2Fv2%2Fproduct_cat&post=3773"},{"taxonomy":"product_tag","embeddable":true,"href":"https:\/\/associationepireuil.fr\/index.php?rest_route=%2Fwp%2Fv2%2Fproduct_tag&post=3773"}],"curies":[{"name":"wp","href":"https:\/\/api.w.org\/{rel}","templated":true}]}}