{"id":5012,"date":"2022-03-30T09:10:54","date_gmt":"2022-03-30T09:10:54","guid":{"rendered":"https:\/\/associationepireuil.fr\/?post_type=product&#038;p=5012"},"modified":"2023-01-24T09:36:44","modified_gmt":"2023-01-24T09:36:44","slug":"lingettes-bebe","status":"publish","type":"product","link":"https:\/\/associationepireuil.fr\/?product=lingettes-bebe","title":{"rendered":"Lingettes b\u00e9b\u00e9"},"content":{"rendered":"<p>Lingettes pour b\u00e9b\u00e9\u00a0impr\u00e9gn\u00e9es de lait de toilette ou de lotion nettoyante pour le nettoyage occasionnel du visage, des mains ou des fesses du b\u00e9b\u00e9 lors du change.<\/p>\n<p>&nbsp;<\/p>\n<p><strong>Avertissement :<\/strong><\/p>\n<p>Comme pour tout produit de soin pour b\u00e9b\u00e9, lors des premi\u00e8res utilisations, utiliser sur une petite surface de peau en surveillant la r\u00e9action de la peau (en cas de rougeurs ou d\u2019autres sympt\u00f4mes ind\u00e9sirables, ne pas poursuivre l&rsquo;utilisation des lingettes).<\/p>\n<p>A utiliser uniquement de fa\u00e7on occasionnelle (ex : en l&rsquo;absence de point d&rsquo;eau ou en d\u00e9placement).<\/p>\n<p>Bien refermer la bo\u00eete ou le sachet pour \u00e9viter que bact\u00e9ries ou poussi\u00e8res s&rsquo;y glissent.<\/p>\n<p>V\u00e9rifier et appliquer les conditions d&rsquo;utilisation d\u00e9crites sur le conditionnement.<\/p>\n<p>&nbsp;<\/p>\n<p>&nbsp;<\/p>\n","protected":false},"excerpt":{"rendered":"<p>Lingettes pour b\u00e9b\u00e9\u00a0impr\u00e9gn\u00e9es de lait de toilette ou de lotion nettoyante pour le nettoyage occasionnel du visage, des mains ou des fesses du b\u00e9b\u00e9 lors du change. &nbsp; Avertissement : Comme pour tout produit de soin pour b\u00e9b\u00e9, lors des<\/p>\n","protected":false},"featured_media":5487,"template":"","meta":{"_eb_attr":""},"product_cat":[27],"product_tag":[],"yoast_head":"<!-- This site is optimized with the Yoast SEO plugin v22.2 - https:\/\/yoast.com\/wordpress\/plugins\/seo\/ -->\n<title>Lingettes b\u00e9b\u00e9 -<\/title>\n<meta name=\"description\" content=\"Lingettes pour b\u00e9b\u00e9 impr\u00e9gn\u00e9es de lait de toilette ou de lotion nettoyante pour le nettoyage du visage, des mains ou des fesses du b\u00e9b\u00e9 lors du change.\" \/>\n<meta name=\"robots\" content=\"index, follow, max-snippet:-1, max-image-preview:large, max-video-preview:-1\" \/>\n<link rel=\"canonical\" href=\"https:\/\/associationepireuil.fr\/?product=lingettes-bebe\" \/>\n<meta property=\"og:locale\" content=\"fr_FR\" \/>\n<meta property=\"og:type\" content=\"article\" \/>\n<meta property=\"og:title\" content=\"Lingettes b\u00e9b\u00e9 -\" \/>\n<meta property=\"og:description\" content=\"Lingettes pour b\u00e9b\u00e9 impr\u00e9gn\u00e9es de lait de toilette ou de lotion nettoyante pour le nettoyage du visage, des mains ou des fesses du b\u00e9b\u00e9 lors du change.\" \/>\n<meta property=\"og:url\" content=\"https:\/\/associationepireuil.fr\/?product=lingettes-bebe\" \/>\n<meta property=\"article:publisher\" content=\"https:\/\/www.facebook.com\/Epireuil\/\" \/>\n<meta property=\"article:modified_time\" content=\"2023-01-24T09:36:44+00:00\" \/>\n<meta property=\"og:image\" content=\"https:\/\/associationepireuil.fr\/wp-content\/uploads\/2022\/03\/Boutique_lingettes_bebe.jpg\" \/>\n\t<meta property=\"og:image:width\" content=\"800\" \/>\n\t<meta property=\"og:image:height\" content=\"800\" \/>\n\t<meta property=\"og:image:type\" content=\"image\/jpeg\" \/>\n<meta name=\"twitter:card\" content=\"summary_large_image\" \/>\n<meta name=\"twitter:label1\" content=\"Dur\u00e9e de lecture estim\u00e9e\" \/>\n\t<meta name=\"twitter:data1\" content=\"1 minute\" \/>\n<script type=\"application\/ld+json\" class=\"yoast-schema-graph\">{\"@context\":\"https:\/\/schema.org\",\"@graph\":[{\"@type\":\"WebPage\",\"@id\":\"https:\/\/associationepireuil.fr\/?product=lingettes-bebe\",\"url\":\"https:\/\/associationepireuil.fr\/?product=lingettes-bebe\",\"name\":\"Lingettes b\u00e9b\u00e9 -\",\"isPartOf\":{\"@id\":\"https:\/\/associationepireuil.fr\/#website\"},\"primaryImageOfPage\":{\"@id\":\"https:\/\/associationepireuil.fr\/?product=lingettes-bebe#primaryimage\"},\"image\":{\"@id\":\"https:\/\/associationepireuil.fr\/?product=lingettes-bebe#primaryimage\"},\"thumbnailUrl\":\"https:\/\/associationepireuil.fr\/wp-content\/uploads\/2022\/03\/Boutique_lingettes_bebe.jpg\",\"datePublished\":\"2022-03-30T09:10:54+00:00\",\"dateModified\":\"2023-01-24T09:36:44+00:00\",\"description\":\"Lingettes pour b\u00e9b\u00e9 impr\u00e9gn\u00e9es de lait de toilette ou de lotion nettoyante pour le nettoyage du visage, des mains ou des fesses du b\u00e9b\u00e9 lors du change.\",\"breadcrumb\":{\"@id\":\"https:\/\/associationepireuil.fr\/?product=lingettes-bebe#breadcrumb\"},\"inLanguage\":\"fr-FR\",\"potentialAction\":[{\"@type\":\"ReadAction\",\"target\":[\"https:\/\/associationepireuil.fr\/?product=lingettes-bebe\"]}]},{\"@type\":\"ImageObject\",\"inLanguage\":\"fr-FR\",\"@id\":\"https:\/\/associationepireuil.fr\/?product=lingettes-bebe#primaryimage\",\"url\":\"https:\/\/associationepireuil.fr\/wp-content\/uploads\/2022\/03\/Boutique_lingettes_bebe.jpg\",\"contentUrl\":\"https:\/\/associationepireuil.fr\/wp-content\/uploads\/2022\/03\/Boutique_lingettes_bebe.jpg\",\"width\":800,\"height\":800,\"caption\":\"Lingettes pour b\u00e9b\u00e9\"},{\"@type\":\"BreadcrumbList\",\"@id\":\"https:\/\/associationepireuil.fr\/?product=lingettes-bebe#breadcrumb\",\"itemListElement\":[{\"@type\":\"ListItem\",\"position\":1,\"name\":\"Accueil\",\"item\":\"https:\/\/associationepireuil.fr\/\"},{\"@type\":\"ListItem\",\"position\":2,\"name\":\"Boutique\",\"item\":\"https:\/\/associationepireuil.fr\/?page_id=1295\"},{\"@type\":\"ListItem\",\"position\":3,\"name\":\"Lingettes b\u00e9b\u00e9\"}]},{\"@type\":\"WebSite\",\"@id\":\"https:\/\/associationepireuil.fr\/#website\",\"url\":\"https:\/\/associationepireuil.fr\/\",\"name\":\"\",\"description\":\"\",\"potentialAction\":[{\"@type\":\"SearchAction\",\"target\":{\"@type\":\"EntryPoint\",\"urlTemplate\":\"https:\/\/associationepireuil.fr\/?s={search_term_string}\"},\"query-input\":\"required name=search_term_string\"}],\"inLanguage\":\"fr-FR\"}]}<\/script>\n<!-- \/ Yoast SEO plugin. -->","yoast_head_json":{"title":"Lingettes b\u00e9b\u00e9 -","description":"Lingettes pour b\u00e9b\u00e9 impr\u00e9gn\u00e9es de lait de toilette ou de lotion nettoyante pour le nettoyage du visage, des mains ou des fesses du b\u00e9b\u00e9 lors du change.","robots":{"index":"index","follow":"follow","max-snippet":"max-snippet:-1","max-image-preview":"max-image-preview:large","max-video-preview":"max-video-preview:-1"},"canonical":"https:\/\/associationepireuil.fr\/?product=lingettes-bebe","og_locale":"fr_FR","og_type":"article","og_title":"Lingettes b\u00e9b\u00e9 -","og_description":"Lingettes pour b\u00e9b\u00e9 impr\u00e9gn\u00e9es de lait de toilette ou de lotion nettoyante pour le nettoyage du visage, des mains ou des fesses du b\u00e9b\u00e9 lors du change.","og_url":"https:\/\/associationepireuil.fr\/?product=lingettes-bebe","article_publisher":"https:\/\/www.facebook.com\/Epireuil\/","article_modified_time":"2023-01-24T09:36:44+00:00","og_image":[{"width":800,"height":800,"url":"https:\/\/associationepireuil.fr\/wp-content\/uploads\/2022\/03\/Boutique_lingettes_bebe.jpg","type":"image\/jpeg"}],"twitter_card":"summary_large_image","twitter_misc":{"Dur\u00e9e de lecture estim\u00e9e":"1 minute"},"schema":{"@context":"https:\/\/schema.org","@graph":[{"@type":"WebPage","@id":"https:\/\/associationepireuil.fr\/?product=lingettes-bebe","url":"https:\/\/associationepireuil.fr\/?product=lingettes-bebe","name":"Lingettes b\u00e9b\u00e9 -","isPartOf":{"@id":"https:\/\/associationepireuil.fr\/#website"},"primaryImageOfPage":{"@id":"https:\/\/associationepireuil.fr\/?product=lingettes-bebe#primaryimage"},"image":{"@id":"https:\/\/associationepireuil.fr\/?product=lingettes-bebe#primaryimage"},"thumbnailUrl":"https:\/\/associationepireuil.fr\/wp-content\/uploads\/2022\/03\/Boutique_lingettes_bebe.jpg","datePublished":"2022-03-30T09:10:54+00:00","dateModified":"2023-01-24T09:36:44+00:00","description":"Lingettes pour b\u00e9b\u00e9 impr\u00e9gn\u00e9es de lait de toilette ou de lotion nettoyante pour le nettoyage du visage, des mains ou des fesses du b\u00e9b\u00e9 lors du change.","breadcrumb":{"@id":"https:\/\/associationepireuil.fr\/?product=lingettes-bebe#breadcrumb"},"inLanguage":"fr-FR","potentialAction":[{"@type":"ReadAction","target":["https:\/\/associationepireuil.fr\/?product=lingettes-bebe"]}]},{"@type":"ImageObject","inLanguage":"fr-FR","@id":"https:\/\/associationepireuil.fr\/?product=lingettes-bebe#primaryimage","url":"https:\/\/associationepireuil.fr\/wp-content\/uploads\/2022\/03\/Boutique_lingettes_bebe.jpg","contentUrl":"https:\/\/associationepireuil.fr\/wp-content\/uploads\/2022\/03\/Boutique_lingettes_bebe.jpg","width":800,"height":800,"caption":"Lingettes pour b\u00e9b\u00e9"},{"@type":"BreadcrumbList","@id":"https:\/\/associationepireuil.fr\/?product=lingettes-bebe#breadcrumb","itemListElement":[{"@type":"ListItem","position":1,"name":"Accueil","item":"https:\/\/associationepireuil.fr\/"},{"@type":"ListItem","position":2,"name":"Boutique","item":"https:\/\/associationepireuil.fr\/?page_id=1295"},{"@type":"ListItem","position":3,"name":"Lingettes b\u00e9b\u00e9"}]},{"@type":"WebSite","@id":"https:\/\/associationepireuil.fr\/#website","url":"https:\/\/associationepireuil.fr\/","name":"","description":"","potentialAction":[{"@type":"SearchAction","target":{"@type":"EntryPoint","urlTemplate":"https:\/\/associationepireuil.fr\/?s={search_term_string}"},"query-input":"required name=search_term_string"}],"inLanguage":"fr-FR"}]}},"_links":{"self":[{"href":"https:\/\/associationepireuil.fr\/index.php?rest_route=\/wp\/v2\/product\/5012"}],"collection":[{"href":"https:\/\/associationepireuil.fr\/index.php?rest_route=\/wp\/v2\/product"}],"about":[{"href":"https:\/\/associationepireuil.fr\/index.php?rest_route=\/wp\/v2\/types\/product"}],"wp:featuredmedia":[{"embeddable":true,"href":"https:\/\/associationepireuil.fr\/index.php?rest_route=\/wp\/v2\/media\/5487"}],"wp:attachment":[{"href":"https:\/\/associationepireuil.fr\/index.php?rest_route=%2Fwp%2Fv2%2Fmedia&parent=5012"}],"wp:term":[{"taxonomy":"product_cat","embeddable":true,"href":"https:\/\/associationepireuil.fr\/index.php?rest_route=%2Fwp%2Fv2%2Fproduct_cat&post=5012"},{"taxonomy":"product_tag","embeddable":true,"href":"https:\/\/associationepireuil.fr\/index.php?rest_route=%2Fwp%2Fv2%2Fproduct_tag&post=5012"}],"curies":[{"name":"wp","href":"https:\/\/api.w.org\/{rel}","templated":true}]}}