{"id":5766,"date":"2023-07-18T10:47:27","date_gmt":"2023-07-18T10:47:27","guid":{"rendered":"https:\/\/associationepireuil.fr\/?post_type=product&#038;p=5766"},"modified":"2023-08-22T09:16:08","modified_gmt":"2023-08-22T09:16:08","slug":"polenta","status":"publish","type":"product","link":"https:\/\/associationepireuil.fr\/?product=polenta","title":{"rendered":"Polenta"},"content":{"rendered":"<p>Polenta (aliment d&rsquo;origine italienne \u00e0 base de farine de ma\u00efs ou d&rsquo;autres c\u00e9r\u00e9ales)<\/p>\n","protected":false},"excerpt":{"rendered":"<p>Polenta (aliment d&rsquo;origine italienne \u00e0 base de farine de ma\u00efs ou d&rsquo;autres c\u00e9r\u00e9ales)<\/p>\n","protected":false},"featured_media":5791,"template":"","meta":{"_eb_attr":""},"product_cat":[31],"product_tag":[],"yoast_head":"<!-- This site is optimized with the Yoast SEO plugin v22.2 - https:\/\/yoast.com\/wordpress\/plugins\/seo\/ -->\n<title>Polenta -<\/title>\n<meta name=\"description\" content=\"Polenta\" \/>\n<meta name=\"robots\" content=\"index, follow, max-snippet:-1, max-image-preview:large, max-video-preview:-1\" \/>\n<link rel=\"canonical\" href=\"https:\/\/associationepireuil.fr\/?product=polenta\" \/>\n<meta property=\"og:locale\" content=\"fr_FR\" \/>\n<meta property=\"og:type\" content=\"article\" \/>\n<meta property=\"og:title\" content=\"Polenta -\" \/>\n<meta property=\"og:description\" content=\"Polenta\" \/>\n<meta property=\"og:url\" content=\"https:\/\/associationepireuil.fr\/?product=polenta\" \/>\n<meta property=\"article:publisher\" content=\"https:\/\/www.facebook.com\/Epireuil\/\" \/>\n<meta property=\"article:modified_time\" content=\"2023-08-22T09:16:08+00:00\" \/>\n<meta property=\"og:image\" content=\"https:\/\/associationepireuil.fr\/wp-content\/uploads\/2023\/07\/Boutique_polenta.jpg\" \/>\n\t<meta property=\"og:image:width\" content=\"800\" \/>\n\t<meta property=\"og:image:height\" content=\"800\" \/>\n\t<meta property=\"og:image:type\" content=\"image\/jpeg\" \/>\n<meta name=\"twitter:card\" content=\"summary_large_image\" \/>\n<meta name=\"twitter:label1\" content=\"Dur\u00e9e de lecture estim\u00e9e\" \/>\n\t<meta name=\"twitter:data1\" content=\"1 minute\" \/>\n<script type=\"application\/ld+json\" class=\"yoast-schema-graph\">{\"@context\":\"https:\/\/schema.org\",\"@graph\":[{\"@type\":\"WebPage\",\"@id\":\"https:\/\/associationepireuil.fr\/?product=polenta\",\"url\":\"https:\/\/associationepireuil.fr\/?product=polenta\",\"name\":\"Polenta -\",\"isPartOf\":{\"@id\":\"https:\/\/associationepireuil.fr\/#website\"},\"primaryImageOfPage\":{\"@id\":\"https:\/\/associationepireuil.fr\/?product=polenta#primaryimage\"},\"image\":{\"@id\":\"https:\/\/associationepireuil.fr\/?product=polenta#primaryimage\"},\"thumbnailUrl\":\"https:\/\/associationepireuil.fr\/wp-content\/uploads\/2023\/07\/Boutique_polenta.jpg\",\"datePublished\":\"2023-07-18T10:47:27+00:00\",\"dateModified\":\"2023-08-22T09:16:08+00:00\",\"description\":\"Polenta\",\"breadcrumb\":{\"@id\":\"https:\/\/associationepireuil.fr\/?product=polenta#breadcrumb\"},\"inLanguage\":\"fr-FR\",\"potentialAction\":[{\"@type\":\"ReadAction\",\"target\":[\"https:\/\/associationepireuil.fr\/?product=polenta\"]}]},{\"@type\":\"ImageObject\",\"inLanguage\":\"fr-FR\",\"@id\":\"https:\/\/associationepireuil.fr\/?product=polenta#primaryimage\",\"url\":\"https:\/\/associationepireuil.fr\/wp-content\/uploads\/2023\/07\/Boutique_polenta.jpg\",\"contentUrl\":\"https:\/\/associationepireuil.fr\/wp-content\/uploads\/2023\/07\/Boutique_polenta.jpg\",\"width\":800,\"height\":800,\"caption\":\"Boutique Epireuil - Polenta\"},{\"@type\":\"BreadcrumbList\",\"@id\":\"https:\/\/associationepireuil.fr\/?product=polenta#breadcrumb\",\"itemListElement\":[{\"@type\":\"ListItem\",\"position\":1,\"name\":\"Accueil\",\"item\":\"https:\/\/associationepireuil.fr\/\"},{\"@type\":\"ListItem\",\"position\":2,\"name\":\"Boutique\",\"item\":\"https:\/\/associationepireuil.fr\/?page_id=1295\"},{\"@type\":\"ListItem\",\"position\":3,\"name\":\"Polenta\"}]},{\"@type\":\"WebSite\",\"@id\":\"https:\/\/associationepireuil.fr\/#website\",\"url\":\"https:\/\/associationepireuil.fr\/\",\"name\":\"\",\"description\":\"\",\"potentialAction\":[{\"@type\":\"SearchAction\",\"target\":{\"@type\":\"EntryPoint\",\"urlTemplate\":\"https:\/\/associationepireuil.fr\/?s={search_term_string}\"},\"query-input\":\"required name=search_term_string\"}],\"inLanguage\":\"fr-FR\"}]}<\/script>\n<!-- \/ Yoast SEO plugin. -->","yoast_head_json":{"title":"Polenta -","description":"Polenta","robots":{"index":"index","follow":"follow","max-snippet":"max-snippet:-1","max-image-preview":"max-image-preview:large","max-video-preview":"max-video-preview:-1"},"canonical":"https:\/\/associationepireuil.fr\/?product=polenta","og_locale":"fr_FR","og_type":"article","og_title":"Polenta -","og_description":"Polenta","og_url":"https:\/\/associationepireuil.fr\/?product=polenta","article_publisher":"https:\/\/www.facebook.com\/Epireuil\/","article_modified_time":"2023-08-22T09:16:08+00:00","og_image":[{"width":800,"height":800,"url":"https:\/\/associationepireuil.fr\/wp-content\/uploads\/2023\/07\/Boutique_polenta.jpg","type":"image\/jpeg"}],"twitter_card":"summary_large_image","twitter_misc":{"Dur\u00e9e de lecture estim\u00e9e":"1 minute"},"schema":{"@context":"https:\/\/schema.org","@graph":[{"@type":"WebPage","@id":"https:\/\/associationepireuil.fr\/?product=polenta","url":"https:\/\/associationepireuil.fr\/?product=polenta","name":"Polenta -","isPartOf":{"@id":"https:\/\/associationepireuil.fr\/#website"},"primaryImageOfPage":{"@id":"https:\/\/associationepireuil.fr\/?product=polenta#primaryimage"},"image":{"@id":"https:\/\/associationepireuil.fr\/?product=polenta#primaryimage"},"thumbnailUrl":"https:\/\/associationepireuil.fr\/wp-content\/uploads\/2023\/07\/Boutique_polenta.jpg","datePublished":"2023-07-18T10:47:27+00:00","dateModified":"2023-08-22T09:16:08+00:00","description":"Polenta","breadcrumb":{"@id":"https:\/\/associationepireuil.fr\/?product=polenta#breadcrumb"},"inLanguage":"fr-FR","potentialAction":[{"@type":"ReadAction","target":["https:\/\/associationepireuil.fr\/?product=polenta"]}]},{"@type":"ImageObject","inLanguage":"fr-FR","@id":"https:\/\/associationepireuil.fr\/?product=polenta#primaryimage","url":"https:\/\/associationepireuil.fr\/wp-content\/uploads\/2023\/07\/Boutique_polenta.jpg","contentUrl":"https:\/\/associationepireuil.fr\/wp-content\/uploads\/2023\/07\/Boutique_polenta.jpg","width":800,"height":800,"caption":"Boutique Epireuil - Polenta"},{"@type":"BreadcrumbList","@id":"https:\/\/associationepireuil.fr\/?product=polenta#breadcrumb","itemListElement":[{"@type":"ListItem","position":1,"name":"Accueil","item":"https:\/\/associationepireuil.fr\/"},{"@type":"ListItem","position":2,"name":"Boutique","item":"https:\/\/associationepireuil.fr\/?page_id=1295"},{"@type":"ListItem","position":3,"name":"Polenta"}]},{"@type":"WebSite","@id":"https:\/\/associationepireuil.fr\/#website","url":"https:\/\/associationepireuil.fr\/","name":"","description":"","potentialAction":[{"@type":"SearchAction","target":{"@type":"EntryPoint","urlTemplate":"https:\/\/associationepireuil.fr\/?s={search_term_string}"},"query-input":"required name=search_term_string"}],"inLanguage":"fr-FR"}]}},"_links":{"self":[{"href":"https:\/\/associationepireuil.fr\/index.php?rest_route=\/wp\/v2\/product\/5766"}],"collection":[{"href":"https:\/\/associationepireuil.fr\/index.php?rest_route=\/wp\/v2\/product"}],"about":[{"href":"https:\/\/associationepireuil.fr\/index.php?rest_route=\/wp\/v2\/types\/product"}],"wp:featuredmedia":[{"embeddable":true,"href":"https:\/\/associationepireuil.fr\/index.php?rest_route=\/wp\/v2\/media\/5791"}],"wp:attachment":[{"href":"https:\/\/associationepireuil.fr\/index.php?rest_route=%2Fwp%2Fv2%2Fmedia&parent=5766"}],"wp:term":[{"taxonomy":"product_cat","embeddable":true,"href":"https:\/\/associationepireuil.fr\/index.php?rest_route=%2Fwp%2Fv2%2Fproduct_cat&post=5766"},{"taxonomy":"product_tag","embeddable":true,"href":"https:\/\/associationepireuil.fr\/index.php?rest_route=%2Fwp%2Fv2%2Fproduct_tag&post=5766"}],"curies":[{"name":"wp","href":"https:\/\/api.w.org\/{rel}","templated":true}]}}